{"id":34253,"date":"2024-09-17T10:10:50","date_gmt":"2024-09-17T13:10:50","guid":{"rendered":"https:\/\/conversys.global\/?page_id=34253"},"modified":"2024-09-17T17:48:01","modified_gmt":"2024-09-17T20:48:01","slug":"denuncia","status":"publish","type":"page","link":"https:\/\/conversys.global\/en\/denuncia\/","title":{"rendered":"Complaints"},"content":{"rendered":"<div class=\"wpb-content-wrapper\"><section id=\"contato-form\" class=\"vc_section\"><div class=\"vc_row wpb_row vc_row-fluid\"><div class=\"wpb_column vc_column_container vc_col-sm-4\"><div class=\"vc_column-inner\"><div class=\"wpb_wrapper\">\n\t<div class=\"wpb_text_column wpb_content_element\" >\n\t\t<div class=\"wpb_wrapper\">\n\t\t\t<p>We value an environment of integrity, warmth and freedom from harassment, discrimination of any kind, corruption and irregularities. If you have experienced any situation in our work environment in which your safety has been compromised, please report it to our reporting channel. We guarantee your anonymity, privacy and that the case will be dealt with by an external compliance committee.<\/p>\n\n\t\t<\/div>\n\t<\/div>\n<\/div><\/div><\/div><div class=\"wpb_column vc_column_container vc_col-sm-8\"><div class=\"vc_column-inner\"><div class=\"wpb_wrapper\">\n<div class=\"wpcf7 no-js\" id=\"wpcf7-f34257-o1\" lang=\"pt-BR\" dir=\"ltr\" data-wpcf7-id=\"34257\">\n<div class=\"screen-reader-response\"><p role=\"status\" aria-live=\"polite\" aria-atomic=\"true\"><\/p> <ul><\/ul><\/div>\n<form action=\"\/en\/wp-json\/wp\/v2\/pages\/34253#wpcf7-f34257-o1\" method=\"post\" class=\"wpcf7-form init\" aria-label=\"Contact forms\" novalidate=\"novalidate\" data-status=\"init\" data-trp-original-action=\"\/en\/wp-json\/wp\/v2\/pages\/34253#wpcf7-f34257-o1\">\n<div style=\"display: none;\">\n<input type=\"hidden\" name=\"_wpcf7\" value=\"34257\" \/>\n<input type=\"hidden\" name=\"_wpcf7_version\" value=\"6.0.6\" \/>\n<input type=\"hidden\" name=\"_wpcf7_locale\" value=\"pt_BR\" \/>\n<input type=\"hidden\" name=\"_wpcf7_unit_tag\" value=\"wpcf7-f34257-o1\" \/>\n<input type=\"hidden\" name=\"_wpcf7_container_post\" value=\"0\" \/>\n<input type=\"hidden\" name=\"_wpcf7_posted_data_hash\" value=\"\" \/>\n<\/div>\n<div class=\"row\">\n<div class=\"col-12\"><span class=\"wpcf7-form-control-wrap\" data-name=\"nome\"><input size=\"40\" maxlength=\"400\" class=\"wpcf7-form-control wpcf7-text\" aria-invalid=\"false\" placeholder=\"Name (optional)\" value=\"\" type=\"text\" name=\"nome\" \/><\/span><\/div>\n<div class=\"col-12\"><span class=\"wpcf7-form-control-wrap\" data-name=\"email\"><input size=\"40\" maxlength=\"400\" class=\"wpcf7-form-control wpcf7-email wpcf7-text wpcf7-validates-as-email\" aria-invalid=\"false\" placeholder=\"E-mail (optional)\" value=\"\" type=\"email\" name=\"email\" \/><\/span><\/div>\n<div class=\"col-12\"><span class=\"wpcf7-form-control-wrap\" data-name=\"assunto\"><input size=\"40\" maxlength=\"400\" class=\"wpcf7-form-control wpcf7-text wpcf7-validates-as-required\" aria-required=\"true\" aria-invalid=\"false\" placeholder=\"Subject\" value=\"\" type=\"text\" name=\"assunto\" \/><\/span><\/div>\n<div class=\"col-12\"><span class=\"wpcf7-form-control-wrap\" data-name=\"msg\"><textarea cols=\"40\" rows=\"10\" maxlength=\"2000\" class=\"wpcf7-form-control wpcf7-textarea wpcf7-validates-as-required\" aria-required=\"true\" aria-invalid=\"false\" placeholder=\"Message\" name=\"msg\"><\/textarea><\/span><\/div>\n<div class=\"col-12\"><span class=\"wpcf7-form-control-wrap\" data-name=\"aceito\"><span class=\"wpcf7-form-control wpcf7-acceptance\"><span class=\"wpcf7-list-item\"><label><input type=\"checkbox\" name=\"aceito\" value=\"1\" aria-invalid=\"false\" \/><span class=\"wpcf7-list-item-label\">By sending this message I confirm that I have read and agreed to the <a href=\"https:\/\/conversys.global\/en\/politica-de-privacidade\/\">Privacy Policy<\/a>.<\/span><\/label><\/span><\/span><\/span><\/div>\n<div class=\"col-12\"><div class=\"bt\"><button type=\"submit\">Send<\/button><\/div><\/div>\n<\/div><div class=\"wpcf7-response-output\" aria-hidden=\"true\"><\/div>\n<input type=\"hidden\" name=\"trp-form-language\" value=\"en\"\/><\/form>\n<\/div>\n<div class=\"contato_info\"><div class=\"social\"><h4>Social media: <\/h4><ul class=\"social\"><li>\n                        <a href=\"https:\/\/www.instagram.com\/conversys_it\/\" target=\"_blank\" title=\"Instagram\">\n                            <i class=\"fa-classic fa-brands fa-instagram\" aria-hidden=\"true\"><\/i>\n                        <\/a>\n                    <\/li><li>\n                        <a href=\"https:\/\/www.youtube.com\/@conversysitsolutions7412\" target=\"_blank\" title=\"Youtube\">\n                            <i class=\"fa-classic fa-brands fa-youtube\" aria-hidden=\"true\"><\/i>\n                        <\/a>\n                    <\/li><li>\n                        <a href=\"https:\/\/www.linkedin.com\/company\/10398405\/\" target=\"_blank\" title=\"Linkedin\">\n                            <i class=\"fa-classic fa-brands fa-linkedin-in\" aria-hidden=\"true\"><\/i>\n                        <\/a>\n                    <\/li><\/ul><\/div><\/div><\/div><\/div><\/div><\/div><\/section>\n<\/div>","protected":false},"excerpt":{"rendered":"Prezamos por um ambiente \u00edntegro, acolhedor e livre de comportamentos como ass\u00e9dio, discrimina\u00e7\u00e3o de qualquer tipo, corrup\u00e7\u00e3o e irregularidades. Caso tenha vivenciado [...]","protected":false},"author":2,"featured_media":0,"parent":0,"menu_order":0,"comment_status":"closed","ping_status":"closed","template":"","meta":{"_acf_changed":false,"inline_featured_image":false,"footnotes":""},"class_list":["post-34253","page","type-page","status-publish","hentry"],"acf":[],"yoast_head":"<!-- This site is optimized with the Yoast SEO plugin v25.6 - https:\/\/yoast.com\/wordpress\/plugins\/seo\/ -->\n<title>Den\u00fancias - Conversys<\/title>\n<meta name=\"robots\" content=\"index, follow, max-snippet:-1, max-image-preview:large, max-video-preview:-1\" \/>\n<link rel=\"canonical\" href=\"https:\/\/conversys.global\/en\/denuncia\/\" \/>\n<meta property=\"og:locale\" content=\"en_US\" \/>\n<meta property=\"og:type\" content=\"article\" \/>\n<meta property=\"og:title\" content=\"Den\u00fancias - Conversys\" \/>\n<meta property=\"og:url\" content=\"https:\/\/conversys.global\/en\/denuncia\/\" \/>\n<meta property=\"og:site_name\" content=\"Conversys\" \/>\n<meta property=\"article:modified_time\" content=\"2024-09-17T20:48:01+00:00\" \/>\n<meta name=\"twitter:card\" content=\"summary_large_image\" \/>\n<meta name=\"twitter:label1\" content=\"Est. reading time\" \/>\n\t<meta name=\"twitter:data1\" content=\"1 minute\" \/>\n<script type=\"application\/ld+json\" class=\"yoast-schema-graph\">{\"@context\":\"https:\/\/schema.org\",\"@graph\":[{\"@type\":\"WebPage\",\"@id\":\"https:\/\/conversys.global\/en\/denuncia\/\",\"url\":\"https:\/\/conversys.global\/en\/denuncia\/\",\"name\":\"Den\u00fancias - Conversys\",\"isPartOf\":{\"@id\":\"https:\/\/conversys.global\/en\/#website\"},\"datePublished\":\"2024-09-17T13:10:50+00:00\",\"dateModified\":\"2024-09-17T20:48:01+00:00\",\"breadcrumb\":{\"@id\":\"https:\/\/conversys.global\/en\/denuncia\/#breadcrumb\"},\"inLanguage\":\"en-US\",\"potentialAction\":[{\"@type\":\"ReadAction\",\"target\":[\"https:\/\/conversys.global\/en\/denuncia\/\"]}]},{\"@type\":\"BreadcrumbList\",\"@id\":\"https:\/\/conversys.global\/en\/denuncia\/#breadcrumb\",\"itemListElement\":[{\"@type\":\"ListItem\",\"position\":1,\"name\":\"Home\",\"item\":\"https:\/\/conversys.global\/\"},{\"@type\":\"ListItem\",\"position\":2,\"name\":\"Den\u00fancias\"}]},{\"@type\":\"WebSite\",\"@id\":\"https:\/\/conversys.global\/en\/#website\",\"url\":\"https:\/\/conversys.global\/en\/\",\"name\":\"Conversys\",\"description\":\"IT Solutions\",\"publisher\":{\"@id\":\"https:\/\/conversys.global\/en\/#organization\"},\"potentialAction\":[{\"@type\":\"SearchAction\",\"target\":{\"@type\":\"EntryPoint\",\"urlTemplate\":\"https:\/\/conversys.global\/en\/?s={search_term_string}\"},\"query-input\":{\"@type\":\"PropertyValueSpecification\",\"valueRequired\":true,\"valueName\":\"search_term_string\"}}],\"inLanguage\":\"en-US\"},{\"@type\":\"Organization\",\"@id\":\"https:\/\/conversys.global\/en\/#organization\",\"name\":\"Conversys\",\"url\":\"https:\/\/conversys.global\/en\/\",\"logo\":{\"@type\":\"ImageObject\",\"inLanguage\":\"en-US\",\"@id\":\"https:\/\/conversys.global\/en\/#\/schema\/logo\/image\/\",\"url\":\"https:\/\/conversys.global\/wp-content\/uploads\/2024\/03\/conversys.svg\",\"contentUrl\":\"https:\/\/conversys.global\/wp-content\/uploads\/2024\/03\/conversys.svg\",\"width\":219,\"height\":40,\"caption\":\"Conversys\"},\"image\":{\"@id\":\"https:\/\/conversys.global\/en\/#\/schema\/logo\/image\/\"}}]}<\/script>\n<!-- \/ Yoast SEO plugin. -->","yoast_head_json":{"title":"Complaints - Conversys","robots":{"index":"index","follow":"follow","max-snippet":"max-snippet:-1","max-image-preview":"max-image-preview:large","max-video-preview":"max-video-preview:-1"},"canonical":"https:\/\/conversys.global\/en\/denuncia\/","og_locale":"en_US","og_type":"article","og_title":"Den\u00fancias - Conversys","og_url":"https:\/\/conversys.global\/en\/denuncia\/","og_site_name":"Conversys","article_modified_time":"2024-09-17T20:48:01+00:00","twitter_card":"summary_large_image","twitter_misc":{"Est. reading time":"1 minute"},"schema":{"@context":"https:\/\/schema.org","@graph":[{"@type":"WebPage","@id":"https:\/\/conversys.global\/en\/denuncia\/","url":"https:\/\/conversys.global\/en\/denuncia\/","name":"Complaints - Conversys","isPartOf":{"@id":"https:\/\/conversys.global\/en\/#website"},"datePublished":"2024-09-17T13:10:50+00:00","dateModified":"2024-09-17T20:48:01+00:00","breadcrumb":{"@id":"https:\/\/conversys.global\/en\/denuncia\/#breadcrumb"},"inLanguage":"en-US","potentialAction":[{"@type":"ReadAction","target":["https:\/\/conversys.global\/en\/denuncia\/"]}]},{"@type":"BreadcrumbList","@id":"https:\/\/conversys.global\/en\/denuncia\/#breadcrumb","itemListElement":[{"@type":"ListItem","position":1,"name":"Home","item":"https:\/\/conversys.global\/"},{"@type":"ListItem","position":2,"name":"Den\u00fancias"}]},{"@type":"WebSite","@id":"https:\/\/conversys.global\/en\/#website","url":"https:\/\/conversys.global\/en\/","name":"Conversys","description":"IT Solutions","publisher":{"@id":"https:\/\/conversys.global\/en\/#organization"},"potentialAction":[{"@type":"SearchAction","target":{"@type":"EntryPoint","urlTemplate":"https:\/\/conversys.global\/en\/?s={search_term_string}"},"query-input":{"@type":"PropertyValueSpecification","valueRequired":true,"valueName":"search_term_string"}}],"inLanguage":"en-US"},{"@type":"Organization","@id":"https:\/\/conversys.global\/en\/#organization","name":"Conversys","url":"https:\/\/conversys.global\/en\/","logo":{"@type":"ImageObject","inLanguage":"en-US","@id":"https:\/\/conversys.global\/en\/#\/schema\/logo\/image\/","url":"https:\/\/conversys.global\/wp-content\/uploads\/2024\/03\/conversys.svg","contentUrl":"https:\/\/conversys.global\/wp-content\/uploads\/2024\/03\/conversys.svg","width":219,"height":40,"caption":"Conversys"},"image":{"@id":"https:\/\/conversys.global\/en\/#\/schema\/logo\/image\/"}}]}},"_links":{"self":[{"href":"https:\/\/conversys.global\/en\/wp-json\/wp\/v2\/pages\/34253"}],"collection":[{"href":"https:\/\/conversys.global\/en\/wp-json\/wp\/v2\/pages"}],"about":[{"href":"https:\/\/conversys.global\/en\/wp-json\/wp\/v2\/types\/page"}],"author":[{"embeddable":true,"href":"https:\/\/conversys.global\/en\/wp-json\/wp\/v2\/users\/2"}],"replies":[{"embeddable":true,"href":"https:\/\/conversys.global\/en\/wp-json\/wp\/v2\/comments?post=34253"}],"version-history":[{"count":6,"href":"https:\/\/conversys.global\/en\/wp-json\/wp\/v2\/pages\/34253\/revisions"}],"predecessor-version":[{"id":34268,"href":"https:\/\/conversys.global\/en\/wp-json\/wp\/v2\/pages\/34253\/revisions\/34268"}],"wp:attachment":[{"href":"https:\/\/conversys.global\/en\/wp-json\/wp\/v2\/media?parent=34253"}],"curies":[{"name":"wp","href":"https:\/\/api.w.org\/{rel}","templated":true}]}}