{"id":34475,"date":"2025-05-01T11:54:30","date_gmt":"2025-05-01T14:54:30","guid":{"rendered":"https:\/\/conversys.global\/?page_id=34475"},"modified":"2025-05-07T16:40:42","modified_gmt":"2025-05-07T19:40:42","slug":"dicas-de-seguranca","status":"publish","type":"page","link":"https:\/\/conversys.global\/en\/dicas-de-seguranca\/","title":{"rendered":"Safety tips"},"content":{"rendered":"<div class=\"wpb-content-wrapper\"><section id=\"banner-dicas\" class=\"vc_section vc_custom_1746110967519 vc_section-has-fill\"><div class=\"vc_row wpb_row vc_row-fluid\"><div class=\"wpb_column vc_column_container vc_col-sm-6\"><div class=\"vc_column-inner\"><div class=\"wpb_wrapper\">\n\t<div class=\"wpb_text_column wpb_content_element\" >\n\t\t<div class=\"wpb_wrapper\">\n\t\t\t<h4 class=\"blue\" style=\"text-align: center;\">Information Security Methods<\/h4>\n<h1 style=\"text-align: center;\">Safety Tips<\/h1>\n<p style=\"text-align: center;\">Here are some Information Security tips and best practices that you can adopt in your daily life to protect your data and ensure online security:<\/p>\n\n\t\t<\/div>\n\t<\/div>\n<\/div><\/div><\/div><\/div><\/section><section class=\"vc_section\"><div class=\"vc_row wpb_row vc_row-fluid\"><div class=\"wpb_column vc_column_container vc_col-sm-12\"><div class=\"vc_column-inner\"><div class=\"wpb_wrapper\">\n\t<div class=\"wpb_text_column wpb_content_element\" >\n\t\t<div class=\"wpb_wrapper\">\n\t\t\t<h4 style=\"text-align: center;\">Access<\/h4>\n<h2 style=\"text-align: center;\">Account and Access Protection<\/h2>\n\n\t\t<\/div>\n\t<\/div>\n<\/div><\/div><\/div><\/div><div class=\"vc_row wpb_row vc_row-fluid icons\"><div class=\"wpb_column vc_column_container vc_col-sm-4\"><div class=\"vc_column-inner\"><div class=\"wpb_wrapper\"><div class=\"vc_row wpb_row vc_inner vc_row-fluid\"><div class=\"wpb_column vc_column_container vc_col-sm-12\"><div class=\"vc_column-inner\"><div class=\"wpb_wrapper\">\n\t<div  class=\"wpb_single_image wpb_content_element vc_align_left wpb_content_element\">\n\t\t\n\t\t<figure class=\"wpb_wrapper vc_figure\">\n\t\t\t<div class=\"vc_single_image-wrapper   vc_box_border_grey\"><img decoding=\"async\" width=\"60\" height=\"60\" src=\"https:\/\/conversys.global\/wp-content\/uploads\/2025\/05\/d1.svg\" class=\"vc_single_image-img attachment-full\" alt=\"\" title=\"d1\" \/><\/div>\n\t\t<\/figure>\n\t<\/div>\n\n\t<div class=\"wpb_text_column wpb_content_element\" >\n\t\t<div class=\"wpb_wrapper\">\n\t\t\t<h3>Use Strong and Unique Passwords<\/h3>\n<p>Create long, complex and unique passwords for each account (combining uppercase and lowercase letters, numbers and special characters). Simple or reused passwords are easily discovered in brute force attacks.<\/p>\n\n\t\t<\/div>\n\t<\/div>\n<\/div><\/div><\/div><\/div><div class=\"vc_message_box vc_message_box-standard vc_message_box-rounded vc_color-danger vc_do_message\" ><div class=\"vc_message_box-icon\"><i class=\"far fa-lightbulb\"><\/i><\/div><p><strong>Tip:<\/strong> Use a password manager to generate and store secure passwords.<\/p>\n<\/div><\/div><\/div><\/div><div class=\"wpb_column vc_column_container vc_col-sm-4\"><div class=\"vc_column-inner\"><div class=\"wpb_wrapper\"><div class=\"vc_row wpb_row vc_inner vc_row-fluid\"><div class=\"wpb_column vc_column_container vc_col-sm-12\"><div class=\"vc_column-inner\"><div class=\"wpb_wrapper\">\n\t<div  class=\"wpb_single_image wpb_content_element vc_align_left wpb_content_element\">\n\t\t\n\t\t<figure class=\"wpb_wrapper vc_figure\">\n\t\t\t<div class=\"vc_single_image-wrapper   vc_box_border_grey\"><img decoding=\"async\" width=\"60\" height=\"60\" src=\"https:\/\/conversys.global\/wp-content\/uploads\/2025\/05\/d2.svg\" class=\"vc_single_image-img attachment-full\" alt=\"\" title=\"d2\" \/><\/div>\n\t\t<\/figure>\n\t<\/div>\n\n\t<div class=\"wpb_text_column wpb_content_element\" >\n\t\t<div class=\"wpb_wrapper\">\n\t\t\t<h3>Activate Multifactor Authentication (MFA)<\/h3>\n<p>Whenever possible, enable multi-factor authentication for your accounts. This can be done with a code sent by SMS or an authentication application (such as Google Authenticator or Microsoft Authenticator)<\/p>\n\n\t\t<\/div>\n\t<\/div>\n<\/div><\/div><\/div><\/div><div class=\"vc_message_box vc_message_box-standard vc_message_box-rounded vc_color-danger vc_do_message\" ><div class=\"vc_message_box-icon\"><i class=\"far fa-lightbulb\"><\/i><\/div><p><strong>Tip:<\/strong> Enable MFA on emails, social networks, banks and other sensitive services.<\/p>\n<\/div><\/div><\/div><\/div><div class=\"wpb_column vc_column_container vc_col-sm-4\"><div class=\"vc_column-inner\"><div class=\"wpb_wrapper\"><div class=\"vc_row wpb_row vc_inner vc_row-fluid\"><div class=\"wpb_column vc_column_container vc_col-sm-12\"><div class=\"vc_column-inner\"><div class=\"wpb_wrapper\">\n\t<div  class=\"wpb_single_image wpb_content_element vc_align_left wpb_content_element\">\n\t\t\n\t\t<figure class=\"wpb_wrapper vc_figure\">\n\t\t\t<div class=\"vc_single_image-wrapper   vc_box_border_grey\"><img decoding=\"async\" width=\"60\" height=\"60\" src=\"https:\/\/conversys.global\/wp-content\/uploads\/2025\/05\/d3.svg\" class=\"vc_single_image-img attachment-full\" alt=\"\" title=\"d3\" \/><\/div>\n\t\t<\/figure>\n\t<\/div>\n\n\t<div class=\"wpb_text_column wpb_content_element\" >\n\t\t<div class=\"wpb_wrapper\">\n\t\t\t<h3>Avoid Public Wi-Fi Networks<\/h3>\n<p>Avoid accessing sensitive information, such as bank accounts or emails, while connected to public or unsecured Wi-Fi networks. Public Wi-Fi networks are vulnerable to attack and hackers can intercept transmitted data.<\/p>\n\n\t\t<\/div>\n\t<\/div>\n<\/div><\/div><\/div><\/div><div class=\"vc_message_box vc_message_box-standard vc_message_box-rounded vc_color-danger vc_do_message\" ><div class=\"vc_message_box-icon\"><i class=\"far fa-lightbulb\"><\/i><\/div><p><strong>Tip:<\/strong> If you need to access sensitive information on a public network, use a <strong>VPN (Virtual Private Network)<\/strong> to encrypt your connection.<\/p>\n<\/div><\/div><\/div><\/div><\/div><\/section><section class=\"vc_section\"><div class=\"vc_row wpb_row vc_row-fluid\"><div class=\"wpb_column vc_column_container vc_col-sm-12\"><div class=\"vc_column-inner\"><div class=\"wpb_wrapper\">\n\t<div class=\"wpb_text_column wpb_content_element\" >\n\t\t<div class=\"wpb_wrapper\">\n\t\t\t<h4 style=\"text-align: center;\">Behavior<\/h4>\n<h2 style=\"text-align: center;\">Safe Browsing and Online Behavior<\/h2>\n\n\t\t<\/div>\n\t<\/div>\n<\/div><\/div><\/div><\/div><div class=\"vc_row wpb_row vc_row-fluid icons foto\"><div class=\"wpb_column vc_column_container vc_col-sm-4\"><div class=\"vc_column-inner\"><div class=\"wpb_wrapper\"><div class=\"vc_row wpb_row vc_inner vc_row-fluid\"><div class=\"wpb_column vc_column_container vc_col-sm-12\"><div class=\"vc_column-inner\"><div class=\"wpb_wrapper\">\n\t<div  class=\"wpb_single_image wpb_content_element vc_align_left wpb_content_element\">\n\t\t\n\t\t<figure class=\"wpb_wrapper vc_figure\">\n\t\t\t<div class=\"vc_single_image-wrapper   vc_box_border_grey\"><img decoding=\"async\" width=\"500\" height=\"300\" src=\"https:\/\/conversys.global\/wp-content\/uploads\/2025\/05\/Cuidado-com-Phishing.jpg\" class=\"vc_single_image-img attachment-full\" alt=\"\" title=\"Beware of Phishing\" srcset=\"https:\/\/conversys.global\/wp-content\/uploads\/2025\/05\/Cuidado-com-Phishing.jpg 500w, https:\/\/conversys.global\/wp-content\/uploads\/2025\/05\/Cuidado-com-Phishing-300x180.jpg 300w, https:\/\/conversys.global\/wp-content\/uploads\/2025\/05\/Cuidado-com-Phishing-18x12.jpg 18w\" sizes=\"(max-width: 500px) 100vw, 500px\" \/><\/div>\n\t\t<\/figure>\n\t<\/div>\n\n\t<div class=\"wpb_text_column wpb_content_element\" >\n\t\t<div class=\"wpb_wrapper\">\n\t\t\t<h3>Beware of Phishing<\/h3>\n<p>Keep an eye out for suspicious emails, text messages or links. Don't click on links or open attachments from unknown sources.<\/p>\n\n\t\t<\/div>\n\t<\/div>\n<\/div><\/div><\/div><\/div><div class=\"vc_message_box vc_message_box-standard vc_message_box-rounded vc_color-danger vc_do_message\" ><div class=\"vc_message_box-icon\"><i class=\"far fa-lightbulb\"><\/i><\/div><p><strong>Tip:<\/strong> Always check the sender's e-mail address and avoid clicking on links directly. Access websites manually by typing the address into your browser.<\/p>\n<\/div><\/div><\/div><\/div><div class=\"wpb_column vc_column_container vc_col-sm-4\"><div class=\"vc_column-inner\"><div class=\"wpb_wrapper\"><div class=\"vc_row wpb_row vc_inner vc_row-fluid\"><div class=\"wpb_column vc_column_container vc_col-sm-12\"><div class=\"vc_column-inner\"><div class=\"wpb_wrapper\">\n\t<div  class=\"wpb_single_image wpb_content_element vc_align_left wpb_content_element\">\n\t\t\n\t\t<figure class=\"wpb_wrapper vc_figure\">\n\t\t\t<div class=\"vc_single_image-wrapper   vc_box_border_grey\"><img decoding=\"async\" width=\"500\" height=\"300\" src=\"https:\/\/conversys.global\/wp-content\/uploads\/2025\/05\/Mantenha-Seus-Dispositivos-Atualizados.jpg\" class=\"vc_single_image-img attachment-full\" alt=\"\" title=\"Keep your devices up to date\" srcset=\"https:\/\/conversys.global\/wp-content\/uploads\/2025\/05\/Mantenha-Seus-Dispositivos-Atualizados.jpg 500w, https:\/\/conversys.global\/wp-content\/uploads\/2025\/05\/Mantenha-Seus-Dispositivos-Atualizados-300x180.jpg 300w, https:\/\/conversys.global\/wp-content\/uploads\/2025\/05\/Mantenha-Seus-Dispositivos-Atualizados-18x12.jpg 18w\" sizes=\"(max-width: 500px) 100vw, 500px\" \/><\/div>\n\t\t<\/figure>\n\t<\/div>\n\n\t<div class=\"wpb_text_column wpb_content_element\" >\n\t\t<div class=\"wpb_wrapper\">\n\t\t\t<h3>Keep your devices up to date<\/h3>\n<p>Make sure that your operating system, applications and security programs (such as antivirus) are always up to date. Updates often correct security flaws that could be exploited by hackers.<\/p>\n\n\t\t<\/div>\n\t<\/div>\n<\/div><\/div><\/div><\/div><div class=\"vc_message_box vc_message_box-standard vc_message_box-rounded vc_color-danger vc_do_message\" ><div class=\"vc_message_box-icon\"><i class=\"far fa-lightbulb\"><\/i><\/div><p><strong>Tip:<\/strong> Activate automatic updates whenever possible.<\/p>\n<\/div><\/div><\/div><\/div><div class=\"wpb_column vc_column_container vc_col-sm-4\"><div class=\"vc_column-inner\"><div class=\"wpb_wrapper\"><div class=\"vc_row wpb_row vc_inner vc_row-fluid\"><div class=\"wpb_column vc_column_container vc_col-sm-12\"><div class=\"vc_column-inner\"><div class=\"wpb_wrapper\">\n\t<div  class=\"wpb_single_image wpb_content_element vc_align_left wpb_content_element\">\n\t\t\n\t\t<figure class=\"wpb_wrapper vc_figure\">\n\t\t\t<div class=\"vc_single_image-wrapper   vc_box_border_grey\"><img decoding=\"async\" width=\"500\" height=\"300\" src=\"https:\/\/conversys.global\/wp-content\/uploads\/2025\/05\/Cuidado-ao-Compartilhar-Informacoes-Online.jpg\" class=\"vc_single_image-img attachment-full\" alt=\"\" title=\"Be careful when sharing information online\" srcset=\"https:\/\/conversys.global\/wp-content\/uploads\/2025\/05\/Cuidado-ao-Compartilhar-Informacoes-Online.jpg 500w, https:\/\/conversys.global\/wp-content\/uploads\/2025\/05\/Cuidado-ao-Compartilhar-Informacoes-Online-300x180.jpg 300w, https:\/\/conversys.global\/wp-content\/uploads\/2025\/05\/Cuidado-ao-Compartilhar-Informacoes-Online-18x12.jpg 18w\" sizes=\"(max-width: 500px) 100vw, 500px\" \/><\/div>\n\t\t<\/figure>\n\t<\/div>\n\n\t<div class=\"wpb_text_column wpb_content_element\" >\n\t\t<div class=\"wpb_wrapper\">\n\t\t\t<h3>Be careful when sharing information online<\/h3>\n<p>Avoid sharing personal information, such as document numbers, addresses or passwords, on untrustworthy websites or with people you don't know well. The more you share online, the more vulnerable you are to social engineering attacks or identity theft.<\/p>\n\n\t\t<\/div>\n\t<\/div>\n<\/div><\/div><\/div><\/div><div class=\"vc_message_box vc_message_box-standard vc_message_box-rounded vc_color-danger vc_do_message\" ><div class=\"vc_message_box-icon\"><i class=\"far fa-lightbulb\"><\/i><\/div><p><strong>Tip:<\/strong> Review the permissions and privacy settings of your social networks.<\/p>\n<\/div><\/div><\/div><\/div><\/div><\/section><section id=\"manutencao\" class=\"vc_section vc_custom_1746115258467 vc_section-has-fill\"><div class=\"vc_row wpb_row vc_row-fluid\"><div class=\"wpb_column vc_column_container vc_col-sm-12\"><div class=\"vc_column-inner\"><div class=\"wpb_wrapper\">\n\t<div class=\"wpb_text_column wpb_content_element\" >\n\t\t<div class=\"wpb_wrapper\">\n\t\t\t<h4 style=\"text-align: center;\">Maintenance<\/h4>\n<h2 style=\"text-align: center;\">Technical Maintenance and Prevention<\/h2>\n\n\t\t<\/div>\n\t<\/div>\n<\/div><\/div><\/div><\/div><div class=\"vc_row wpb_row vc_row-fluid icons nobg\"><div class=\"wpb_column vc_column_container vc_col-sm-4\"><div class=\"vc_column-inner\"><div class=\"wpb_wrapper\">\n\t<div  class=\"wpb_single_image wpb_content_element vc_align_left wpb_content_element\">\n\t\t\n\t\t<figure class=\"wpb_wrapper vc_figure\">\n\t\t\t<div class=\"vc_single_image-wrapper   vc_box_border_grey\"><img decoding=\"async\" width=\"60\" height=\"60\" src=\"https:\/\/conversys.global\/wp-content\/uploads\/2025\/05\/d7.svg\" class=\"vc_single_image-img attachment-full\" alt=\"\" title=\"d7\" \/><\/div>\n\t\t<\/figure>\n\t<\/div>\n\n\t<div class=\"wpb_text_column wpb_content_element\" >\n\t\t<div class=\"wpb_wrapper\">\n\t\t\t<h3>Back up regularly<\/h3>\n<p>Back up your data regularly, preferably in more than one place (such as an external hard drive and in the cloud). If your data is lost or hijacked in a ransomware attack, you'll have a safe copy.<\/p>\n\n\t\t<\/div>\n\t<\/div>\n<div class=\"vc_message_box vc_message_box-standard vc_message_box-rounded vc_color-danger vc_do_message\" ><div class=\"vc_message_box-icon\"><i class=\"far fa-lightbulb\"><\/i><\/div><p><strong>Tip:<\/strong> Use an automated backup solution to ensure that your data is always backed up.<\/p>\n<\/div><\/div><\/div><\/div><div class=\"wpb_column vc_column_container vc_col-sm-4\"><div class=\"vc_column-inner\"><div class=\"wpb_wrapper\">\n\t<div  class=\"wpb_single_image wpb_content_element vc_align_left wpb_content_element\">\n\t\t\n\t\t<figure class=\"wpb_wrapper vc_figure\">\n\t\t\t<div class=\"vc_single_image-wrapper   vc_box_border_grey\"><img decoding=\"async\" width=\"60\" height=\"60\" src=\"https:\/\/conversys.global\/wp-content\/uploads\/2025\/05\/d8.svg\" class=\"vc_single_image-img attachment-full\" alt=\"\" title=\"d8\" \/><\/div>\n\t\t<\/figure>\n\t<\/div>\n\n\t<div class=\"wpb_text_column wpb_content_element\" >\n\t\t<div class=\"wpb_wrapper\">\n\t\t\t<h3>Be aware of malicious software<\/h3>\n<p>Avoid downloading and installing programs from unreliable or unknown sources. Malicious software can damage your device or steal your data.<\/p>\n\n\t\t<\/div>\n\t<\/div>\n<div class=\"vc_message_box vc_message_box-standard vc_message_box-rounded vc_color-danger vc_do_message\" ><div class=\"vc_message_box-icon\"><i class=\"far fa-lightbulb\"><\/i><\/div><p><strong>Tip:<\/strong> Always check the reputation of the software before installing it and use antivirus tools to scan files.<\/p>\n<\/div><\/div><\/div><\/div><div class=\"wpb_column vc_column_container vc_col-sm-4\"><div class=\"vc_column-inner\"><div class=\"wpb_wrapper\">\n\t<div  class=\"wpb_single_image wpb_content_element vc_align_left wpb_content_element\">\n\t\t\n\t\t<figure class=\"wpb_wrapper vc_figure\">\n\t\t\t<div class=\"vc_single_image-wrapper   vc_box_border_grey\"><img decoding=\"async\" width=\"60\" height=\"60\" src=\"https:\/\/conversys.global\/wp-content\/uploads\/2025\/05\/d9.svg\" class=\"vc_single_image-img attachment-full\" alt=\"\" title=\"d9\" \/><\/div>\n\t\t<\/figure>\n\t<\/div>\n\n\t<div class=\"wpb_text_column wpb_content_element\" >\n\t\t<div class=\"wpb_wrapper\">\n\t\t\t<h3>Manage Access to Your Devices<\/h3>\n<p>Don't leave your devices unprotected, especially in public places. If someone gains physical access to your device, they can obtain your personal information and sensitive data.<\/p>\n\n\t\t<\/div>\n\t<\/div>\n<div class=\"vc_message_box vc_message_box-standard vc_message_box-rounded vc_color-danger vc_do_message\" ><div class=\"vc_message_box-icon\"><i class=\"far fa-lightbulb\"><\/i><\/div><p><strong>Tip:<\/strong> Always lock the screen of your cell phone or computer when not in use.<\/p>\n<\/div><\/div><\/div><\/div><\/div><\/section><section id=\"cta\" class=\"vc_section\"><div class=\"vc_row wpb_row vc_row-fluid\"><div class=\"wpb_column vc_column_container vc_col-sm-12\"><div class=\"vc_column-inner\"><div class=\"wpb_wrapper\">\n\t<div class=\"wpb_text_column wpb_content_element\" >\n\t\t<div class=\"wpb_wrapper\">\n\t\t\t<h2>Daily Care, Continuous Safety<\/h2>\n<p>By adopting these practices in your day-to-day life, you can protect your personal information and reduce the risk of falling victim to cybercrime. Digital security is an ongoing responsibility, and the more precautions you take, the safer you will be!<\/p>\n\n\t\t<\/div>\n\t<\/div>\n<\/div><\/div><\/div><\/div><\/section>\n<\/div>","protected":false},"excerpt":{"rendered":"M\u00e9todos de Seguran\u00e7a de Informa\u00e7\u00e3o Dicas de Seguran\u00e7a Aqui est\u00e3o algumas dicas e melhores pr\u00e1ticas de Seguran\u00e7a da Informa\u00e7\u00e3o que voc\u00ea pode [...]","protected":false},"author":5,"featured_media":0,"parent":0,"menu_order":0,"comment_status":"closed","ping_status":"closed","template":"","meta":{"_acf_changed":false,"inline_featured_image":false,"footnotes":""},"class_list":["post-34475","page","type-page","status-publish","hentry"],"acf":[],"yoast_head":"<!-- This site is optimized with the Yoast SEO plugin v25.6 - https:\/\/yoast.com\/wordpress\/plugins\/seo\/ -->\n<title>Dicas de seguran\u00e7a - Conversys<\/title>\n<meta name=\"robots\" content=\"index, follow, max-snippet:-1, max-image-preview:large, max-video-preview:-1\" \/>\n<link rel=\"canonical\" href=\"https:\/\/conversys.global\/en\/dicas-de-seguranca\/\" \/>\n<meta property=\"og:locale\" content=\"en_US\" \/>\n<meta property=\"og:type\" content=\"article\" \/>\n<meta property=\"og:title\" content=\"Dicas de seguran\u00e7a - Conversys\" \/>\n<meta property=\"og:url\" content=\"https:\/\/conversys.global\/en\/dicas-de-seguranca\/\" \/>\n<meta property=\"og:site_name\" content=\"Conversys\" \/>\n<meta property=\"article:modified_time\" content=\"2025-05-07T19:40:42+00:00\" \/>\n<meta name=\"twitter:card\" content=\"summary_large_image\" \/>\n<meta name=\"twitter:label1\" content=\"Est. reading time\" \/>\n\t<meta name=\"twitter:data1\" content=\"5 minutes\" \/>\n<script type=\"application\/ld+json\" class=\"yoast-schema-graph\">{\"@context\":\"https:\/\/schema.org\",\"@graph\":[{\"@type\":\"WebPage\",\"@id\":\"https:\/\/conversys.global\/en\/dicas-de-seguranca\/\",\"url\":\"https:\/\/conversys.global\/en\/dicas-de-seguranca\/\",\"name\":\"Dicas de seguran\u00e7a - Conversys\",\"isPartOf\":{\"@id\":\"https:\/\/conversys.global\/en\/#website\"},\"datePublished\":\"2025-05-01T14:54:30+00:00\",\"dateModified\":\"2025-05-07T19:40:42+00:00\",\"breadcrumb\":{\"@id\":\"https:\/\/conversys.global\/en\/dicas-de-seguranca\/#breadcrumb\"},\"inLanguage\":\"en-US\",\"potentialAction\":[{\"@type\":\"ReadAction\",\"target\":[\"https:\/\/conversys.global\/en\/dicas-de-seguranca\/\"]}]},{\"@type\":\"BreadcrumbList\",\"@id\":\"https:\/\/conversys.global\/en\/dicas-de-seguranca\/#breadcrumb\",\"itemListElement\":[{\"@type\":\"ListItem\",\"position\":1,\"name\":\"Home\",\"item\":\"https:\/\/conversys.global\/\"},{\"@type\":\"ListItem\",\"position\":2,\"name\":\"Dicas de seguran\u00e7a\"}]},{\"@type\":\"WebSite\",\"@id\":\"https:\/\/conversys.global\/en\/#website\",\"url\":\"https:\/\/conversys.global\/en\/\",\"name\":\"Conversys\",\"description\":\"IT Solutions\",\"publisher\":{\"@id\":\"https:\/\/conversys.global\/en\/#organization\"},\"potentialAction\":[{\"@type\":\"SearchAction\",\"target\":{\"@type\":\"EntryPoint\",\"urlTemplate\":\"https:\/\/conversys.global\/en\/?s={search_term_string}\"},\"query-input\":{\"@type\":\"PropertyValueSpecification\",\"valueRequired\":true,\"valueName\":\"search_term_string\"}}],\"inLanguage\":\"en-US\"},{\"@type\":\"Organization\",\"@id\":\"https:\/\/conversys.global\/en\/#organization\",\"name\":\"Conversys\",\"url\":\"https:\/\/conversys.global\/en\/\",\"logo\":{\"@type\":\"ImageObject\",\"inLanguage\":\"en-US\",\"@id\":\"https:\/\/conversys.global\/en\/#\/schema\/logo\/image\/\",\"url\":\"https:\/\/conversys.global\/wp-content\/uploads\/2024\/03\/conversys.svg\",\"contentUrl\":\"https:\/\/conversys.global\/wp-content\/uploads\/2024\/03\/conversys.svg\",\"width\":219,\"height\":40,\"caption\":\"Conversys\"},\"image\":{\"@id\":\"https:\/\/conversys.global\/en\/#\/schema\/logo\/image\/\"}}]}<\/script>\n<!-- \/ Yoast SEO plugin. -->","yoast_head_json":{"title":"Safety tips - Conversys","robots":{"index":"index","follow":"follow","max-snippet":"max-snippet:-1","max-image-preview":"max-image-preview:large","max-video-preview":"max-video-preview:-1"},"canonical":"https:\/\/conversys.global\/en\/dicas-de-seguranca\/","og_locale":"en_US","og_type":"article","og_title":"Dicas de seguran\u00e7a - Conversys","og_url":"https:\/\/conversys.global\/en\/dicas-de-seguranca\/","og_site_name":"Conversys","article_modified_time":"2025-05-07T19:40:42+00:00","twitter_card":"summary_large_image","twitter_misc":{"Est. reading time":"5 minutes"},"schema":{"@context":"https:\/\/schema.org","@graph":[{"@type":"WebPage","@id":"https:\/\/conversys.global\/en\/dicas-de-seguranca\/","url":"https:\/\/conversys.global\/en\/dicas-de-seguranca\/","name":"Safety tips - Conversys","isPartOf":{"@id":"https:\/\/conversys.global\/en\/#website"},"datePublished":"2025-05-01T14:54:30+00:00","dateModified":"2025-05-07T19:40:42+00:00","breadcrumb":{"@id":"https:\/\/conversys.global\/en\/dicas-de-seguranca\/#breadcrumb"},"inLanguage":"en-US","potentialAction":[{"@type":"ReadAction","target":["https:\/\/conversys.global\/en\/dicas-de-seguranca\/"]}]},{"@type":"BreadcrumbList","@id":"https:\/\/conversys.global\/en\/dicas-de-seguranca\/#breadcrumb","itemListElement":[{"@type":"ListItem","position":1,"name":"Home","item":"https:\/\/conversys.global\/"},{"@type":"ListItem","position":2,"name":"Dicas de seguran\u00e7a"}]},{"@type":"WebSite","@id":"https:\/\/conversys.global\/en\/#website","url":"https:\/\/conversys.global\/en\/","name":"Conversys","description":"IT Solutions","publisher":{"@id":"https:\/\/conversys.global\/en\/#organization"},"potentialAction":[{"@type":"SearchAction","target":{"@type":"EntryPoint","urlTemplate":"https:\/\/conversys.global\/en\/?s={search_term_string}"},"query-input":{"@type":"PropertyValueSpecification","valueRequired":true,"valueName":"search_term_string"}}],"inLanguage":"en-US"},{"@type":"Organization","@id":"https:\/\/conversys.global\/en\/#organization","name":"Conversys","url":"https:\/\/conversys.global\/en\/","logo":{"@type":"ImageObject","inLanguage":"en-US","@id":"https:\/\/conversys.global\/en\/#\/schema\/logo\/image\/","url":"https:\/\/conversys.global\/wp-content\/uploads\/2024\/03\/conversys.svg","contentUrl":"https:\/\/conversys.global\/wp-content\/uploads\/2024\/03\/conversys.svg","width":219,"height":40,"caption":"Conversys"},"image":{"@id":"https:\/\/conversys.global\/en\/#\/schema\/logo\/image\/"}}]}},"_links":{"self":[{"href":"https:\/\/conversys.global\/en\/wp-json\/wp\/v2\/pages\/34475"}],"collection":[{"href":"https:\/\/conversys.global\/en\/wp-json\/wp\/v2\/pages"}],"about":[{"href":"https:\/\/conversys.global\/en\/wp-json\/wp\/v2\/types\/page"}],"author":[{"embeddable":true,"href":"https:\/\/conversys.global\/en\/wp-json\/wp\/v2\/users\/5"}],"replies":[{"embeddable":true,"href":"https:\/\/conversys.global\/en\/wp-json\/wp\/v2\/comments?post=34475"}],"version-history":[{"count":18,"href":"https:\/\/conversys.global\/en\/wp-json\/wp\/v2\/pages\/34475\/revisions"}],"predecessor-version":[{"id":34536,"href":"https:\/\/conversys.global\/en\/wp-json\/wp\/v2\/pages\/34475\/revisions\/34536"}],"wp:attachment":[{"href":"https:\/\/conversys.global\/en\/wp-json\/wp\/v2\/media?parent=34475"}],"curies":[{"name":"wp","href":"https:\/\/api.w.org\/{rel}","templated":true}]}}