{"id":787,"date":"2024-08-07T11:56:40","date_gmt":"2024-08-07T14:56:40","guid":{"rendered":"https:\/\/conversys.global\/?page_id=787"},"modified":"2024-08-07T13:39:49","modified_gmt":"2024-08-07T16:39:49","slug":"solucoes","status":"publish","type":"page","link":"https:\/\/conversys.global\/en\/solucoes\/","title":{"rendered":"Solutions"},"content":{"rendered":"<div class=\"wpb-content-wrapper\"><section id=\"lista-solucoes\" class=\"vc_section\"><div class=\"vc_row wpb_row vc_row-fluid\"><div class=\"wpb_column vc_column_container vc_col-sm-12\"><div class=\"vc_column-inner\"><div class=\"wpb_wrapper\"><div class=\"row solucoes_child_list\"><div class=\"col-12 col-ttl\"><a class=\"single-post-area\" href=\"https:\/\/conversys.global\/en\/hybrid-cloud\/\" title=\"Hybrid Cloud\"><img decoding=\"async\" src=\"https:\/\/conversys.global\/wp-content\/uploads\/2024\/03\/ico1.svg\" alt=\"Hybrid Cloud\" width=\"60\" height=\"60\" class=\"svgimg\">\n        <div class=\"txt\">\n            \n            <h3>Hybrid Cloud<\/h3>\n            <p>Process data in real time across multiple devices and get services with the speed, security and flexibility of the cloud. The Hybrid Cloud solution allows companies and organizations to make the most of distributed computing infrastructure, providing seamless integration between edge devices and cloud services.<\/p>\n                <div class=\"bt\">\n                    <span class=\"size-sm color-white\">\n                    Read more\n                    <\/span>\n                <\/div>\n        <\/div>\n    <\/a><\/div><div class=\"col-12 col-md-6 col-lg-4\"><a class=\"single-post-area\" href=\"https:\/\/conversys.global\/en\/edge-to-cloud\/edge-infrastructure\/\" title=\"Edge Infrastructure\">\n            <div class=\"txt\">\n                <h3>Edge Infrastructure<\/h3>\n                <p>The Edge infrastructure allows data to be processed and stored locally, significantly reducing application latency.<\/p>\n            <\/div>\n            <div class=\"bt\">\n                    <span class=\"size-sm color-white\">\n                Read more\n                <\/span>\n            <\/div>\n        <\/a><\/div><div class=\"col-12 col-md-6 col-lg-4\"><a class=\"single-post-area\" href=\"https:\/\/conversys.global\/en\/edge-computing\/cloud\/\" title=\"Cloud\">\n            <div class=\"txt\">\n                <h3>Cloud<\/h3>\n                <p>The hybrid cloud and the public cloud are efficient strategies for companies of different sizes and needs. Both stand out for their flexible and efficient scalability. <\/p>\n            <\/div>\n            <div class=\"bt\">\n                    <span class=\"size-sm color-white\">\n                Read more\n                <\/span>\n            <\/div>\n        <\/a><\/div><div class=\"col-12 col-md-6 col-lg-4\"><a class=\"single-post-area\" href=\"https:\/\/conversys.global\/en\/edge-to-cloud\/backup-data-protection\/\" title=\"Backup &amp; Data Protection\">\n            <div class=\"txt\">\n                <h3>Backup &amp; Data Protection<\/h3>\n                <p>Our Backup and Data Protection portfolio is designed to protect critical data from any kind of loss or corruption, offering reliable and adaptable options. <\/p>\n            <\/div>\n            <div class=\"bt\">\n                    <span class=\"size-sm color-white\">\n                Read more\n                <\/span>\n            <\/div>\n        <\/a><\/div><\/div><div class=\"row solucoes_child_list\"><div class=\"col-12 col-ttl\"><a class=\"single-post-area\" href=\"https:\/\/conversys.global\/en\/connectivity\/\" title=\"Connectivity\"><img decoding=\"async\" src=\"https:\/\/conversys.global\/wp-content\/uploads\/2024\/03\/ico2.svg\" alt=\"Connectivity\" width=\"60\" height=\"60\" class=\"svgimg\">\n        <div class=\"txt\">\n            \n            <h3>Connectivity<\/h3>\n            <p>Reliable connections and simplified communication are fundamental to the efficient operation of any business. We offer advanced connectivity solutions that optimize the experience of local and remote users. <\/p>\n                <div class=\"bt\">\n                    <span class=\"size-sm color-white\">\n                    Read more\n                    <\/span>\n                <\/div>\n        <\/div>\n    <\/a><\/div><div class=\"col-12 col-md-6 col-lg-4\"><a class=\"single-post-area\" href=\"https:\/\/conversys.global\/en\/connectivity\/enterprise-networks\/\" title=\"Enterprise Networks\">\n            <div class=\"txt\">\n                <h3>Enterprise Networks<\/h3>\n                <p>We offer a complete portfolio of connectivity solutions from strategic manufacturers, designed to meet the needs of customers of all sizes and sectors. <\/p>\n            <\/div>\n            <div class=\"bt\">\n                    <span class=\"size-sm color-white\">\n                Read more\n                <\/span>\n            <\/div>\n        <\/a><\/div><div class=\"col-12 col-md-6 col-lg-4\"><a class=\"single-post-area\" href=\"https:\/\/conversys.global\/en\/connectivity\/sd-wan\/\" title=\"SD-WAN\">\n            <div class=\"txt\">\n                <h3>SD-WAN<\/h3>\n                <p>Network approach that uses software to manage connectivity and services between data centers and remote sites. <\/p>\n            <\/div>\n            <div class=\"bt\">\n                    <span class=\"size-sm color-white\">\n                Read more\n                <\/span>\n            <\/div>\n        <\/a><\/div><div class=\"col-12 col-md-6 col-lg-4\"><a class=\"single-post-area\" href=\"https:\/\/conversys.global\/en\/connectivity\/collaboration\/\" title=\"Collaboration\">\n            <div class=\"txt\">\n                <h3>Collaboration<\/h3>\n                <p>With our strategic partnerships in collaboration technology, we provide customized solutions for our customers<\/p>\n            <\/div>\n            <div class=\"bt\">\n                    <span class=\"size-sm color-white\">\n                Read more\n                <\/span>\n            <\/div>\n        <\/a><\/div><div class=\"col-12 col-md-6 col-lg-4\"><a class=\"single-post-area\" href=\"https:\/\/conversys.global\/en\/connectivity\/observability-management\/\" title=\"Observability &amp; Management\">\n            <div class=\"txt\">\n                <h3>Observability &amp; Management<\/h3>\n                <p>We offer a complete portfolio of connectivity solutions from strategic manufacturers, designed to meet the needs of customers of all sizes and sectors. <\/p>\n            <\/div>\n            <div class=\"bt\">\n                    <span class=\"size-sm color-white\">\n                Read more\n                <\/span>\n            <\/div>\n        <\/a><\/div><\/div><div class=\"row solucoes_child_list\"><div class=\"col-12 col-ttl\"><a class=\"single-post-area\" href=\"https:\/\/conversys.global\/en\/cybersecurity\/\" title=\"Cybersecurity\"><img decoding=\"async\" src=\"https:\/\/conversys.global\/wp-content\/uploads\/2024\/03\/ico3.svg\" alt=\"Cybersecurity\" width=\"60\" height=\"60\" class=\"svgimg\">\n        <div class=\"txt\">\n            \n            <h3>Cybersecurity<\/h3>\n            <p>In today's scenario, where interconnectivity and digitalization are increasingly intense, protecting digital assets and confidential information is becoming an undeniable priority. Cybersecurity is essential for defending critical systems, networks and data against constantly evolving cyber threats. <\/p>\n                <div class=\"bt\">\n                    <span class=\"size-sm color-white\">\n                    Read more\n                    <\/span>\n                <\/div>\n        <\/div>\n    <\/a><\/div><div class=\"col-12 col-md-6 col-lg-4\"><a class=\"single-post-area\" href=\"https:\/\/conversys.global\/en\/cybersecurity\/cyber-attack-prevention\/\" title=\"Cyber Attack Prevention\">\n            <div class=\"txt\">\n                <h3>Cyber Attack Prevention<\/h3>\n                <p>Vulnerability Scanning, Pentest, Phishing Campaign, Threat Intelligence and SWVR - Smart Web Visibility Risk<\/p>\n            <\/div>\n            <div class=\"bt\">\n                    <span class=\"size-sm color-white\">\n                Read more\n                <\/span>\n            <\/div>\n        <\/a><\/div><div class=\"col-12 col-md-6 col-lg-4\"><a class=\"single-post-area\" href=\"https:\/\/conversys.global\/en\/cybersecurity\/endpoint-security\/\" title=\"Endpoint Security\">\n            <div class=\"txt\">\n                <h3>Endpoint Security<\/h3>\n                <p>EDR &amp; XDR, Mobile, Web &amp; Email Protection<\/p>\n            <\/div>\n            <div class=\"bt\">\n                    <span class=\"size-sm color-white\">\n                Read more\n                <\/span>\n            <\/div>\n        <\/a><\/div><div class=\"col-12 col-md-6 col-lg-4\"><a class=\"single-post-area\" href=\"https:\/\/conversys.global\/en\/cybersecurity\/cloud-security\/\" title=\"Cloud Security\">\n            <div class=\"txt\">\n                <h3>Cloud Security<\/h3>\n                <p>Cloud Security refers to the protection of data and systems stored in cloud computing environments.<\/p>\n            <\/div>\n            <div class=\"bt\">\n                    <span class=\"size-sm color-white\">\n                Read more\n                <\/span>\n            <\/div>\n        <\/a><\/div><div class=\"col-12 col-md-6 col-lg-4\"><a class=\"single-post-area\" href=\"https:\/\/conversys.global\/en\/cybersecurity\/network-security\/\" title=\"Network Security\">\n            <div class=\"txt\">\n                <h3>Network Security<\/h3>\n                <p>Identity, Access and Control, Monitoring and Management and Data Protection<\/p>\n            <\/div>\n            <div class=\"bt\">\n                    <span class=\"size-sm color-white\">\n                Read more\n                <\/span>\n            <\/div>\n        <\/a><\/div><\/div><\/div><\/div><\/div><\/div><\/section>\n<\/div>","protected":false},"excerpt":{"rendered":"Identidade, Acesso e Controle PAM (Privileged Access Management) O Privileged Access Management (PAM) \u00e9 uma solu\u00e7\u00e3o de seguran\u00e7a de identidade projetada para [...]","protected":false},"author":5,"featured_media":0,"parent":0,"menu_order":0,"comment_status":"closed","ping_status":"closed","template":"","meta":{"_acf_changed":false,"inline_featured_image":false,"footnotes":""},"class_list":["post-787","page","type-page","status-publish","hentry"],"acf":[],"yoast_head":"<!-- This site is optimized with the Yoast SEO plugin v25.6 - https:\/\/yoast.com\/wordpress\/plugins\/seo\/ -->\n<title>Solu\u00e7\u00f5es - Conversys<\/title>\n<meta name=\"robots\" content=\"index, follow, max-snippet:-1, max-image-preview:large, max-video-preview:-1\" \/>\n<link rel=\"canonical\" href=\"https:\/\/conversys.global\/en\/solucoes\/\" \/>\n<meta property=\"og:locale\" content=\"en_US\" \/>\n<meta property=\"og:type\" content=\"article\" \/>\n<meta property=\"og:title\" content=\"Solu\u00e7\u00f5es - Conversys\" \/>\n<meta property=\"og:url\" content=\"https:\/\/conversys.global\/en\/solucoes\/\" \/>\n<meta property=\"og:site_name\" content=\"Conversys\" \/>\n<meta property=\"article:modified_time\" content=\"2024-08-07T16:39:49+00:00\" \/>\n<meta name=\"twitter:card\" content=\"summary_large_image\" \/>\n<meta name=\"twitter:label1\" content=\"Est. reading time\" \/>\n\t<meta name=\"twitter:data1\" content=\"1 minute\" \/>\n<script type=\"application\/ld+json\" class=\"yoast-schema-graph\">{\"@context\":\"https:\/\/schema.org\",\"@graph\":[{\"@type\":\"WebPage\",\"@id\":\"https:\/\/conversys.global\/en\/solucoes\/\",\"url\":\"https:\/\/conversys.global\/en\/solucoes\/\",\"name\":\"Solu\u00e7\u00f5es - Conversys\",\"isPartOf\":{\"@id\":\"https:\/\/conversys.global\/en\/#website\"},\"datePublished\":\"2024-08-07T14:56:40+00:00\",\"dateModified\":\"2024-08-07T16:39:49+00:00\",\"breadcrumb\":{\"@id\":\"https:\/\/conversys.global\/en\/solucoes\/#breadcrumb\"},\"inLanguage\":\"en-US\",\"potentialAction\":[{\"@type\":\"ReadAction\",\"target\":[\"https:\/\/conversys.global\/en\/solucoes\/\"]}]},{\"@type\":\"BreadcrumbList\",\"@id\":\"https:\/\/conversys.global\/en\/solucoes\/#breadcrumb\",\"itemListElement\":[{\"@type\":\"ListItem\",\"position\":1,\"name\":\"Home\",\"item\":\"https:\/\/conversys.global\/\"},{\"@type\":\"ListItem\",\"position\":2,\"name\":\"Solu\u00e7\u00f5es\"}]},{\"@type\":\"WebSite\",\"@id\":\"https:\/\/conversys.global\/en\/#website\",\"url\":\"https:\/\/conversys.global\/en\/\",\"name\":\"Conversys\",\"description\":\"IT Solutions\",\"publisher\":{\"@id\":\"https:\/\/conversys.global\/en\/#organization\"},\"potentialAction\":[{\"@type\":\"SearchAction\",\"target\":{\"@type\":\"EntryPoint\",\"urlTemplate\":\"https:\/\/conversys.global\/en\/?s={search_term_string}\"},\"query-input\":{\"@type\":\"PropertyValueSpecification\",\"valueRequired\":true,\"valueName\":\"search_term_string\"}}],\"inLanguage\":\"en-US\"},{\"@type\":\"Organization\",\"@id\":\"https:\/\/conversys.global\/en\/#organization\",\"name\":\"Conversys\",\"url\":\"https:\/\/conversys.global\/en\/\",\"logo\":{\"@type\":\"ImageObject\",\"inLanguage\":\"en-US\",\"@id\":\"https:\/\/conversys.global\/en\/#\/schema\/logo\/image\/\",\"url\":\"https:\/\/conversys.global\/wp-content\/uploads\/2024\/03\/conversys.svg\",\"contentUrl\":\"https:\/\/conversys.global\/wp-content\/uploads\/2024\/03\/conversys.svg\",\"width\":219,\"height\":40,\"caption\":\"Conversys\"},\"image\":{\"@id\":\"https:\/\/conversys.global\/en\/#\/schema\/logo\/image\/\"}}]}<\/script>\n<!-- \/ Yoast SEO plugin. -->","yoast_head_json":{"title":"Solutions - Conversys","robots":{"index":"index","follow":"follow","max-snippet":"max-snippet:-1","max-image-preview":"max-image-preview:large","max-video-preview":"max-video-preview:-1"},"canonical":"https:\/\/conversys.global\/en\/solucoes\/","og_locale":"en_US","og_type":"article","og_title":"Solu\u00e7\u00f5es - Conversys","og_url":"https:\/\/conversys.global\/en\/solucoes\/","og_site_name":"Conversys","article_modified_time":"2024-08-07T16:39:49+00:00","twitter_card":"summary_large_image","twitter_misc":{"Est. reading time":"1 minute"},"schema":{"@context":"https:\/\/schema.org","@graph":[{"@type":"WebPage","@id":"https:\/\/conversys.global\/en\/solucoes\/","url":"https:\/\/conversys.global\/en\/solucoes\/","name":"Solutions - Conversys","isPartOf":{"@id":"https:\/\/conversys.global\/en\/#website"},"datePublished":"2024-08-07T14:56:40+00:00","dateModified":"2024-08-07T16:39:49+00:00","breadcrumb":{"@id":"https:\/\/conversys.global\/en\/solucoes\/#breadcrumb"},"inLanguage":"en-US","potentialAction":[{"@type":"ReadAction","target":["https:\/\/conversys.global\/en\/solucoes\/"]}]},{"@type":"BreadcrumbList","@id":"https:\/\/conversys.global\/en\/solucoes\/#breadcrumb","itemListElement":[{"@type":"ListItem","position":1,"name":"Home","item":"https:\/\/conversys.global\/"},{"@type":"ListItem","position":2,"name":"Solu\u00e7\u00f5es"}]},{"@type":"WebSite","@id":"https:\/\/conversys.global\/en\/#website","url":"https:\/\/conversys.global\/en\/","name":"Conversys","description":"IT Solutions","publisher":{"@id":"https:\/\/conversys.global\/en\/#organization"},"potentialAction":[{"@type":"SearchAction","target":{"@type":"EntryPoint","urlTemplate":"https:\/\/conversys.global\/en\/?s={search_term_string}"},"query-input":{"@type":"PropertyValueSpecification","valueRequired":true,"valueName":"search_term_string"}}],"inLanguage":"en-US"},{"@type":"Organization","@id":"https:\/\/conversys.global\/en\/#organization","name":"Conversys","url":"https:\/\/conversys.global\/en\/","logo":{"@type":"ImageObject","inLanguage":"en-US","@id":"https:\/\/conversys.global\/en\/#\/schema\/logo\/image\/","url":"https:\/\/conversys.global\/wp-content\/uploads\/2024\/03\/conversys.svg","contentUrl":"https:\/\/conversys.global\/wp-content\/uploads\/2024\/03\/conversys.svg","width":219,"height":40,"caption":"Conversys"},"image":{"@id":"https:\/\/conversys.global\/en\/#\/schema\/logo\/image\/"}}]}},"_links":{"self":[{"href":"https:\/\/conversys.global\/en\/wp-json\/wp\/v2\/pages\/787"}],"collection":[{"href":"https:\/\/conversys.global\/en\/wp-json\/wp\/v2\/pages"}],"about":[{"href":"https:\/\/conversys.global\/en\/wp-json\/wp\/v2\/types\/page"}],"author":[{"embeddable":true,"href":"https:\/\/conversys.global\/en\/wp-json\/wp\/v2\/users\/5"}],"replies":[{"embeddable":true,"href":"https:\/\/conversys.global\/en\/wp-json\/wp\/v2\/comments?post=787"}],"version-history":[{"count":8,"href":"https:\/\/conversys.global\/en\/wp-json\/wp\/v2\/pages\/787\/revisions"}],"predecessor-version":[{"id":797,"href":"https:\/\/conversys.global\/en\/wp-json\/wp\/v2\/pages\/787\/revisions\/797"}],"wp:attachment":[{"href":"https:\/\/conversys.global\/en\/wp-json\/wp\/v2\/media?parent=787"}],"curies":[{"name":"wp","href":"https:\/\/api.w.org\/{rel}","templated":true}]}}