{"id":3,"date":"2022-03-14T21:07:10","date_gmt":"2022-03-15T00:07:10","guid":{"rendered":"https:\/\/conversys.global\/?page_id=3"},"modified":"2024-04-01T17:51:49","modified_gmt":"2024-04-01T20:51:49","slug":"politica-de-privacidade","status":"publish","type":"page","link":"https:\/\/conversys.global\/es\/politica-de-privacidade\/","title":{"rendered":"Pol\u00edtica de privacidad"},"content":{"rendered":"<div class=\"wpb-content-wrapper\"><section class=\"vc_section vc_custom_1712004707885\"><div class=\"vc_row wpb_row vc_row-fluid\"><div class=\"wpb_column vc_column_container vc_col-sm-12\"><div class=\"vc_column-inner\"><div class=\"wpb_wrapper\">\n\t<div class=\"wpb_text_column wpb_content_element\" >\n\t\t<div class=\"wpb_wrapper\">\n\t\t\t<p>Su privacidad es importante para nosotros. La pol\u00edtica de Conversys es respetar su privacidad con respecto a cualquier informaci\u00f3n que podamos recopilar de usted a trav\u00e9s de nuestro sitio web. <a href=\"https:\/\/www.conversys.com.br\/\">Conversys<\/a>y otros sitios que poseemos y gestionamos.<\/p>\n<p>S\u00f3lo solicitamos informaci\u00f3n personal cuando realmente la necesitamos para prestarle un servicio. Lo hacemos por medios justos y legales, con su conocimiento y consentimiento. Tambi\u00e9n le explicamos por qu\u00e9 la recabamos y c\u00f3mo se utilizar\u00e1.<\/p>\n<p>S\u00f3lo conservamos la informaci\u00f3n recopilada durante el tiempo necesario para prestar el servicio solicitado. Cuando almacenamos datos, los protegemos con medios comercialmente aceptables para evitar p\u00e9rdidas y robos, as\u00ed como el acceso, la divulgaci\u00f3n, la copia, el uso o la modificaci\u00f3n no autorizados.<\/p>\n<p>No compartimos informaci\u00f3n personal identificable p\u00fablicamente ni con terceros, excepto cuando lo exige la ley.<\/p>\n<p>Nuestro sitio web puede contener enlaces a sitios web externos no gestionados por nosotros. Por favor, tenga en cuenta que no tenemos control sobre el contenido y las pr\u00e1cticas de estos sitios y no podemos aceptar responsabilidad por sus respectivas pol\u00edticas de privacidad.<\/p>\n<p>Usted es libre de rechazar nuestra solicitud de informaci\u00f3n personal entendiendo que es posible que no podamos prestarle algunos de los servicios que necesita.<\/p>\n<p>Su uso continuado de nuestro sitio web se considerar\u00e1 una aceptaci\u00f3n de nuestras pr\u00e1cticas en torno a la privacidad y la informaci\u00f3n personal. Si tiene alguna pregunta sobre c\u00f3mo tratamos los datos de los usuarios y la informaci\u00f3n personal, p\u00f3ngase en contacto con nosotros.<\/p>\n<h2>Pol\u00edtica de cookies de Conversys<\/h2>\n<h3>\u00bfQu\u00e9 son las cookies?<\/h3>\n<p>Como es pr\u00e1ctica habitual en casi todos los sitios web profesionales, este sitio utiliza cookies, que son peque\u00f1os archivos que se descargan en su ordenador para mejorar su experiencia. Esta p\u00e1gina describe qu\u00e9 informaci\u00f3n recogen, c\u00f3mo la utilizamos y por qu\u00e9 a veces necesitamos almacenar estas cookies. Tambi\u00e9n le explicaremos c\u00f3mo puede evitar que se almacenen estas cookies, aunque esto puede degradar o \"romper\" ciertos elementos de la funcionalidad del sitio.<\/p>\n<h3>\u00bfC\u00f3mo utilizamos las cookies?<\/h3>\n<p>Utilizamos cookies por varias razones, que se detallan a continuaci\u00f3n. Lamentablemente, en la mayor\u00eda de los casos, no existen opciones est\u00e1ndar en la industria para desactivar las cookies sin desactivar por completo la funcionalidad y las caracter\u00edsticas que a\u00f1aden a este sitio web. Se recomienda que abandone todas las cookies si no est\u00e1 seguro de si las necesita o no en caso de que se utilicen para prestar un servicio que usted utilice.<\/p>\n<h3>Deshabilitar las cookies<\/h3>\n<p>Puede evitar la instalaci\u00f3n de cookies ajustando la configuraci\u00f3n de su navegador (consulte la Ayuda de su navegador para saber c\u00f3mo hacerlo). Tenga en cuenta que deshabilitar las cookies afectar\u00e1 a la funcionalidad de este sitio web y de muchos otros que visite. Por lo general, la desactivaci\u00f3n de las cookies conllevar\u00e1 la desactivaci\u00f3n de determinadas funciones y caracter\u00edsticas de este sitio web. Por lo tanto, le recomendamos que no desactive las cookies.<\/p>\n<h3>Cookies que instalamos<\/h3>\n<ul>\n<li>Cookies relacionadas con la cuentaSi crea una cuenta con nosotros, utilizaremos cookies para la gesti\u00f3n del proceso de inscripci\u00f3n y la administraci\u00f3n general. Por lo general, estas cookies se eliminan al cerrar la sesi\u00f3n, pero en algunos casos pueden permanecer despu\u00e9s para recordar sus preferencias en el sitio web cuando se vaya.<\/li>\n<li>Cookies relacionadas con el inicio de sesi\u00f3nUtilizamos cookies cuando inicia sesi\u00f3n para que podamos recordar esta acci\u00f3n. Esto evita que tenga que iniciar sesi\u00f3n cada vez que visita una nueva p\u00e1gina. Estas cookies suelen eliminarse o borrarse al cerrar la sesi\u00f3n para garantizar que solo pueda acceder a las funciones y \u00e1reas restringidas cuando inicie sesi\u00f3n.<\/li>\n<li>Cookies relacionadas con boletines por correo electr\u00f3nicoEste sitio ofrece servicios de bolet\u00edn o suscripci\u00f3n por correo electr\u00f3nico y se pueden utilizar cookies para recordar si ya est\u00e1 registrado y si mostrar ciertas notificaciones v\u00e1lidas s\u00f3lo para usuarios suscritos\/no suscritos.<\/li>\n<li>Cookies relacionadas con el procesamiento de pedidosEste sitio web ofrece facilidades de comercio electr\u00f3nico o de pago y algunas cookies son esenciales para garantizar que su pedido sea recordado entre p\u00e1ginas para que podamos procesarlo correctamente.<\/li>\n<li>Cookies relacionadas con encuestasPeri\u00f3dicamente ofrecemos encuestas y cuestionarios para proporcionar informaci\u00f3n interesante, herramientas \u00fatiles o para comprender mejor nuestra base de usuarios. Estas encuestas pueden utilizar cookies para recordar qui\u00e9n ha participado ya en una encuesta o para ofrecer resultados precisos despu\u00e9s de cambiar de p\u00e1gina.<\/li>\n<li>Cookies relacionadas con formulariosCuando se env\u00edan datos a trav\u00e9s de un formulario, como los que se encuentran en las p\u00e1ginas de contacto o en los formularios de comentarios, se pueden configurar cookies para recordar los datos del usuario para futuras correspondencias.<\/li>\n<li>Cookies de preferencias del sitioPara proporcionarle una gran experiencia en este sitio, le ofrecemos la funcionalidad de establecer sus preferencias sobre c\u00f3mo funciona este sitio cuando lo utiliza. Para recordar sus preferencias, necesitamos instalar cookies de modo que esta informaci\u00f3n pueda ser consultada cada vez que interact\u00fae con una p\u00e1gina afectada por sus preferencias.<\/li>\n<\/ul>\n<h3>Cookies de terceros<\/h3>\n<p>En algunos casos especiales, tambi\u00e9n utilizamos cookies proporcionadas por terceros de confianza. En la siguiente secci\u00f3n se detalla qu\u00e9 cookies de terceros puede encontrar a trav\u00e9s de este sitio web.<\/p>\n<ul>\n<li>Este sitio utiliza Google Analytics, que es una de las soluciones de an\u00e1lisis m\u00e1s extendidas y fiables de la web, para ayudarnos a comprender c\u00f3mo utiliza el sitio y c\u00f3mo podemos mejorar su experiencia. Estas cookies pueden rastrear aspectos como el tiempo que pasas en el sitio y las p\u00e1ginas que visitas, para que podamos seguir produciendo contenidos atractivos.<\/li>\n<\/ul>\n<p>Para obtener m\u00e1s informaci\u00f3n sobre las cookies de Google Analytics, consulte la p\u00e1gina oficial de Google Analytics.<\/p>\n<ul>\n<li>Los an\u00e1lisis de terceros se utilizan para rastrear y medir el uso de este sitio web, de modo que podamos seguir produciendo contenidos atractivos. Estas cookies pueden rastrear elementos como el tiempo que pasa en el sitio o las p\u00e1ginas que visita, lo que nos ayuda a entender c\u00f3mo podemos mejorar el sitio para usted.<\/li>\n<li>Peri\u00f3dicamente probamos nuevas funciones y hacemos cambios sutiles en el aspecto del sitio. Cuando a\u00fan estamos probando nuevas funciones, estas cookies pueden utilizarse para garantizar que usted recibe una experiencia coherente mientras est\u00e1 en el sitio, al tiempo que comprendemos qu\u00e9 optimizaciones aprecian m\u00e1s nuestros usuarios.<\/li>\n<li>Como vendemos productos, es importante para nosotros conocer las estad\u00edsticas sobre cu\u00e1ntos visitantes de nuestro sitio compran realmente, y este es el tipo de datos que rastrear\u00e1n estas cookies. Esto es importante para usted porque significa que podemos hacer previsiones comerciales precisas que nos permiten analizar nuestros costes de publicidad y productos para garantizar el mejor precio posible.<\/li>\n<\/ul>\n<p>&nbsp;<\/p>\n<h3>Compromiso de los usuarios<\/h3>\n<p>El usuario se compromete a hacer un uso adecuado de los contenidos e informaciones ofrecidos por Conversys en el sitio web, y ello con car\u00e1cter enunciativo pero no limitativo:<\/p>\n<ul>\n<li>A) No realizar actividades ilegales o contrarias a la buena fe o al orden p\u00fablico;<\/li>\n<li>B) No difundir propaganda o contenidos racistas o xen\u00f3fobos, <a style=\"color: inherit !important; text-decoration: none !important; font-size: inherit !important;\" href=\"https:\/\/avisodeprivacidad.info\/\" target=\"_BLANK\" rel=\"nofollow noopener\">generador de avisos de privacidad<\/a> o juegos de azar, cualquier tipo de pornograf\u00eda ilegal, apolog\u00eda del terrorismo o contra los derechos humanos;<\/li>\n<li>C) No provocar da\u00f1os en los sistemas f\u00edsicos (hardware) y l\u00f3gicos (software) de Conversys, de sus proveedores o de terceras personas, introducir o difundir en la red virus inform\u00e1ticos o cualesquiera otros sistemas f\u00edsicos o l\u00f3gicos que sean susceptibles de provocar los da\u00f1os anteriormente mencionados.<\/li>\n<\/ul>\n<h3>M\u00e1s informaci\u00f3n<\/h3>\n<p>Esperemos que esto se haya aclarado y, como se mencion\u00f3 anteriormente, si hay algo que no est\u00e1 seguro de si necesita o no, generalmente es m\u00e1s seguro dejar las cookies habilitadas si interact\u00faa con una de las funciones que utiliza en nuestro sitio.<\/p>\n<p>Esta pol\u00edtica entrar\u00e1 en vigor a partir del <strong>25 de enero de 2024<\/strong><\/p>\n\n\t\t<\/div>\n\t<\/div>\n<\/div><\/div><\/div><\/div><\/section>\n<\/div>","protected":false},"excerpt":{"rendered":"A sua privacidade \u00e9 importante para n\u00f3s. \u00c9 pol\u00edtica do Conversys respeitar a sua privacidade em rela\u00e7\u00e3o a qualquer informa\u00e7\u00e3o sua que [...]","protected":false},"author":5,"featured_media":0,"parent":0,"menu_order":0,"comment_status":"closed","ping_status":"closed","template":"","meta":{"_acf_changed":false,"inline_featured_image":false,"footnotes":""},"class_list":["post-3","page","type-page","status-publish","hentry"],"acf":[],"yoast_head":"<!-- This site is optimized with the Yoast SEO plugin v25.6 - https:\/\/yoast.com\/wordpress\/plugins\/seo\/ -->\n<title>Pol\u00edtica de privacidade - Conversys<\/title>\n<meta name=\"robots\" content=\"index, follow, max-snippet:-1, max-image-preview:large, max-video-preview:-1\" \/>\n<link rel=\"canonical\" href=\"https:\/\/conversys.global\/es\/politica-de-privacidade\/\" \/>\n<meta property=\"og:locale\" content=\"es_ES\" \/>\n<meta property=\"og:type\" content=\"article\" \/>\n<meta property=\"og:title\" content=\"Pol\u00edtica de privacidade - Conversys\" \/>\n<meta property=\"og:url\" content=\"https:\/\/conversys.global\/es\/politica-de-privacidade\/\" \/>\n<meta property=\"og:site_name\" content=\"Conversys\" \/>\n<meta property=\"article:modified_time\" content=\"2024-04-01T20:51:49+00:00\" \/>\n<meta name=\"twitter:card\" content=\"summary_large_image\" \/>\n<meta name=\"twitter:label1\" content=\"Tiempo estimado de lectura\" \/>\n\t<meta name=\"twitter:data1\" content=\"7 minutos\" \/>\n<script type=\"application\/ld+json\" class=\"yoast-schema-graph\">{\"@context\":\"https:\/\/schema.org\",\"@graph\":[{\"@type\":\"WebPage\",\"@id\":\"https:\/\/conversys.global\/es\/politica-de-privacidade\/\",\"url\":\"https:\/\/conversys.global\/es\/politica-de-privacidade\/\",\"name\":\"Pol\u00edtica de privacidade - Conversys\",\"isPartOf\":{\"@id\":\"https:\/\/conversys.global\/es\/#website\"},\"datePublished\":\"2022-03-15T00:07:10+00:00\",\"dateModified\":\"2024-04-01T20:51:49+00:00\",\"breadcrumb\":{\"@id\":\"https:\/\/conversys.global\/es\/politica-de-privacidade\/#breadcrumb\"},\"inLanguage\":\"es-CL\",\"potentialAction\":[{\"@type\":\"ReadAction\",\"target\":[\"https:\/\/conversys.global\/es\/politica-de-privacidade\/\"]}]},{\"@type\":\"BreadcrumbList\",\"@id\":\"https:\/\/conversys.global\/es\/politica-de-privacidade\/#breadcrumb\",\"itemListElement\":[{\"@type\":\"ListItem\",\"position\":1,\"name\":\"Home\",\"item\":\"https:\/\/conversys.global\/\"},{\"@type\":\"ListItem\",\"position\":2,\"name\":\"Pol\u00edtica de privacidade\"}]},{\"@type\":\"WebSite\",\"@id\":\"https:\/\/conversys.global\/es\/#website\",\"url\":\"https:\/\/conversys.global\/es\/\",\"name\":\"Conversys\",\"description\":\"IT Solutions\",\"publisher\":{\"@id\":\"https:\/\/conversys.global\/es\/#organization\"},\"potentialAction\":[{\"@type\":\"SearchAction\",\"target\":{\"@type\":\"EntryPoint\",\"urlTemplate\":\"https:\/\/conversys.global\/es\/?s={search_term_string}\"},\"query-input\":{\"@type\":\"PropertyValueSpecification\",\"valueRequired\":true,\"valueName\":\"search_term_string\"}}],\"inLanguage\":\"es-CL\"},{\"@type\":\"Organization\",\"@id\":\"https:\/\/conversys.global\/es\/#organization\",\"name\":\"Conversys\",\"url\":\"https:\/\/conversys.global\/es\/\",\"logo\":{\"@type\":\"ImageObject\",\"inLanguage\":\"es-CL\",\"@id\":\"https:\/\/conversys.global\/es\/#\/schema\/logo\/image\/\",\"url\":\"https:\/\/conversys.global\/wp-content\/uploads\/2024\/03\/conversys.svg\",\"contentUrl\":\"https:\/\/conversys.global\/wp-content\/uploads\/2024\/03\/conversys.svg\",\"width\":219,\"height\":40,\"caption\":\"Conversys\"},\"image\":{\"@id\":\"https:\/\/conversys.global\/es\/#\/schema\/logo\/image\/\"}}]}<\/script>\n<!-- \/ Yoast SEO plugin. -->","yoast_head_json":{"title":"Pol\u00edtica de privacidad - Conversys","robots":{"index":"index","follow":"follow","max-snippet":"max-snippet:-1","max-image-preview":"max-image-preview:large","max-video-preview":"max-video-preview:-1"},"canonical":"https:\/\/conversys.global\/es\/politica-de-privacidade\/","og_locale":"es_ES","og_type":"article","og_title":"Pol\u00edtica de privacidade - Conversys","og_url":"https:\/\/conversys.global\/es\/politica-de-privacidade\/","og_site_name":"Conversys","article_modified_time":"2024-04-01T20:51:49+00:00","twitter_card":"summary_large_image","twitter_misc":{"Tiempo estimado de lectura":"7 minutos"},"schema":{"@context":"https:\/\/schema.org","@graph":[{"@type":"WebPage","@id":"https:\/\/conversys.global\/es\/politica-de-privacidade\/","url":"https:\/\/conversys.global\/es\/politica-de-privacidade\/","name":"Pol\u00edtica de privacidad - Conversys","isPartOf":{"@id":"https:\/\/conversys.global\/es\/#website"},"datePublished":"2022-03-15T00:07:10+00:00","dateModified":"2024-04-01T20:51:49+00:00","breadcrumb":{"@id":"https:\/\/conversys.global\/es\/politica-de-privacidade\/#breadcrumb"},"inLanguage":"es-CL","potentialAction":[{"@type":"ReadAction","target":["https:\/\/conversys.global\/es\/politica-de-privacidade\/"]}]},{"@type":"BreadcrumbList","@id":"https:\/\/conversys.global\/es\/politica-de-privacidade\/#breadcrumb","itemListElement":[{"@type":"ListItem","position":1,"name":"Home","item":"https:\/\/conversys.global\/"},{"@type":"ListItem","position":2,"name":"Pol\u00edtica de privacidade"}]},{"@type":"WebSite","@id":"https:\/\/conversys.global\/es\/#website","url":"https:\/\/conversys.global\/es\/","name":"Conversys","description":"Soluciones inform\u00e1ticas","publisher":{"@id":"https:\/\/conversys.global\/es\/#organization"},"potentialAction":[{"@type":"SearchAction","target":{"@type":"EntryPoint","urlTemplate":"https:\/\/conversys.global\/es\/?s={search_term_string}"},"query-input":{"@type":"PropertyValueSpecification","valueRequired":true,"valueName":"search_term_string"}}],"inLanguage":"es-CL"},{"@type":"Organization","@id":"https:\/\/conversys.global\/es\/#organization","name":"Conversys","url":"https:\/\/conversys.global\/es\/","logo":{"@type":"ImageObject","inLanguage":"es-CL","@id":"https:\/\/conversys.global\/es\/#\/schema\/logo\/image\/","url":"https:\/\/conversys.global\/wp-content\/uploads\/2024\/03\/conversys.svg","contentUrl":"https:\/\/conversys.global\/wp-content\/uploads\/2024\/03\/conversys.svg","width":219,"height":40,"caption":"Conversys"},"image":{"@id":"https:\/\/conversys.global\/es\/#\/schema\/logo\/image\/"}}]}},"_links":{"self":[{"href":"https:\/\/conversys.global\/es\/wp-json\/wp\/v2\/pages\/3"}],"collection":[{"href":"https:\/\/conversys.global\/es\/wp-json\/wp\/v2\/pages"}],"about":[{"href":"https:\/\/conversys.global\/es\/wp-json\/wp\/v2\/types\/page"}],"author":[{"embeddable":true,"href":"https:\/\/conversys.global\/es\/wp-json\/wp\/v2\/users\/5"}],"replies":[{"embeddable":true,"href":"https:\/\/conversys.global\/es\/wp-json\/wp\/v2\/comments?post=3"}],"version-history":[{"count":4,"href":"https:\/\/conversys.global\/es\/wp-json\/wp\/v2\/pages\/3\/revisions"}],"predecessor-version":[{"id":450,"href":"https:\/\/conversys.global\/es\/wp-json\/wp\/v2\/pages\/3\/revisions\/450"}],"wp:attachment":[{"href":"https:\/\/conversys.global\/es\/wp-json\/wp\/v2\/media?parent=3"}],"curies":[{"name":"wp","href":"https:\/\/api.w.org\/{rel}","templated":true}]}}