{"id":34475,"date":"2025-05-01T11:54:30","date_gmt":"2025-05-01T14:54:30","guid":{"rendered":"https:\/\/conversys.global\/?page_id=34475"},"modified":"2025-05-07T16:40:42","modified_gmt":"2025-05-07T19:40:42","slug":"dicas-de-seguranca","status":"publish","type":"page","link":"https:\/\/conversys.global\/es\/dicas-de-seguranca\/","title":{"rendered":"Consejos de seguridad"},"content":{"rendered":"<div class=\"wpb-content-wrapper\"><section id=\"banner-dicas\" class=\"vc_section vc_custom_1746110967519 vc_section-has-fill\"><div class=\"vc_row wpb_row vc_row-fluid\"><div class=\"wpb_column vc_column_container vc_col-sm-6\"><div class=\"vc_column-inner\"><div class=\"wpb_wrapper\">\n\t<div class=\"wpb_text_column wpb_content_element\" >\n\t\t<div class=\"wpb_wrapper\">\n\t\t\t<h4 class=\"blue\" style=\"text-align: center;\">M\u00e9todos de seguridad de la informaci\u00f3n<\/h4>\n<h1 style=\"text-align: center;\">Consejos de seguridad<\/h1>\n<p style=\"text-align: center;\">He aqu\u00ed algunos consejos y buenas pr\u00e1cticas en materia de seguridad de la informaci\u00f3n que puede adoptar en su d\u00eda a d\u00eda para proteger sus datos y garantizar la seguridad en l\u00ednea:<\/p>\n\n\t\t<\/div>\n\t<\/div>\n<\/div><\/div><\/div><\/div><\/section><section class=\"vc_section\"><div class=\"vc_row wpb_row vc_row-fluid\"><div class=\"wpb_column vc_column_container vc_col-sm-12\"><div class=\"vc_column-inner\"><div class=\"wpb_wrapper\">\n\t<div class=\"wpb_text_column wpb_content_element\" >\n\t\t<div class=\"wpb_wrapper\">\n\t\t\t<h4 style=\"text-align: center;\">Acceda a<\/h4>\n<h2 style=\"text-align: center;\">Protecci\u00f3n de cuentas y accesos<\/h2>\n\n\t\t<\/div>\n\t<\/div>\n<\/div><\/div><\/div><\/div><div class=\"vc_row wpb_row vc_row-fluid icons\"><div class=\"wpb_column vc_column_container vc_col-sm-4\"><div class=\"vc_column-inner\"><div class=\"wpb_wrapper\"><div class=\"vc_row wpb_row vc_inner vc_row-fluid\"><div class=\"wpb_column vc_column_container vc_col-sm-12\"><div class=\"vc_column-inner\"><div class=\"wpb_wrapper\">\n\t<div  class=\"wpb_single_image wpb_content_element vc_align_left wpb_content_element\">\n\t\t\n\t\t<figure class=\"wpb_wrapper vc_figure\">\n\t\t\t<div class=\"vc_single_image-wrapper   vc_box_border_grey\"><img decoding=\"async\" width=\"60\" height=\"60\" src=\"https:\/\/conversys.global\/wp-content\/uploads\/2025\/05\/d1.svg\" class=\"vc_single_image-img attachment-full\" alt=\"\" title=\"d1\" \/><\/div>\n\t\t<\/figure>\n\t<\/div>\n\n\t<div class=\"wpb_text_column wpb_content_element\" >\n\t\t<div class=\"wpb_wrapper\">\n\t\t\t<h3>Utilice contrase\u00f1as seguras y \u00fanicas<\/h3>\n<p>Crea contrase\u00f1as largas, complejas y \u00fanicas para cada cuenta (combinando letras may\u00fasculas y min\u00fasculas, n\u00fameros y caracteres especiales). Las contrase\u00f1as sencillas o reutilizadas se descubren f\u00e1cilmente en ataques de fuerza bruta.<\/p>\n\n\t\t<\/div>\n\t<\/div>\n<\/div><\/div><\/div><\/div><div class=\"vc_message_box vc_message_box-standard vc_message_box-rounded vc_color-danger vc_do_message\" ><div class=\"vc_message_box-icon\"><i class=\"far fa-lightbulb\"><\/i><\/div><p><strong>Consejo:<\/strong> Utilice un gestor de contrase\u00f1as para generar y almacenar contrase\u00f1as seguras.<\/p>\n<\/div><\/div><\/div><\/div><div class=\"wpb_column vc_column_container vc_col-sm-4\"><div class=\"vc_column-inner\"><div class=\"wpb_wrapper\"><div class=\"vc_row wpb_row vc_inner vc_row-fluid\"><div class=\"wpb_column vc_column_container vc_col-sm-12\"><div class=\"vc_column-inner\"><div class=\"wpb_wrapper\">\n\t<div  class=\"wpb_single_image wpb_content_element vc_align_left wpb_content_element\">\n\t\t\n\t\t<figure class=\"wpb_wrapper vc_figure\">\n\t\t\t<div class=\"vc_single_image-wrapper   vc_box_border_grey\"><img decoding=\"async\" width=\"60\" height=\"60\" src=\"https:\/\/conversys.global\/wp-content\/uploads\/2025\/05\/d2.svg\" class=\"vc_single_image-img attachment-full\" alt=\"\" title=\"d2\" \/><\/div>\n\t\t<\/figure>\n\t<\/div>\n\n\t<div class=\"wpb_text_column wpb_content_element\" >\n\t\t<div class=\"wpb_wrapper\">\n\t\t\t<h3>Activar la autenticaci\u00f3n multifactor (MFA)<\/h3>\n<p>Siempre que sea posible, activa la autenticaci\u00f3n multifactor para tus cuentas. Esto puede hacerse con un c\u00f3digo enviado por SMS o una aplicaci\u00f3n de autenticaci\u00f3n (como Google Authenticator o Microsoft Authenticator).<\/p>\n\n\t\t<\/div>\n\t<\/div>\n<\/div><\/div><\/div><\/div><div class=\"vc_message_box vc_message_box-standard vc_message_box-rounded vc_color-danger vc_do_message\" ><div class=\"vc_message_box-icon\"><i class=\"far fa-lightbulb\"><\/i><\/div><p><strong>Consejo:<\/strong> Active la AMF en correos electr\u00f3nicos, redes sociales, bancos y otros servicios sensibles.<\/p>\n<\/div><\/div><\/div><\/div><div class=\"wpb_column vc_column_container vc_col-sm-4\"><div class=\"vc_column-inner\"><div class=\"wpb_wrapper\"><div class=\"vc_row wpb_row vc_inner vc_row-fluid\"><div class=\"wpb_column vc_column_container vc_col-sm-12\"><div class=\"vc_column-inner\"><div class=\"wpb_wrapper\">\n\t<div  class=\"wpb_single_image wpb_content_element vc_align_left wpb_content_element\">\n\t\t\n\t\t<figure class=\"wpb_wrapper vc_figure\">\n\t\t\t<div class=\"vc_single_image-wrapper   vc_box_border_grey\"><img decoding=\"async\" width=\"60\" height=\"60\" src=\"https:\/\/conversys.global\/wp-content\/uploads\/2025\/05\/d3.svg\" class=\"vc_single_image-img attachment-full\" alt=\"\" title=\"d3\" \/><\/div>\n\t\t<\/figure>\n\t<\/div>\n\n\t<div class=\"wpb_text_column wpb_content_element\" >\n\t\t<div class=\"wpb_wrapper\">\n\t\t\t<h3>Evite las redes Wi-Fi p\u00fablicas<\/h3>\n<p>Evite acceder a informaci\u00f3n confidencial, como cuentas bancarias o correos electr\u00f3nicos, mientras est\u00e9 conectado a redes Wi-Fi p\u00fablicas o no seguras. Las redes Wi-Fi p\u00fablicas son vulnerables a los ataques y los hackers pueden interceptar los datos transmitidos.<\/p>\n\n\t\t<\/div>\n\t<\/div>\n<\/div><\/div><\/div><\/div><div class=\"vc_message_box vc_message_box-standard vc_message_box-rounded vc_color-danger vc_do_message\" ><div class=\"vc_message_box-icon\"><i class=\"far fa-lightbulb\"><\/i><\/div><p><strong>Consejo:<\/strong> Si necesita acceder a informaci\u00f3n sensible en una red p\u00fablica, utilice un <strong>VPN (red privada virtual)<\/strong> para encriptar tu conexi\u00f3n.<\/p>\n<\/div><\/div><\/div><\/div><\/div><\/section><section class=\"vc_section\"><div class=\"vc_row wpb_row vc_row-fluid\"><div class=\"wpb_column vc_column_container vc_col-sm-12\"><div class=\"vc_column-inner\"><div class=\"wpb_wrapper\">\n\t<div class=\"wpb_text_column wpb_content_element\" >\n\t\t<div class=\"wpb_wrapper\">\n\t\t\t<h4 style=\"text-align: center;\">Comportamiento<\/h4>\n<h2 style=\"text-align: center;\">Navegaci\u00f3n segura y comportamiento en l\u00ednea<\/h2>\n\n\t\t<\/div>\n\t<\/div>\n<\/div><\/div><\/div><\/div><div class=\"vc_row wpb_row vc_row-fluid icons foto\"><div class=\"wpb_column vc_column_container vc_col-sm-4\"><div class=\"vc_column-inner\"><div class=\"wpb_wrapper\"><div class=\"vc_row wpb_row vc_inner vc_row-fluid\"><div class=\"wpb_column vc_column_container vc_col-sm-12\"><div class=\"vc_column-inner\"><div class=\"wpb_wrapper\">\n\t<div  class=\"wpb_single_image wpb_content_element vc_align_left wpb_content_element\">\n\t\t\n\t\t<figure class=\"wpb_wrapper vc_figure\">\n\t\t\t<div class=\"vc_single_image-wrapper   vc_box_border_grey\"><img decoding=\"async\" width=\"500\" height=\"300\" src=\"https:\/\/conversys.global\/wp-content\/uploads\/2025\/05\/Cuidado-com-Phishing.jpg\" class=\"vc_single_image-img attachment-full\" alt=\"\" title=\"Cuidado con el phishing\" srcset=\"https:\/\/conversys.global\/wp-content\/uploads\/2025\/05\/Cuidado-com-Phishing.jpg 500w, https:\/\/conversys.global\/wp-content\/uploads\/2025\/05\/Cuidado-com-Phishing-300x180.jpg 300w, https:\/\/conversys.global\/wp-content\/uploads\/2025\/05\/Cuidado-com-Phishing-18x12.jpg 18w\" sizes=\"(max-width: 500px) 100vw, 500px\" \/><\/div>\n\t\t<\/figure>\n\t<\/div>\n\n\t<div class=\"wpb_text_column wpb_content_element\" >\n\t\t<div class=\"wpb_wrapper\">\n\t\t\t<h3>Cuidado con el phishing<\/h3>\n<p>Est\u00e9 atento a correos electr\u00f3nicos, mensajes de texto o enlaces sospechosos. No hagas clic en enlaces ni abras archivos adjuntos de fuentes desconocidas.<\/p>\n\n\t\t<\/div>\n\t<\/div>\n<\/div><\/div><\/div><\/div><div class=\"vc_message_box vc_message_box-standard vc_message_box-rounded vc_color-danger vc_do_message\" ><div class=\"vc_message_box-icon\"><i class=\"far fa-lightbulb\"><\/i><\/div><p><strong>Consejo:<\/strong> Compruebe siempre la direcci\u00f3n de correo electr\u00f3nico del remitente y evite hacer clic directamente en los enlaces. Acceda a los sitios manualmente escribiendo la direcci\u00f3n en su navegador.<\/p>\n<\/div><\/div><\/div><\/div><div class=\"wpb_column vc_column_container vc_col-sm-4\"><div class=\"vc_column-inner\"><div class=\"wpb_wrapper\"><div class=\"vc_row wpb_row vc_inner vc_row-fluid\"><div class=\"wpb_column vc_column_container vc_col-sm-12\"><div class=\"vc_column-inner\"><div class=\"wpb_wrapper\">\n\t<div  class=\"wpb_single_image wpb_content_element vc_align_left wpb_content_element\">\n\t\t\n\t\t<figure class=\"wpb_wrapper vc_figure\">\n\t\t\t<div class=\"vc_single_image-wrapper   vc_box_border_grey\"><img decoding=\"async\" width=\"500\" height=\"300\" src=\"https:\/\/conversys.global\/wp-content\/uploads\/2025\/05\/Mantenha-Seus-Dispositivos-Atualizados.jpg\" class=\"vc_single_image-img attachment-full\" alt=\"\" title=\"Mant\u00e9n tus dispositivos actualizados\" srcset=\"https:\/\/conversys.global\/wp-content\/uploads\/2025\/05\/Mantenha-Seus-Dispositivos-Atualizados.jpg 500w, https:\/\/conversys.global\/wp-content\/uploads\/2025\/05\/Mantenha-Seus-Dispositivos-Atualizados-300x180.jpg 300w, https:\/\/conversys.global\/wp-content\/uploads\/2025\/05\/Mantenha-Seus-Dispositivos-Atualizados-18x12.jpg 18w\" sizes=\"(max-width: 500px) 100vw, 500px\" \/><\/div>\n\t\t<\/figure>\n\t<\/div>\n\n\t<div class=\"wpb_text_column wpb_content_element\" >\n\t\t<div class=\"wpb_wrapper\">\n\t\t\t<h3>Mant\u00e9n tus dispositivos actualizados<\/h3>\n<p>Aseg\u00farese de que su sistema operativo, aplicaciones y programas de seguridad (como antivirus) est\u00e1n siempre actualizados. Las actualizaciones suelen corregir fallos de seguridad que podr\u00edan aprovechar los piratas inform\u00e1ticos.<\/p>\n\n\t\t<\/div>\n\t<\/div>\n<\/div><\/div><\/div><\/div><div class=\"vc_message_box vc_message_box-standard vc_message_box-rounded vc_color-danger vc_do_message\" ><div class=\"vc_message_box-icon\"><i class=\"far fa-lightbulb\"><\/i><\/div><p><strong>Consejo:<\/strong> Active las actualizaciones autom\u00e1ticas siempre que sea posible.<\/p>\n<\/div><\/div><\/div><\/div><div class=\"wpb_column vc_column_container vc_col-sm-4\"><div class=\"vc_column-inner\"><div class=\"wpb_wrapper\"><div class=\"vc_row wpb_row vc_inner vc_row-fluid\"><div class=\"wpb_column vc_column_container vc_col-sm-12\"><div class=\"vc_column-inner\"><div class=\"wpb_wrapper\">\n\t<div  class=\"wpb_single_image wpb_content_element vc_align_left wpb_content_element\">\n\t\t\n\t\t<figure class=\"wpb_wrapper vc_figure\">\n\t\t\t<div class=\"vc_single_image-wrapper   vc_box_border_grey\"><img decoding=\"async\" width=\"500\" height=\"300\" src=\"https:\/\/conversys.global\/wp-content\/uploads\/2025\/05\/Cuidado-ao-Compartilhar-Informacoes-Online.jpg\" class=\"vc_single_image-img attachment-full\" alt=\"\" title=\"Cuidado al compartir informaci\u00f3n en Internet\" srcset=\"https:\/\/conversys.global\/wp-content\/uploads\/2025\/05\/Cuidado-ao-Compartilhar-Informacoes-Online.jpg 500w, https:\/\/conversys.global\/wp-content\/uploads\/2025\/05\/Cuidado-ao-Compartilhar-Informacoes-Online-300x180.jpg 300w, https:\/\/conversys.global\/wp-content\/uploads\/2025\/05\/Cuidado-ao-Compartilhar-Informacoes-Online-18x12.jpg 18w\" sizes=\"(max-width: 500px) 100vw, 500px\" \/><\/div>\n\t\t<\/figure>\n\t<\/div>\n\n\t<div class=\"wpb_text_column wpb_content_element\" >\n\t\t<div class=\"wpb_wrapper\">\n\t\t\t<h3>Cuidado al compartir informaci\u00f3n en Internet<\/h3>\n<p>Evita compartir informaci\u00f3n personal, como n\u00fameros de documento, direcciones o contrase\u00f1as, en sitios web poco fiables o con personas que no conozcas bien. Cuanto m\u00e1s compartas en l\u00ednea, m\u00e1s vulnerable ser\u00e1s a los ataques de ingenier\u00eda social o al robo de identidad.<\/p>\n\n\t\t<\/div>\n\t<\/div>\n<\/div><\/div><\/div><\/div><div class=\"vc_message_box vc_message_box-standard vc_message_box-rounded vc_color-danger vc_do_message\" ><div class=\"vc_message_box-icon\"><i class=\"far fa-lightbulb\"><\/i><\/div><p><strong>Consejo:<\/strong> Revisa los permisos y la configuraci\u00f3n de privacidad de tus redes sociales.<\/p>\n<\/div><\/div><\/div><\/div><\/div><\/section><section id=\"manutencao\" class=\"vc_section vc_custom_1746115258467 vc_section-has-fill\"><div class=\"vc_row wpb_row vc_row-fluid\"><div class=\"wpb_column vc_column_container vc_col-sm-12\"><div class=\"vc_column-inner\"><div class=\"wpb_wrapper\">\n\t<div class=\"wpb_text_column wpb_content_element\" >\n\t\t<div class=\"wpb_wrapper\">\n\t\t\t<h4 style=\"text-align: center;\">Mantenimiento<\/h4>\n<h2 style=\"text-align: center;\">Mantenimiento t\u00e9cnico y prevenci\u00f3n<\/h2>\n\n\t\t<\/div>\n\t<\/div>\n<\/div><\/div><\/div><\/div><div class=\"vc_row wpb_row vc_row-fluid icons nobg\"><div class=\"wpb_column vc_column_container vc_col-sm-4\"><div class=\"vc_column-inner\"><div class=\"wpb_wrapper\">\n\t<div  class=\"wpb_single_image wpb_content_element vc_align_left wpb_content_element\">\n\t\t\n\t\t<figure class=\"wpb_wrapper vc_figure\">\n\t\t\t<div class=\"vc_single_image-wrapper   vc_box_border_grey\"><img decoding=\"async\" width=\"60\" height=\"60\" src=\"https:\/\/conversys.global\/wp-content\/uploads\/2025\/05\/d7.svg\" class=\"vc_single_image-img attachment-full\" alt=\"\" title=\"d7\" \/><\/div>\n\t\t<\/figure>\n\t<\/div>\n\n\t<div class=\"wpb_text_column wpb_content_element\" >\n\t\t<div class=\"wpb_wrapper\">\n\t\t\t<h3>Realice copias de seguridad con regularidad<\/h3>\n<p>Haz copias de seguridad de tus datos con regularidad, preferiblemente en m\u00e1s de un lugar (como un disco duro externo y en la nube). Si tus datos se pierden o son secuestrados en un ataque de ransomware, tendr\u00e1s una copia segura.<\/p>\n\n\t\t<\/div>\n\t<\/div>\n<div class=\"vc_message_box vc_message_box-standard vc_message_box-rounded vc_color-danger vc_do_message\" ><div class=\"vc_message_box-icon\"><i class=\"far fa-lightbulb\"><\/i><\/div><p><strong>Consejo:<\/strong> Utiliza una soluci\u00f3n de copia de seguridad automatizada para asegurarte de que tus datos est\u00e1n siempre respaldados.<\/p>\n<\/div><\/div><\/div><\/div><div class=\"wpb_column vc_column_container vc_col-sm-4\"><div class=\"vc_column-inner\"><div class=\"wpb_wrapper\">\n\t<div  class=\"wpb_single_image wpb_content_element vc_align_left wpb_content_element\">\n\t\t\n\t\t<figure class=\"wpb_wrapper vc_figure\">\n\t\t\t<div class=\"vc_single_image-wrapper   vc_box_border_grey\"><img decoding=\"async\" width=\"60\" height=\"60\" src=\"https:\/\/conversys.global\/wp-content\/uploads\/2025\/05\/d8.svg\" class=\"vc_single_image-img attachment-full\" alt=\"\" title=\"d8\" \/><\/div>\n\t\t<\/figure>\n\t<\/div>\n\n\t<div class=\"wpb_text_column wpb_content_element\" >\n\t\t<div class=\"wpb_wrapper\">\n\t\t\t<h3>Tenga cuidado con los programas maliciosos<\/h3>\n<p>Evita descargar e instalar programas de fuentes poco fiables o desconocidas. Los programas maliciosos pueden da\u00f1ar tu dispositivo o robar tus datos.<\/p>\n\n\t\t<\/div>\n\t<\/div>\n<div class=\"vc_message_box vc_message_box-standard vc_message_box-rounded vc_color-danger vc_do_message\" ><div class=\"vc_message_box-icon\"><i class=\"far fa-lightbulb\"><\/i><\/div><p><strong>Consejo:<\/strong> Comprueba siempre la reputaci\u00f3n del software antes de instalarlo y utiliza herramientas antivirus para escanear los archivos.<\/p>\n<\/div><\/div><\/div><\/div><div class=\"wpb_column vc_column_container vc_col-sm-4\"><div class=\"vc_column-inner\"><div class=\"wpb_wrapper\">\n\t<div  class=\"wpb_single_image wpb_content_element vc_align_left wpb_content_element\">\n\t\t\n\t\t<figure class=\"wpb_wrapper vc_figure\">\n\t\t\t<div class=\"vc_single_image-wrapper   vc_box_border_grey\"><img decoding=\"async\" width=\"60\" height=\"60\" src=\"https:\/\/conversys.global\/wp-content\/uploads\/2025\/05\/d9.svg\" class=\"vc_single_image-img attachment-full\" alt=\"\" title=\"d9\" \/><\/div>\n\t\t<\/figure>\n\t<\/div>\n\n\t<div class=\"wpb_text_column wpb_content_element\" >\n\t\t<div class=\"wpb_wrapper\">\n\t\t\t<h3>Gestione el acceso a sus dispositivos<\/h3>\n<p>No dejes tus dispositivos desprotegidos, especialmente en lugares p\u00fablicos. Si alguien consigue acceder f\u00edsicamente a tu dispositivo, puede obtener tu informaci\u00f3n personal y datos sensibles.<\/p>\n\n\t\t<\/div>\n\t<\/div>\n<div class=\"vc_message_box vc_message_box-standard vc_message_box-rounded vc_color-danger vc_do_message\" ><div class=\"vc_message_box-icon\"><i class=\"far fa-lightbulb\"><\/i><\/div><p><strong>Consejo:<\/strong> Bloquee siempre la pantalla de su tel\u00e9fono m\u00f3vil u ordenador cuando no los utilice.<\/p>\n<\/div><\/div><\/div><\/div><\/div><\/section><section id=\"cta\" class=\"vc_section\"><div class=\"vc_row wpb_row vc_row-fluid\"><div class=\"wpb_column vc_column_container vc_col-sm-12\"><div class=\"vc_column-inner\"><div class=\"wpb_wrapper\">\n\t<div class=\"wpb_text_column wpb_content_element\" >\n\t\t<div class=\"wpb_wrapper\">\n\t\t\t<h2>Cuidado diario, seguridad continua<\/h2>\n<p>Si adoptas estas pr\u00e1cticas en tu vida diaria, podr\u00e1s proteger tu informaci\u00f3n personal y reducir el riesgo de ser v\u00edctima de la ciberdelincuencia. La seguridad digital es una responsabilidad permanente, y cuantas m\u00e1s precauciones tomes, m\u00e1s seguro estar\u00e1s.<\/p>\n\n\t\t<\/div>\n\t<\/div>\n<\/div><\/div><\/div><\/div><\/section>\n<\/div>","protected":false},"excerpt":{"rendered":"M\u00e9todos de Seguran\u00e7a de Informa\u00e7\u00e3o Dicas de Seguran\u00e7a Aqui est\u00e3o algumas dicas e melhores pr\u00e1ticas de Seguran\u00e7a da Informa\u00e7\u00e3o que voc\u00ea pode [...]","protected":false},"author":5,"featured_media":0,"parent":0,"menu_order":0,"comment_status":"closed","ping_status":"closed","template":"","meta":{"_acf_changed":false,"inline_featured_image":false,"footnotes":""},"class_list":["post-34475","page","type-page","status-publish","hentry"],"acf":[],"yoast_head":"<!-- This site is optimized with the Yoast SEO plugin v25.6 - https:\/\/yoast.com\/wordpress\/plugins\/seo\/ -->\n<title>Dicas de seguran\u00e7a - Conversys<\/title>\n<meta name=\"robots\" content=\"index, follow, max-snippet:-1, max-image-preview:large, max-video-preview:-1\" \/>\n<link rel=\"canonical\" href=\"https:\/\/conversys.global\/es\/dicas-de-seguranca\/\" \/>\n<meta property=\"og:locale\" content=\"es_ES\" \/>\n<meta property=\"og:type\" content=\"article\" \/>\n<meta property=\"og:title\" content=\"Dicas de seguran\u00e7a - Conversys\" \/>\n<meta property=\"og:url\" content=\"https:\/\/conversys.global\/es\/dicas-de-seguranca\/\" \/>\n<meta property=\"og:site_name\" content=\"Conversys\" \/>\n<meta property=\"article:modified_time\" content=\"2025-05-07T19:40:42+00:00\" \/>\n<meta name=\"twitter:card\" content=\"summary_large_image\" \/>\n<meta name=\"twitter:label1\" content=\"Tiempo estimado de lectura\" \/>\n\t<meta name=\"twitter:data1\" content=\"5 minutos\" \/>\n<script type=\"application\/ld+json\" class=\"yoast-schema-graph\">{\"@context\":\"https:\/\/schema.org\",\"@graph\":[{\"@type\":\"WebPage\",\"@id\":\"https:\/\/conversys.global\/es\/dicas-de-seguranca\/\",\"url\":\"https:\/\/conversys.global\/es\/dicas-de-seguranca\/\",\"name\":\"Dicas de seguran\u00e7a - Conversys\",\"isPartOf\":{\"@id\":\"https:\/\/conversys.global\/es\/#website\"},\"datePublished\":\"2025-05-01T14:54:30+00:00\",\"dateModified\":\"2025-05-07T19:40:42+00:00\",\"breadcrumb\":{\"@id\":\"https:\/\/conversys.global\/es\/dicas-de-seguranca\/#breadcrumb\"},\"inLanguage\":\"es-CL\",\"potentialAction\":[{\"@type\":\"ReadAction\",\"target\":[\"https:\/\/conversys.global\/es\/dicas-de-seguranca\/\"]}]},{\"@type\":\"BreadcrumbList\",\"@id\":\"https:\/\/conversys.global\/es\/dicas-de-seguranca\/#breadcrumb\",\"itemListElement\":[{\"@type\":\"ListItem\",\"position\":1,\"name\":\"Home\",\"item\":\"https:\/\/conversys.global\/\"},{\"@type\":\"ListItem\",\"position\":2,\"name\":\"Dicas de seguran\u00e7a\"}]},{\"@type\":\"WebSite\",\"@id\":\"https:\/\/conversys.global\/es\/#website\",\"url\":\"https:\/\/conversys.global\/es\/\",\"name\":\"Conversys\",\"description\":\"IT Solutions\",\"publisher\":{\"@id\":\"https:\/\/conversys.global\/es\/#organization\"},\"potentialAction\":[{\"@type\":\"SearchAction\",\"target\":{\"@type\":\"EntryPoint\",\"urlTemplate\":\"https:\/\/conversys.global\/es\/?s={search_term_string}\"},\"query-input\":{\"@type\":\"PropertyValueSpecification\",\"valueRequired\":true,\"valueName\":\"search_term_string\"}}],\"inLanguage\":\"es-CL\"},{\"@type\":\"Organization\",\"@id\":\"https:\/\/conversys.global\/es\/#organization\",\"name\":\"Conversys\",\"url\":\"https:\/\/conversys.global\/es\/\",\"logo\":{\"@type\":\"ImageObject\",\"inLanguage\":\"es-CL\",\"@id\":\"https:\/\/conversys.global\/es\/#\/schema\/logo\/image\/\",\"url\":\"https:\/\/conversys.global\/wp-content\/uploads\/2024\/03\/conversys.svg\",\"contentUrl\":\"https:\/\/conversys.global\/wp-content\/uploads\/2024\/03\/conversys.svg\",\"width\":219,\"height\":40,\"caption\":\"Conversys\"},\"image\":{\"@id\":\"https:\/\/conversys.global\/es\/#\/schema\/logo\/image\/\"}}]}<\/script>\n<!-- \/ Yoast SEO plugin. -->","yoast_head_json":{"title":"Consejos de seguridad - Conversys","robots":{"index":"index","follow":"follow","max-snippet":"max-snippet:-1","max-image-preview":"max-image-preview:large","max-video-preview":"max-video-preview:-1"},"canonical":"https:\/\/conversys.global\/es\/dicas-de-seguranca\/","og_locale":"es_ES","og_type":"article","og_title":"Dicas de seguran\u00e7a - Conversys","og_url":"https:\/\/conversys.global\/es\/dicas-de-seguranca\/","og_site_name":"Conversys","article_modified_time":"2025-05-07T19:40:42+00:00","twitter_card":"summary_large_image","twitter_misc":{"Tiempo estimado de lectura":"5 minutos"},"schema":{"@context":"https:\/\/schema.org","@graph":[{"@type":"WebPage","@id":"https:\/\/conversys.global\/es\/dicas-de-seguranca\/","url":"https:\/\/conversys.global\/es\/dicas-de-seguranca\/","name":"Consejos de seguridad - Conversys","isPartOf":{"@id":"https:\/\/conversys.global\/es\/#website"},"datePublished":"2025-05-01T14:54:30+00:00","dateModified":"2025-05-07T19:40:42+00:00","breadcrumb":{"@id":"https:\/\/conversys.global\/es\/dicas-de-seguranca\/#breadcrumb"},"inLanguage":"es-CL","potentialAction":[{"@type":"ReadAction","target":["https:\/\/conversys.global\/es\/dicas-de-seguranca\/"]}]},{"@type":"BreadcrumbList","@id":"https:\/\/conversys.global\/es\/dicas-de-seguranca\/#breadcrumb","itemListElement":[{"@type":"ListItem","position":1,"name":"Home","item":"https:\/\/conversys.global\/"},{"@type":"ListItem","position":2,"name":"Dicas de seguran\u00e7a"}]},{"@type":"WebSite","@id":"https:\/\/conversys.global\/es\/#website","url":"https:\/\/conversys.global\/es\/","name":"Conversys","description":"Soluciones inform\u00e1ticas","publisher":{"@id":"https:\/\/conversys.global\/es\/#organization"},"potentialAction":[{"@type":"SearchAction","target":{"@type":"EntryPoint","urlTemplate":"https:\/\/conversys.global\/es\/?s={search_term_string}"},"query-input":{"@type":"PropertyValueSpecification","valueRequired":true,"valueName":"search_term_string"}}],"inLanguage":"es-CL"},{"@type":"Organization","@id":"https:\/\/conversys.global\/es\/#organization","name":"Conversys","url":"https:\/\/conversys.global\/es\/","logo":{"@type":"ImageObject","inLanguage":"es-CL","@id":"https:\/\/conversys.global\/es\/#\/schema\/logo\/image\/","url":"https:\/\/conversys.global\/wp-content\/uploads\/2024\/03\/conversys.svg","contentUrl":"https:\/\/conversys.global\/wp-content\/uploads\/2024\/03\/conversys.svg","width":219,"height":40,"caption":"Conversys"},"image":{"@id":"https:\/\/conversys.global\/es\/#\/schema\/logo\/image\/"}}]}},"_links":{"self":[{"href":"https:\/\/conversys.global\/es\/wp-json\/wp\/v2\/pages\/34475"}],"collection":[{"href":"https:\/\/conversys.global\/es\/wp-json\/wp\/v2\/pages"}],"about":[{"href":"https:\/\/conversys.global\/es\/wp-json\/wp\/v2\/types\/page"}],"author":[{"embeddable":true,"href":"https:\/\/conversys.global\/es\/wp-json\/wp\/v2\/users\/5"}],"replies":[{"embeddable":true,"href":"https:\/\/conversys.global\/es\/wp-json\/wp\/v2\/comments?post=34475"}],"version-history":[{"count":18,"href":"https:\/\/conversys.global\/es\/wp-json\/wp\/v2\/pages\/34475\/revisions"}],"predecessor-version":[{"id":34536,"href":"https:\/\/conversys.global\/es\/wp-json\/wp\/v2\/pages\/34475\/revisions\/34536"}],"wp:attachment":[{"href":"https:\/\/conversys.global\/es\/wp-json\/wp\/v2\/media?parent=34475"}],"curies":[{"name":"wp","href":"https:\/\/api.w.org\/{rel}","templated":true}]}}