{"id":616,"date":"2024-08-05T18:54:40","date_gmt":"2024-08-05T21:54:40","guid":{"rendered":"https:\/\/conversys.global\/?page_id=616"},"modified":"2024-09-19T19:49:07","modified_gmt":"2024-09-19T22:49:07","slug":"the-blue-huddle","status":"publish","type":"page","link":"https:\/\/conversys.global\/es\/the-blue-huddle\/","title":{"rendered":"The Blue Huddle"},"content":{"rendered":"<div class=\"wpb-content-wrapper\"><section id=\"bluehuddletop\" class=\"vc_section vc_custom_1722895099288 vc_section-has-fill\"><div class=\"vc_row wpb_row vc_row-fluid\"><div class=\"wpb_column vc_column_container vc_col-sm-8\"><div class=\"vc_column-inner\"><div class=\"wpb_wrapper\">\n\t<div  class=\"wpb_single_image wpb_content_element vc_align_center wpb_content_element\">\n\t\t\n\t\t<figure class=\"wpb_wrapper vc_figure\">\n\t\t\t<div class=\"vc_single_image-wrapper   vc_box_border_grey\"><img decoding=\"async\" width=\"352\" height=\"80\" src=\"https:\/\/conversys.global\/wp-content\/uploads\/2024\/07\/thebluehuddle1.svg\" class=\"vc_single_image-img attachment-full\" alt=\"\" title=\"thebluehuddle1\" \/><\/div>\n\t\t<\/figure>\n\t<\/div>\n\n\t<div class=\"wpb_text_column wpb_content_element\" >\n\t\t<div class=\"wpb_wrapper\">\n\t\t\t<h2 style=\"text-align: center;\">Una gama dise\u00f1ada por Conversys<\/h2>\n<h2 style=\"text-align: center;\">de arquitecturas tecnol\u00f3gicas predefinidas<\/h2>\n<p style=\"text-align: center;\">Con <strong>soluciones y servicios integrados,<\/strong> cada oferta de The Blue Huddle tiene <strong>planes integrables<\/strong> a diferentes estructuras y necesidades de los clientes. La gama permite a las empresas maximizar su potencial tecnol\u00f3gico con <strong>flexibilidad, eficacia y seguridad.<\/strong><\/p>\n<p style=\"text-align: center;\">En <strong>Huddle<\/strong>La tecnolog\u00eda deseada se convierte en <strong>producto<\/strong> que impulsa el crecimiento de su empresa, garantizando una integraci\u00f3n perfecta y la posibilidad de a\u00f1adir nuevos servicios. <strong>a petici\u00f3n<\/strong>sin interrupciones significativas de las operaciones. Con una gama de servicios avanzados, cubrimos todas las \u00e1reas cr\u00edticas de TI, desde la seguridad y el cumplimiento hasta la gesti\u00f3n de redes y el soporte t\u00e9cnico.<\/p>\n<p style=\"text-align: center;\"><strong>Conozca los productos, elija su plan, contrate e implante con agilidad y rapidez.<\/strong><\/p>\n\n\t\t<\/div>\n\t<\/div>\n<\/div><\/div><\/div><\/div><\/section><section id=\"lista-bluehuddle\" class=\"vc_section vc_custom_1722899378397 vc_section-has-fill\"><div class=\"vc_row wpb_row vc_row-fluid\"><div class=\"wpb_column vc_column_container vc_col-sm-12\"><div class=\"vc_column-inner\"><div class=\"wpb_wrapper\"><div class=\"row bluehuddle_list\">\n        <div class=\"col-12 col-ttl\">\n            <h2><img decoding=\"async\" src=\"https:\/\/conversys.global\/wp-content\/uploads\/2024\/08\/networking.svg\" title=\"huddleNETWORKING\" width=\"50\" height=\"50\">  huddleNETWORKING<\/h2>\n        <\/div><div class=\"col-12 col-md-6 col-lg-6\"><a class=\"single-post-area\" href=\"https:\/\/conversys.global\/es\/blue-huddle\/huddlenoc\/\" title=\"huddleNOC\">\n            <div class=\"txt\">\n                <img decoding=\"async\" src=\"https:\/\/conversys.global\/wp-content\/uploads\/2024\/08\/huddle-noc.svg\" width=\"auto\" height=\"40\" title=\"huddleNOC\">\n                <p>Descubra c\u00f3mo Conversys huddleNOC proporciona una supervisi\u00f3n continua y una gesti\u00f3n proactiva de la red, garantizando la m\u00e1xima eficiencia y seguridad.<\/p>\n            <\/div>\n            <div class=\"bt\">\n                <span class=\"color-dark-blue\">\n                Seguir leyendo\n                <\/span>\n            <\/div>\n        <\/a><\/div><div class=\"col-12 col-md-6 col-lg-6\"><a class=\"single-post-area\" href=\"https:\/\/conversys.global\/es\/blue-huddle\/huddlewan\/\" title=\"huddleWAN\">\n            <div class=\"txt\">\n                <img decoding=\"async\" src=\"https:\/\/conversys.global\/wp-content\/uploads\/2024\/08\/huddle-wan.svg\" width=\"auto\" height=\"40\" title=\"huddleWAN\">\n                <p>Descubra c\u00f3mo huddleWAN de Conversys est\u00e1 transformando la gesti\u00f3n de redes de larga distancia con soluciones eficientes, escalables y seguras.<\/p>\n            <\/div>\n            <div class=\"bt\">\n                <span class=\"color-dark-blue\">\n                Seguir leyendo\n                <\/span>\n            <\/div>\n        <\/a><\/div><\/div><div class=\"row bluehuddle_list\">\n        <div class=\"col-12 col-ttl\">\n            <h2><img decoding=\"async\" src=\"https:\/\/conversys.global\/wp-content\/uploads\/2024\/08\/security.svg\" title=\"huddleSECURITY\" width=\"50\" height=\"50\">  huddleSECURITY<\/h2>\n        <\/div><div class=\"col-12 col-md-6 col-lg-6\"><a class=\"single-post-area\" href=\"https:\/\/conversys.global\/es\/blue-huddle\/huddledr\/\" title=\"huddleEDR\">\n            <div class=\"txt\">\n                <img decoding=\"async\" src=\"https:\/\/conversys.global\/wp-content\/uploads\/2024\/12\/EDR.svg\" width=\"auto\" height=\"40\" title=\"huddleEDR\">\n                <p>Proteja su empresa contra las ciberamenazas con huddleEDR de Conversys, que ofrece supervisi\u00f3n continua, detecci\u00f3n avanzada y respuesta r\u00e1pida.<\/p>\n            <\/div>\n            <div class=\"bt\">\n                <span class=\"color-dark-blue\">\n                Seguir leyendo\n                <\/span>\n            <\/div>\n        <\/a><\/div><div class=\"col-12 col-md-6 col-lg-6\"><a class=\"single-post-area\" href=\"https:\/\/conversys.global\/es\/blue-huddle\/huddleemail\/\" title=\"huddleE-MAIL\">\n            <div class=\"txt\">\n                <img decoding=\"async\" src=\"https:\/\/conversys.global\/wp-content\/uploads\/2024\/08\/huddle-email.svg\" width=\"auto\" height=\"40\" title=\"huddleE-MAIL\">\n                <p>Proteja sus comunicaciones empresariales con Conversys huddleEMAIL, una soluci\u00f3n robusta contra ciberamenazas como phishing, malware y spam.<\/p>\n            <\/div>\n            <div class=\"bt\">\n                <span class=\"color-dark-blue\">\n                Seguir leyendo\n                <\/span>\n            <\/div>\n        <\/a><\/div><div class=\"col-12 col-md-6 col-lg-6\"><a class=\"single-post-area\" href=\"https:\/\/conversys.global\/es\/blue-huddle\/huddlenac\/\" title=\"huddleNAC\">\n            <div class=\"txt\">\n                <img decoding=\"async\" src=\"https:\/\/conversys.global\/wp-content\/uploads\/2024\/08\/huddle-nac.svg\" width=\"auto\" height=\"40\" title=\"huddleNAC\">\n                <p>Descubra c\u00f3mo Conversys huddleNAC puede reforzar la seguridad de su red garantizando el acceso s\u00f3lo a dispositivos autorizados que cumplan las pol\u00edticas de su organizaci\u00f3n.<\/p>\n            <\/div>\n            <div class=\"bt\">\n                <span class=\"color-dark-blue\">\n                Seguir leyendo\n                <\/span>\n            <\/div>\n        <\/a><\/div><div class=\"col-12 col-md-6 col-lg-6\"><a class=\"single-post-area\" href=\"https:\/\/conversys.global\/es\/blue-huddle\/huddlevulnerability\/\" title=\"huddleVULNERABILITY\">\n            <div class=\"txt\">\n                <img decoding=\"async\" src=\"https:\/\/conversys.global\/wp-content\/uploads\/2024\/08\/huddle-vulnerability.svg\" width=\"auto\" height=\"40\" title=\"huddleVULNERABILITY\">\n                <p>Proteja su empresa con Conversys huddleVULNERABILITY, una soluci\u00f3n integral para identificar y corregir vulnerabilidades de seguridad en sistemas inform\u00e1ticos.<\/p>\n            <\/div>\n            <div class=\"bt\">\n                <span class=\"color-dark-blue\">\n                Seguir leyendo\n                <\/span>\n            <\/div>\n        <\/a><\/div><div class=\"col-12 col-md-6 col-lg-6\"><a class=\"single-post-area\" href=\"https:\/\/conversys.global\/es\/blue-huddle\/huddlephishing\/\" title=\"huddlePHISHING\">\n            <div class=\"txt\">\n                <img decoding=\"async\" src=\"https:\/\/conversys.global\/wp-content\/uploads\/2024\/08\/huddle-phishing.svg\" width=\"auto\" height=\"40\" title=\"huddlePHISHING\">\n                <p>El phishing es una forma de ciberataque en el que individuos o grupos malintencionados intentan enga\u00f1ar a la gente para obtener informaci\u00f3n confidencial. <\/p>\n            <\/div>\n            <div class=\"bt\">\n                <span class=\"color-dark-blue\">\n                Seguir leyendo\n                <\/span>\n            <\/div>\n        <\/a><\/div><\/div><\/div><\/div><\/div><\/div><\/section>\n<\/div>","protected":false},"excerpt":{"rendered":"Vis\u00e3o Geral Fortalecendo a Resili\u00eancia Digital com Intelig\u00eancia O phishing \u00e9 uma forma de ataque cibern\u00e9tico onde indiv\u00edduos ou grupos maliciosos tentam [...]","protected":false},"author":5,"featured_media":0,"parent":0,"menu_order":0,"comment_status":"closed","ping_status":"closed","template":"","meta":{"_acf_changed":false,"inline_featured_image":false,"footnotes":""},"class_list":["post-616","page","type-page","status-publish","hentry"],"acf":[],"yoast_head":"<!-- This site is optimized with the Yoast SEO plugin v25.6 - https:\/\/yoast.com\/wordpress\/plugins\/seo\/ -->\n<title>The Blue Huddle - Conversys<\/title>\n<meta name=\"robots\" content=\"index, follow, max-snippet:-1, max-image-preview:large, max-video-preview:-1\" \/>\n<link rel=\"canonical\" href=\"https:\/\/conversys.global\/es\/the-blue-huddle\/\" \/>\n<meta property=\"og:locale\" content=\"es_ES\" \/>\n<meta property=\"og:type\" content=\"article\" \/>\n<meta property=\"og:title\" content=\"The Blue Huddle - Conversys\" \/>\n<meta property=\"og:url\" content=\"https:\/\/conversys.global\/es\/the-blue-huddle\/\" \/>\n<meta property=\"og:site_name\" content=\"Conversys\" \/>\n<meta property=\"article:modified_time\" content=\"2024-09-19T22:49:07+00:00\" \/>\n<meta name=\"twitter:card\" content=\"summary_large_image\" \/>\n<meta name=\"twitter:label1\" content=\"Tiempo estimado de lectura\" \/>\n\t<meta name=\"twitter:data1\" content=\"1 minuto\" \/>\n<script type=\"application\/ld+json\" class=\"yoast-schema-graph\">{\"@context\":\"https:\/\/schema.org\",\"@graph\":[{\"@type\":\"WebPage\",\"@id\":\"https:\/\/conversys.global\/es\/the-blue-huddle\/\",\"url\":\"https:\/\/conversys.global\/es\/the-blue-huddle\/\",\"name\":\"The Blue Huddle - Conversys\",\"isPartOf\":{\"@id\":\"https:\/\/conversys.global\/es\/#website\"},\"datePublished\":\"2024-08-05T21:54:40+00:00\",\"dateModified\":\"2024-09-19T22:49:07+00:00\",\"breadcrumb\":{\"@id\":\"https:\/\/conversys.global\/es\/the-blue-huddle\/#breadcrumb\"},\"inLanguage\":\"es-CL\",\"potentialAction\":[{\"@type\":\"ReadAction\",\"target\":[\"https:\/\/conversys.global\/es\/the-blue-huddle\/\"]}]},{\"@type\":\"BreadcrumbList\",\"@id\":\"https:\/\/conversys.global\/es\/the-blue-huddle\/#breadcrumb\",\"itemListElement\":[{\"@type\":\"ListItem\",\"position\":1,\"name\":\"Home\",\"item\":\"https:\/\/conversys.global\/\"},{\"@type\":\"ListItem\",\"position\":2,\"name\":\"The Blue Huddle\"}]},{\"@type\":\"WebSite\",\"@id\":\"https:\/\/conversys.global\/es\/#website\",\"url\":\"https:\/\/conversys.global\/es\/\",\"name\":\"Conversys\",\"description\":\"IT Solutions\",\"publisher\":{\"@id\":\"https:\/\/conversys.global\/es\/#organization\"},\"potentialAction\":[{\"@type\":\"SearchAction\",\"target\":{\"@type\":\"EntryPoint\",\"urlTemplate\":\"https:\/\/conversys.global\/es\/?s={search_term_string}\"},\"query-input\":{\"@type\":\"PropertyValueSpecification\",\"valueRequired\":true,\"valueName\":\"search_term_string\"}}],\"inLanguage\":\"es-CL\"},{\"@type\":\"Organization\",\"@id\":\"https:\/\/conversys.global\/es\/#organization\",\"name\":\"Conversys\",\"url\":\"https:\/\/conversys.global\/es\/\",\"logo\":{\"@type\":\"ImageObject\",\"inLanguage\":\"es-CL\",\"@id\":\"https:\/\/conversys.global\/es\/#\/schema\/logo\/image\/\",\"url\":\"https:\/\/conversys.global\/wp-content\/uploads\/2024\/03\/conversys.svg\",\"contentUrl\":\"https:\/\/conversys.global\/wp-content\/uploads\/2024\/03\/conversys.svg\",\"width\":219,\"height\":40,\"caption\":\"Conversys\"},\"image\":{\"@id\":\"https:\/\/conversys.global\/es\/#\/schema\/logo\/image\/\"}}]}<\/script>\n<!-- \/ Yoast SEO plugin. -->","yoast_head_json":{"title":"El Blue Huddle - Conversys","robots":{"index":"index","follow":"follow","max-snippet":"max-snippet:-1","max-image-preview":"max-image-preview:large","max-video-preview":"max-video-preview:-1"},"canonical":"https:\/\/conversys.global\/es\/the-blue-huddle\/","og_locale":"es_ES","og_type":"article","og_title":"The Blue Huddle - Conversys","og_url":"https:\/\/conversys.global\/es\/the-blue-huddle\/","og_site_name":"Conversys","article_modified_time":"2024-09-19T22:49:07+00:00","twitter_card":"summary_large_image","twitter_misc":{"Tiempo estimado de lectura":"1 minuto"},"schema":{"@context":"https:\/\/schema.org","@graph":[{"@type":"WebPage","@id":"https:\/\/conversys.global\/es\/the-blue-huddle\/","url":"https:\/\/conversys.global\/es\/the-blue-huddle\/","name":"El Blue Huddle - Conversys","isPartOf":{"@id":"https:\/\/conversys.global\/es\/#website"},"datePublished":"2024-08-05T21:54:40+00:00","dateModified":"2024-09-19T22:49:07+00:00","breadcrumb":{"@id":"https:\/\/conversys.global\/es\/the-blue-huddle\/#breadcrumb"},"inLanguage":"es-CL","potentialAction":[{"@type":"ReadAction","target":["https:\/\/conversys.global\/es\/the-blue-huddle\/"]}]},{"@type":"BreadcrumbList","@id":"https:\/\/conversys.global\/es\/the-blue-huddle\/#breadcrumb","itemListElement":[{"@type":"ListItem","position":1,"name":"Home","item":"https:\/\/conversys.global\/"},{"@type":"ListItem","position":2,"name":"The Blue Huddle"}]},{"@type":"WebSite","@id":"https:\/\/conversys.global\/es\/#website","url":"https:\/\/conversys.global\/es\/","name":"Conversys","description":"Soluciones inform\u00e1ticas","publisher":{"@id":"https:\/\/conversys.global\/es\/#organization"},"potentialAction":[{"@type":"SearchAction","target":{"@type":"EntryPoint","urlTemplate":"https:\/\/conversys.global\/es\/?s={search_term_string}"},"query-input":{"@type":"PropertyValueSpecification","valueRequired":true,"valueName":"search_term_string"}}],"inLanguage":"es-CL"},{"@type":"Organization","@id":"https:\/\/conversys.global\/es\/#organization","name":"Conversys","url":"https:\/\/conversys.global\/es\/","logo":{"@type":"ImageObject","inLanguage":"es-CL","@id":"https:\/\/conversys.global\/es\/#\/schema\/logo\/image\/","url":"https:\/\/conversys.global\/wp-content\/uploads\/2024\/03\/conversys.svg","contentUrl":"https:\/\/conversys.global\/wp-content\/uploads\/2024\/03\/conversys.svg","width":219,"height":40,"caption":"Conversys"},"image":{"@id":"https:\/\/conversys.global\/es\/#\/schema\/logo\/image\/"}}]}},"_links":{"self":[{"href":"https:\/\/conversys.global\/es\/wp-json\/wp\/v2\/pages\/616"}],"collection":[{"href":"https:\/\/conversys.global\/es\/wp-json\/wp\/v2\/pages"}],"about":[{"href":"https:\/\/conversys.global\/es\/wp-json\/wp\/v2\/types\/page"}],"author":[{"embeddable":true,"href":"https:\/\/conversys.global\/es\/wp-json\/wp\/v2\/users\/5"}],"replies":[{"embeddable":true,"href":"https:\/\/conversys.global\/es\/wp-json\/wp\/v2\/comments?post=616"}],"version-history":[{"count":7,"href":"https:\/\/conversys.global\/es\/wp-json\/wp\/v2\/pages\/616\/revisions"}],"predecessor-version":[{"id":34288,"href":"https:\/\/conversys.global\/es\/wp-json\/wp\/v2\/pages\/616\/revisions\/34288"}],"wp:attachment":[{"href":"https:\/\/conversys.global\/es\/wp-json\/wp\/v2\/media?parent=616"}],"curies":[{"name":"wp","href":"https:\/\/api.w.org\/{rel}","templated":true}]}}