{"id":787,"date":"2024-08-07T11:56:40","date_gmt":"2024-08-07T14:56:40","guid":{"rendered":"https:\/\/conversys.global\/?page_id=787"},"modified":"2024-08-07T13:39:49","modified_gmt":"2024-08-07T16:39:49","slug":"solucoes","status":"publish","type":"page","link":"https:\/\/conversys.global\/es\/solucoes\/","title":{"rendered":"Soluciones"},"content":{"rendered":"<div class=\"wpb-content-wrapper\"><section id=\"lista-solucoes\" class=\"vc_section\"><div class=\"vc_row wpb_row vc_row-fluid\"><div class=\"wpb_column vc_column_container vc_col-sm-12\"><div class=\"vc_column-inner\"><div class=\"wpb_wrapper\"><div class=\"row solucoes_child_list\"><div class=\"col-12 col-ttl\"><a class=\"single-post-area\" href=\"https:\/\/conversys.global\/es\/hybrid-cloud\/\" title=\"Nube h\u00edbrida\"><img decoding=\"async\" src=\"https:\/\/conversys.global\/wp-content\/uploads\/2024\/03\/ico1.svg\" alt=\"Hybrid Cloud\" width=\"60\" height=\"60\" class=\"svgimg\">\n        <div class=\"txt\">\n            \n            <h3>Nube h\u00edbrida<\/h3>\n            <p>Procese datos en tiempo real en varios dispositivos y obtenga servicios con la velocidad, seguridad y flexibilidad de la nube. La soluci\u00f3n h\u00edbrida Cloud permite a las empresas y organizaciones aprovechar al m\u00e1ximo la infraestructura inform\u00e1tica distribuida, proporcionando una integraci\u00f3n perfecta entre los dispositivos perif\u00e9ricos y los servicios en la nube.<\/p>\n                <div class=\"bt\">\n                    <span class=\"size-sm color-white\">\n                    Seguir leyendo\n                    <\/span>\n                <\/div>\n        <\/div>\n    <\/a><\/div><div class=\"col-12 col-md-6 col-lg-4\"><a class=\"single-post-area\" href=\"https:\/\/conversys.global\/es\/edge-to-cloud\/edge-infrastructure\/\" title=\"Infraestructura de borde\">\n            <div class=\"txt\">\n                <h3>Infraestructura de borde<\/h3>\n                <p>La infraestructura Edge permite procesar y almacenar los datos localmente, lo que reduce significativamente la latencia de las aplicaciones.<\/p>\n            <\/div>\n            <div class=\"bt\">\n                    <span class=\"size-sm color-white\">\n                Seguir leyendo\n                <\/span>\n            <\/div>\n        <\/a><\/div><div class=\"col-12 col-md-6 col-lg-4\"><a class=\"single-post-area\" href=\"https:\/\/conversys.global\/es\/edge-computing\/cloud\/\" title=\"Nube\">\n            <div class=\"txt\">\n                <h3>Nube<\/h3>\n                <p>La nube h\u00edbrida y la nube p\u00fablica son estrategias eficientes para empresas de diferentes tama\u00f1os y necesidades. Ambas destacan por su escalabilidad flexible y eficiente. <\/p>\n            <\/div>\n            <div class=\"bt\">\n                    <span class=\"size-sm color-white\">\n                Seguir leyendo\n                <\/span>\n            <\/div>\n        <\/a><\/div><div class=\"col-12 col-md-6 col-lg-4\"><a class=\"single-post-area\" href=\"https:\/\/conversys.global\/es\/edge-to-cloud\/backup-data-protection\/\" title=\"Backup &amp; Data Protection\">\n            <div class=\"txt\">\n                <h3>Copias de seguridad y protecci\u00f3n de datos<\/h3>\n                <p>Nuestra cartera de productos de copia de seguridad y protecci\u00f3n de datos est\u00e1 dise\u00f1ada para proteger los datos cr\u00edticos de cualquier tipo de p\u00e9rdida o corrupci\u00f3n, ofreciendo opciones fiables y adaptables. <\/p>\n            <\/div>\n            <div class=\"bt\">\n                    <span class=\"size-sm color-white\">\n                Seguir leyendo\n                <\/span>\n            <\/div>\n        <\/a><\/div><\/div><div class=\"row solucoes_child_list\"><div class=\"col-12 col-ttl\"><a class=\"single-post-area\" href=\"https:\/\/conversys.global\/es\/connectivity\/\" title=\"Conectividad\"><img decoding=\"async\" src=\"https:\/\/conversys.global\/wp-content\/uploads\/2024\/03\/ico2.svg\" alt=\"Connectivity\" width=\"60\" height=\"60\" class=\"svgimg\">\n        <div class=\"txt\">\n            \n            <h3>Conectividad<\/h3>\n            <p>Unas conexiones fiables y una comunicaci\u00f3n simplificada son fundamentales para el funcionamiento eficaz de cualquier empresa. Ofrecemos soluciones avanzadas de conectividad que optimizan la experiencia de los usuarios locales y remotos. <\/p>\n                <div class=\"bt\">\n                    <span class=\"size-sm color-white\">\n                    Seguir leyendo\n                    <\/span>\n                <\/div>\n        <\/div>\n    <\/a><\/div><div class=\"col-12 col-md-6 col-lg-4\"><a class=\"single-post-area\" href=\"https:\/\/conversys.global\/es\/connectivity\/enterprise-networks\/\" title=\"Redes de empresa\">\n            <div class=\"txt\">\n                <h3>Redes de empresa<\/h3>\n                <p>Ofrecemos una completa cartera de soluciones de conectividad de fabricantes estrat\u00e9gicos, dise\u00f1adas para satisfacer las necesidades de clientes de todos los tama\u00f1os y sectores. <\/p>\n            <\/div>\n            <div class=\"bt\">\n                    <span class=\"size-sm color-white\">\n                Seguir leyendo\n                <\/span>\n            <\/div>\n        <\/a><\/div><div class=\"col-12 col-md-6 col-lg-4\"><a class=\"single-post-area\" href=\"https:\/\/conversys.global\/es\/connectivity\/sd-wan\/\" title=\"SD-WAN\">\n            <div class=\"txt\">\n                <h3>SD-WAN<\/h3>\n                <p>Enfoque de red que utiliza software para gestionar la conectividad y los servicios entre los centros de datos y los sitios remotos. <\/p>\n            <\/div>\n            <div class=\"bt\">\n                    <span class=\"size-sm color-white\">\n                Seguir leyendo\n                <\/span>\n            <\/div>\n        <\/a><\/div><div class=\"col-12 col-md-6 col-lg-4\"><a class=\"single-post-area\" href=\"https:\/\/conversys.global\/es\/connectivity\/collaboration\/\" title=\"Colaboraci\u00f3n\">\n            <div class=\"txt\">\n                <h3>Colaboraci\u00f3n<\/h3>\n                <p>Gracias a nuestras alianzas estrat\u00e9gicas en tecnolog\u00eda de colaboraci\u00f3n, ofrecemos soluciones personalizadas a nuestros clientes<\/p>\n            <\/div>\n            <div class=\"bt\">\n                    <span class=\"size-sm color-white\">\n                Seguir leyendo\n                <\/span>\n            <\/div>\n        <\/a><\/div><div class=\"col-12 col-md-6 col-lg-4\"><a class=\"single-post-area\" href=\"https:\/\/conversys.global\/es\/connectivity\/observability-management\/\" title=\"Observability &amp; Management\">\n            <div class=\"txt\">\n                <h3>Observabilidad y gesti\u00f3n<\/h3>\n                <p>Ofrecemos una completa cartera de soluciones de conectividad de fabricantes estrat\u00e9gicos, dise\u00f1adas para satisfacer las necesidades de clientes de todos los tama\u00f1os y sectores. <\/p>\n            <\/div>\n            <div class=\"bt\">\n                    <span class=\"size-sm color-white\">\n                Seguir leyendo\n                <\/span>\n            <\/div>\n        <\/a><\/div><\/div><div class=\"row solucoes_child_list\"><div class=\"col-12 col-ttl\"><a class=\"single-post-area\" href=\"https:\/\/conversys.global\/es\/cybersecurity\/\" title=\"Ciberseguridad\"><img decoding=\"async\" src=\"https:\/\/conversys.global\/wp-content\/uploads\/2024\/03\/ico3.svg\" alt=\"Cybersecurity\" width=\"60\" height=\"60\" class=\"svgimg\">\n        <div class=\"txt\">\n            \n            <h3>Ciberseguridad<\/h3>\n            <p>En el escenario actual, en el que la interconectividad y la digitalizaci\u00f3n son cada vez m\u00e1s intensas, proteger los activos digitales y la informaci\u00f3n confidencial se est\u00e1 convirtiendo en una prioridad innegable. La ciberseguridad es esencial para defender los sistemas, redes y datos cr\u00edticos frente a las ciberamenazas en constante evoluci\u00f3n. <\/p>\n                <div class=\"bt\">\n                    <span class=\"size-sm color-white\">\n                    Seguir leyendo\n                    <\/span>\n                <\/div>\n        <\/div>\n    <\/a><\/div><div class=\"col-12 col-md-6 col-lg-4\"><a class=\"single-post-area\" href=\"https:\/\/conversys.global\/es\/cybersecurity\/cyber-attack-prevention\/\" title=\"Prevenci\u00f3n de ciberataques\">\n            <div class=\"txt\">\n                <h3>Prevenci\u00f3n de ciberataques<\/h3>\n                <p>Exploraci\u00f3n de vulnerabilidades, Pentest, Campa\u00f1a de phishing, Inteligencia sobre amenazas y SWVR - Smart Web Visibility Risk (Visibilidad web inteligente de riesgos)<\/p>\n            <\/div>\n            <div class=\"bt\">\n                    <span class=\"size-sm color-white\">\n                Seguir leyendo\n                <\/span>\n            <\/div>\n        <\/a><\/div><div class=\"col-12 col-md-6 col-lg-4\"><a class=\"single-post-area\" href=\"https:\/\/conversys.global\/es\/cybersecurity\/endpoint-security\/\" title=\"Seguridad de puntos finales\">\n            <div class=\"txt\">\n                <h3>Seguridad de puntos finales<\/h3>\n                <p>EDR y XDR, protecci\u00f3n m\u00f3vil, web y de correo electr\u00f3nico<\/p>\n            <\/div>\n            <div class=\"bt\">\n                    <span class=\"size-sm color-white\">\n                Seguir leyendo\n                <\/span>\n            <\/div>\n        <\/a><\/div><div class=\"col-12 col-md-6 col-lg-4\"><a class=\"single-post-area\" href=\"https:\/\/conversys.global\/es\/cybersecurity\/cloud-security\/\" title=\"Seguridad en la nube\">\n            <div class=\"txt\">\n                <h3>Seguridad en la nube<\/h3>\n                <p>La seguridad en la nube se refiere a la protecci\u00f3n de los datos y sistemas almacenados en entornos de computaci\u00f3n en nube.<\/p>\n            <\/div>\n            <div class=\"bt\">\n                    <span class=\"size-sm color-white\">\n                Seguir leyendo\n                <\/span>\n            <\/div>\n        <\/a><\/div><div class=\"col-12 col-md-6 col-lg-4\"><a class=\"single-post-area\" href=\"https:\/\/conversys.global\/es\/cybersecurity\/network-security\/\" title=\"Seguridad de las redes\">\n            <div class=\"txt\">\n                <h3>Seguridad de las redes<\/h3>\n                <p>Identidad, acceso y control, supervisi\u00f3n y gesti\u00f3n y protecci\u00f3n de datos<\/p>\n            <\/div>\n            <div class=\"bt\">\n                    <span class=\"size-sm color-white\">\n                Seguir leyendo\n                <\/span>\n            <\/div>\n        <\/a><\/div><\/div><\/div><\/div><\/div><\/div><\/section>\n<\/div>","protected":false},"excerpt":{"rendered":"Identidade, Acesso e Controle PAM (Privileged Access Management) O Privileged Access Management (PAM) \u00e9 uma solu\u00e7\u00e3o de seguran\u00e7a de identidade projetada para [...]","protected":false},"author":5,"featured_media":0,"parent":0,"menu_order":0,"comment_status":"closed","ping_status":"closed","template":"","meta":{"_acf_changed":false,"inline_featured_image":false,"footnotes":""},"class_list":["post-787","page","type-page","status-publish","hentry"],"acf":[],"yoast_head":"<!-- This site is optimized with the Yoast SEO plugin v25.6 - https:\/\/yoast.com\/wordpress\/plugins\/seo\/ -->\n<title>Solu\u00e7\u00f5es - Conversys<\/title>\n<meta name=\"robots\" content=\"index, follow, max-snippet:-1, max-image-preview:large, max-video-preview:-1\" \/>\n<link rel=\"canonical\" href=\"https:\/\/conversys.global\/es\/solucoes\/\" \/>\n<meta property=\"og:locale\" content=\"es_ES\" \/>\n<meta property=\"og:type\" content=\"article\" \/>\n<meta property=\"og:title\" content=\"Solu\u00e7\u00f5es - Conversys\" \/>\n<meta property=\"og:url\" content=\"https:\/\/conversys.global\/es\/solucoes\/\" \/>\n<meta property=\"og:site_name\" content=\"Conversys\" \/>\n<meta property=\"article:modified_time\" content=\"2024-08-07T16:39:49+00:00\" \/>\n<meta name=\"twitter:card\" content=\"summary_large_image\" \/>\n<meta name=\"twitter:label1\" content=\"Tiempo estimado de lectura\" \/>\n\t<meta name=\"twitter:data1\" content=\"1 minuto\" \/>\n<script type=\"application\/ld+json\" class=\"yoast-schema-graph\">{\"@context\":\"https:\/\/schema.org\",\"@graph\":[{\"@type\":\"WebPage\",\"@id\":\"https:\/\/conversys.global\/es\/solucoes\/\",\"url\":\"https:\/\/conversys.global\/es\/solucoes\/\",\"name\":\"Solu\u00e7\u00f5es - Conversys\",\"isPartOf\":{\"@id\":\"https:\/\/conversys.global\/es\/#website\"},\"datePublished\":\"2024-08-07T14:56:40+00:00\",\"dateModified\":\"2024-08-07T16:39:49+00:00\",\"breadcrumb\":{\"@id\":\"https:\/\/conversys.global\/es\/solucoes\/#breadcrumb\"},\"inLanguage\":\"es-CL\",\"potentialAction\":[{\"@type\":\"ReadAction\",\"target\":[\"https:\/\/conversys.global\/es\/solucoes\/\"]}]},{\"@type\":\"BreadcrumbList\",\"@id\":\"https:\/\/conversys.global\/es\/solucoes\/#breadcrumb\",\"itemListElement\":[{\"@type\":\"ListItem\",\"position\":1,\"name\":\"Home\",\"item\":\"https:\/\/conversys.global\/\"},{\"@type\":\"ListItem\",\"position\":2,\"name\":\"Solu\u00e7\u00f5es\"}]},{\"@type\":\"WebSite\",\"@id\":\"https:\/\/conversys.global\/es\/#website\",\"url\":\"https:\/\/conversys.global\/es\/\",\"name\":\"Conversys\",\"description\":\"IT Solutions\",\"publisher\":{\"@id\":\"https:\/\/conversys.global\/es\/#organization\"},\"potentialAction\":[{\"@type\":\"SearchAction\",\"target\":{\"@type\":\"EntryPoint\",\"urlTemplate\":\"https:\/\/conversys.global\/es\/?s={search_term_string}\"},\"query-input\":{\"@type\":\"PropertyValueSpecification\",\"valueRequired\":true,\"valueName\":\"search_term_string\"}}],\"inLanguage\":\"es-CL\"},{\"@type\":\"Organization\",\"@id\":\"https:\/\/conversys.global\/es\/#organization\",\"name\":\"Conversys\",\"url\":\"https:\/\/conversys.global\/es\/\",\"logo\":{\"@type\":\"ImageObject\",\"inLanguage\":\"es-CL\",\"@id\":\"https:\/\/conversys.global\/es\/#\/schema\/logo\/image\/\",\"url\":\"https:\/\/conversys.global\/wp-content\/uploads\/2024\/03\/conversys.svg\",\"contentUrl\":\"https:\/\/conversys.global\/wp-content\/uploads\/2024\/03\/conversys.svg\",\"width\":219,\"height\":40,\"caption\":\"Conversys\"},\"image\":{\"@id\":\"https:\/\/conversys.global\/es\/#\/schema\/logo\/image\/\"}}]}<\/script>\n<!-- \/ Yoast SEO plugin. -->","yoast_head_json":{"title":"Soluciones - Conversys","robots":{"index":"index","follow":"follow","max-snippet":"max-snippet:-1","max-image-preview":"max-image-preview:large","max-video-preview":"max-video-preview:-1"},"canonical":"https:\/\/conversys.global\/es\/solucoes\/","og_locale":"es_ES","og_type":"article","og_title":"Solu\u00e7\u00f5es - Conversys","og_url":"https:\/\/conversys.global\/es\/solucoes\/","og_site_name":"Conversys","article_modified_time":"2024-08-07T16:39:49+00:00","twitter_card":"summary_large_image","twitter_misc":{"Tiempo estimado de lectura":"1 minuto"},"schema":{"@context":"https:\/\/schema.org","@graph":[{"@type":"WebPage","@id":"https:\/\/conversys.global\/es\/solucoes\/","url":"https:\/\/conversys.global\/es\/solucoes\/","name":"Soluciones - Conversys","isPartOf":{"@id":"https:\/\/conversys.global\/es\/#website"},"datePublished":"2024-08-07T14:56:40+00:00","dateModified":"2024-08-07T16:39:49+00:00","breadcrumb":{"@id":"https:\/\/conversys.global\/es\/solucoes\/#breadcrumb"},"inLanguage":"es-CL","potentialAction":[{"@type":"ReadAction","target":["https:\/\/conversys.global\/es\/solucoes\/"]}]},{"@type":"BreadcrumbList","@id":"https:\/\/conversys.global\/es\/solucoes\/#breadcrumb","itemListElement":[{"@type":"ListItem","position":1,"name":"Home","item":"https:\/\/conversys.global\/"},{"@type":"ListItem","position":2,"name":"Solu\u00e7\u00f5es"}]},{"@type":"WebSite","@id":"https:\/\/conversys.global\/es\/#website","url":"https:\/\/conversys.global\/es\/","name":"Conversys","description":"Soluciones inform\u00e1ticas","publisher":{"@id":"https:\/\/conversys.global\/es\/#organization"},"potentialAction":[{"@type":"SearchAction","target":{"@type":"EntryPoint","urlTemplate":"https:\/\/conversys.global\/es\/?s={search_term_string}"},"query-input":{"@type":"PropertyValueSpecification","valueRequired":true,"valueName":"search_term_string"}}],"inLanguage":"es-CL"},{"@type":"Organization","@id":"https:\/\/conversys.global\/es\/#organization","name":"Conversys","url":"https:\/\/conversys.global\/es\/","logo":{"@type":"ImageObject","inLanguage":"es-CL","@id":"https:\/\/conversys.global\/es\/#\/schema\/logo\/image\/","url":"https:\/\/conversys.global\/wp-content\/uploads\/2024\/03\/conversys.svg","contentUrl":"https:\/\/conversys.global\/wp-content\/uploads\/2024\/03\/conversys.svg","width":219,"height":40,"caption":"Conversys"},"image":{"@id":"https:\/\/conversys.global\/es\/#\/schema\/logo\/image\/"}}]}},"_links":{"self":[{"href":"https:\/\/conversys.global\/es\/wp-json\/wp\/v2\/pages\/787"}],"collection":[{"href":"https:\/\/conversys.global\/es\/wp-json\/wp\/v2\/pages"}],"about":[{"href":"https:\/\/conversys.global\/es\/wp-json\/wp\/v2\/types\/page"}],"author":[{"embeddable":true,"href":"https:\/\/conversys.global\/es\/wp-json\/wp\/v2\/users\/5"}],"replies":[{"embeddable":true,"href":"https:\/\/conversys.global\/es\/wp-json\/wp\/v2\/comments?post=787"}],"version-history":[{"count":8,"href":"https:\/\/conversys.global\/es\/wp-json\/wp\/v2\/pages\/787\/revisions"}],"predecessor-version":[{"id":797,"href":"https:\/\/conversys.global\/es\/wp-json\/wp\/v2\/pages\/787\/revisions\/797"}],"wp:attachment":[{"href":"https:\/\/conversys.global\/es\/wp-json\/wp\/v2\/media?parent=787"}],"curies":[{"name":"wp","href":"https:\/\/api.w.org\/{rel}","templated":true}]}}