{"id":152,"date":"2024-03-29T16:41:24","date_gmt":"2024-03-29T19:41:24","guid":{"rendered":"https:\/\/conversys.global\/?page_id=152"},"modified":"2025-11-14T15:35:09","modified_gmt":"2025-11-14T18:35:09","slug":"parceiros","status":"publish","type":"page","link":"https:\/\/conversys.global\/pt_pt\/parceiros\/","title":{"rendered":"Parceiros"},"content":{"rendered":"<div class=\"wpb-content-wrapper\"><section class=\"vc_section\"><div class=\"vc_row wpb_row vc_row-fluid\"><div class=\"wpb_column vc_column_container vc_col-sm-12\"><div class=\"vc_column-inner\"><div class=\"wpb_wrapper\">\n\t<div class=\"wpb_text_column wpb_content_element\" >\n\t\t<div class=\"wpb_wrapper\">\n\t\t\t<h4 class=\"blue\">Qualidade<\/h4>\n<h2>Principais fabricantes globais de tecnologia<\/h2>\n<p>Com o prop\u00f3sito de disponibilizar tecnologia da informa\u00e7\u00e3o e comunica\u00e7\u00e3o de qualidade para todas as empresas, trabalhamos com os principais fabricantes globais de tecnologia.<\/p>\n\n\t\t<\/div>\n\t<\/div>\n<div class=\"wpb_gallery wpb_content_element vc_clearfix wpb_content_element  logos\" ><div class=\"wpb_wrapper\"><div class=\"wpb_gallery_slides wpb_image_grid\" data-interval=\"3\"><ul class=\"wpb_image_grid_ul\"><li class=\"isotope-item\"><img decoding=\"async\" width=\"290\" height=\"95\" src=\"https:\/\/conversys.global\/wp-content\/uploads\/2025\/09\/HPE.png\" class=\"attachment-full\" alt=\"\" title=\"HPE\" srcset=\"https:\/\/conversys.global\/wp-content\/uploads\/2025\/09\/HPE.png 290w, https:\/\/conversys.global\/wp-content\/uploads\/2025\/09\/HPE-18x6.png 18w\" sizes=\"(max-width: 290px) 100vw, 290px\" \/><\/li><li class=\"isotope-item\"><img decoding=\"async\" width=\"786\" height=\"95\" src=\"https:\/\/conversys.global\/wp-content\/uploads\/2025\/01\/Asset-1-3.png\" class=\"attachment-full\" alt=\"\" title=\"Asset 1\" srcset=\"https:\/\/conversys.global\/wp-content\/uploads\/2025\/01\/Asset-1-3.png 786w, https:\/\/conversys.global\/wp-content\/uploads\/2025\/01\/Asset-1-3-300x36.png 300w, https:\/\/conversys.global\/wp-content\/uploads\/2025\/01\/Asset-1-3-768x93.png 768w, https:\/\/conversys.global\/wp-content\/uploads\/2025\/01\/Asset-1-3-18x2.png 18w\" sizes=\"(max-width: 786px) 100vw, 786px\" \/><\/li><li class=\"isotope-item\"><img decoding=\"async\" width=\"658\" height=\"92\" src=\"https:\/\/conversys.global\/wp-content\/uploads\/2025\/01\/Asset-1-1.png\" class=\"attachment-full\" alt=\"\" title=\"Asset 1\" srcset=\"https:\/\/conversys.global\/wp-content\/uploads\/2025\/01\/Asset-1-1.png 658w, https:\/\/conversys.global\/wp-content\/uploads\/2025\/01\/Asset-1-1-300x42.png 300w, https:\/\/conversys.global\/wp-content\/uploads\/2025\/01\/Asset-1-1-18x3.png 18w\" sizes=\"(max-width: 658px) 100vw, 658px\" \/><\/li><li class=\"isotope-item\"><img decoding=\"async\" width=\"1952\" height=\"416\" src=\"https:\/\/conversys.global\/wp-content\/uploads\/2024\/04\/check-point.png\" class=\"attachment-full\" alt=\"\" title=\"check-point\" srcset=\"https:\/\/conversys.global\/wp-content\/uploads\/2024\/04\/check-point.png 1952w, https:\/\/conversys.global\/wp-content\/uploads\/2024\/04\/check-point-300x64.png 300w, https:\/\/conversys.global\/wp-content\/uploads\/2024\/04\/check-point-1024x218.png 1024w, https:\/\/conversys.global\/wp-content\/uploads\/2024\/04\/check-point-768x164.png 768w, https:\/\/conversys.global\/wp-content\/uploads\/2024\/04\/check-point-1536x327.png 1536w\" sizes=\"(max-width: 1952px) 100vw, 1952px\" \/><\/li><li class=\"isotope-item\"><img decoding=\"async\" width=\"79\" height=\"47\" src=\"https:\/\/conversys.global\/wp-content\/uploads\/2024\/09\/aws.png\" class=\"attachment-full\" alt=\"\" title=\"aws\" \/><\/li><li class=\"isotope-item\"><img decoding=\"async\" width=\"231\" height=\"213\" src=\"https:\/\/conversys.global\/wp-content\/uploads\/2025\/01\/Asset-1.png\" class=\"attachment-full\" alt=\"\" title=\"Asset 1\" srcset=\"https:\/\/conversys.global\/wp-content\/uploads\/2025\/01\/Asset-1.png 231w, https:\/\/conversys.global\/wp-content\/uploads\/2025\/01\/Asset-1-13x12.png 13w\" sizes=\"(max-width: 231px) 100vw, 231px\" \/><\/li><li class=\"isotope-item\"><img decoding=\"async\" width=\"1973\" height=\"338\" src=\"https:\/\/conversys.global\/wp-content\/uploads\/2025\/01\/Asset-1-2.png\" class=\"attachment-full\" alt=\"\" title=\"Asset 1\" srcset=\"https:\/\/conversys.global\/wp-content\/uploads\/2025\/01\/Asset-1-2.png 1973w, https:\/\/conversys.global\/wp-content\/uploads\/2025\/01\/Asset-1-2-300x51.png 300w, https:\/\/conversys.global\/wp-content\/uploads\/2025\/01\/Asset-1-2-1024x175.png 1024w, https:\/\/conversys.global\/wp-content\/uploads\/2025\/01\/Asset-1-2-768x132.png 768w, https:\/\/conversys.global\/wp-content\/uploads\/2025\/01\/Asset-1-2-1536x263.png 1536w, https:\/\/conversys.global\/wp-content\/uploads\/2025\/01\/Asset-1-2-18x3.png 18w\" sizes=\"(max-width: 1973px) 100vw, 1973px\" \/><\/li><li class=\"isotope-item\"><img decoding=\"async\" width=\"296\" height=\"125\" src=\"https:\/\/conversys.global\/wp-content\/uploads\/2025\/01\/Asset-15.png\" class=\"attachment-full\" alt=\"\" title=\"Asset 15\" srcset=\"https:\/\/conversys.global\/wp-content\/uploads\/2025\/01\/Asset-15.png 296w, https:\/\/conversys.global\/wp-content\/uploads\/2025\/01\/Asset-15-18x8.png 18w\" sizes=\"(max-width: 296px) 100vw, 296px\" \/><\/li><li class=\"isotope-item\"><img decoding=\"async\" width=\"482\" height=\"146\" src=\"https:\/\/conversys.global\/wp-content\/uploads\/2025\/01\/Asset-8-1.png\" class=\"attachment-full\" alt=\"\" title=\"Asset 8\" srcset=\"https:\/\/conversys.global\/wp-content\/uploads\/2025\/01\/Asset-8-1.png 482w, https:\/\/conversys.global\/wp-content\/uploads\/2025\/01\/Asset-8-1-300x91.png 300w, https:\/\/conversys.global\/wp-content\/uploads\/2025\/01\/Asset-8-1-18x5.png 18w\" sizes=\"(max-width: 482px) 100vw, 482px\" \/><\/li><li class=\"isotope-item\"><img decoding=\"async\" width=\"1432\" height=\"311\" src=\"https:\/\/conversys.global\/wp-content\/uploads\/2025\/11\/idnnDQAlMr_1762971874356.png\" class=\"attachment-full\" alt=\"\" title=\"idnnDQAlMr_1762971874356\" srcset=\"https:\/\/conversys.global\/wp-content\/uploads\/2025\/11\/idnnDQAlMr_1762971874356.png 1432w, https:\/\/conversys.global\/wp-content\/uploads\/2025\/11\/idnnDQAlMr_1762971874356-300x65.png 300w, https:\/\/conversys.global\/wp-content\/uploads\/2025\/11\/idnnDQAlMr_1762971874356-1024x222.png 1024w, https:\/\/conversys.global\/wp-content\/uploads\/2025\/11\/idnnDQAlMr_1762971874356-768x167.png 768w, https:\/\/conversys.global\/wp-content\/uploads\/2025\/11\/idnnDQAlMr_1762971874356-18x4.png 18w\" sizes=\"(max-width: 1432px) 100vw, 1432px\" \/><\/li><li class=\"isotope-item\"><img decoding=\"async\" width=\"2560\" height=\"503\" src=\"https:\/\/conversys.global\/wp-content\/uploads\/2025\/11\/arista-seeklogo.png\" class=\"attachment-full\" alt=\"\" title=\"arista-seeklogo\" srcset=\"https:\/\/conversys.global\/wp-content\/uploads\/2025\/11\/arista-seeklogo.png 2560w, https:\/\/conversys.global\/wp-content\/uploads\/2025\/11\/arista-seeklogo-300x59.png 300w, https:\/\/conversys.global\/wp-content\/uploads\/2025\/11\/arista-seeklogo-1024x201.png 1024w, https:\/\/conversys.global\/wp-content\/uploads\/2025\/11\/arista-seeklogo-768x151.png 768w, https:\/\/conversys.global\/wp-content\/uploads\/2025\/11\/arista-seeklogo-1536x302.png 1536w, https:\/\/conversys.global\/wp-content\/uploads\/2025\/11\/arista-seeklogo-2048x402.png 2048w, https:\/\/conversys.global\/wp-content\/uploads\/2025\/11\/arista-seeklogo-18x4.png 18w\" sizes=\"(max-width: 2560px) 100vw, 2560px\" \/><\/li><li class=\"isotope-item\"><img decoding=\"async\" width=\"2560\" height=\"433\" src=\"https:\/\/conversys.global\/wp-content\/uploads\/2025\/11\/Layer-2.png\" class=\"attachment-full\" alt=\"\" title=\"Layer 2\" srcset=\"https:\/\/conversys.global\/wp-content\/uploads\/2025\/11\/Layer-2.png 2560w, https:\/\/conversys.global\/wp-content\/uploads\/2025\/11\/Layer-2-300x51.png 300w, https:\/\/conversys.global\/wp-content\/uploads\/2025\/11\/Layer-2-1024x173.png 1024w, https:\/\/conversys.global\/wp-content\/uploads\/2025\/11\/Layer-2-768x130.png 768w, https:\/\/conversys.global\/wp-content\/uploads\/2025\/11\/Layer-2-1536x260.png 1536w, https:\/\/conversys.global\/wp-content\/uploads\/2025\/11\/Layer-2-2048x346.png 2048w, https:\/\/conversys.global\/wp-content\/uploads\/2025\/11\/Layer-2-18x3.png 18w\" sizes=\"(max-width: 2560px) 100vw, 2560px\" \/><\/li><li class=\"isotope-item\"><\/li><li class=\"isotope-item\"><img decoding=\"async\" width=\"2560\" height=\"1116\" src=\"https:\/\/conversys.global\/wp-content\/uploads\/2025\/11\/Ativo-1-1.png\" class=\"attachment-full\" alt=\"\" title=\"Ativo 1\" srcset=\"https:\/\/conversys.global\/wp-content\/uploads\/2025\/11\/Ativo-1-1.png 2560w, https:\/\/conversys.global\/wp-content\/uploads\/2025\/11\/Ativo-1-1-300x131.png 300w, https:\/\/conversys.global\/wp-content\/uploads\/2025\/11\/Ativo-1-1-1024x446.png 1024w, https:\/\/conversys.global\/wp-content\/uploads\/2025\/11\/Ativo-1-1-768x335.png 768w, https:\/\/conversys.global\/wp-content\/uploads\/2025\/11\/Ativo-1-1-1536x670.png 1536w, https:\/\/conversys.global\/wp-content\/uploads\/2025\/11\/Ativo-1-1-2048x893.png 2048w, https:\/\/conversys.global\/wp-content\/uploads\/2025\/11\/Ativo-1-1-18x8.png 18w\" sizes=\"(max-width: 2560px) 100vw, 2560px\" \/><\/li><li class=\"isotope-item\"><img decoding=\"async\" width=\"2560\" height=\"431\" src=\"https:\/\/conversys.global\/wp-content\/uploads\/2025\/11\/Ativo-1-2.png\" class=\"attachment-full\" alt=\"\" title=\"Ativo 1\" srcset=\"https:\/\/conversys.global\/wp-content\/uploads\/2025\/11\/Ativo-1-2.png 2560w, https:\/\/conversys.global\/wp-content\/uploads\/2025\/11\/Ativo-1-2-300x50.png 300w, https:\/\/conversys.global\/wp-content\/uploads\/2025\/11\/Ativo-1-2-1024x172.png 1024w, https:\/\/conversys.global\/wp-content\/uploads\/2025\/11\/Ativo-1-2-768x129.png 768w, https:\/\/conversys.global\/wp-content\/uploads\/2025\/11\/Ativo-1-2-1536x258.png 1536w, https:\/\/conversys.global\/wp-content\/uploads\/2025\/11\/Ativo-1-2-2048x344.png 2048w, https:\/\/conversys.global\/wp-content\/uploads\/2025\/11\/Ativo-1-2-18x3.png 18w\" sizes=\"(max-width: 2560px) 100vw, 2560px\" \/><\/li><li class=\"isotope-item\"><img decoding=\"async\" width=\"2560\" height=\"582\" src=\"https:\/\/conversys.global\/wp-content\/uploads\/2025\/11\/Ativo-1-3.png\" class=\"attachment-full\" alt=\"\" title=\"Ativo 1\" srcset=\"https:\/\/conversys.global\/wp-content\/uploads\/2025\/11\/Ativo-1-3.png 2560w, https:\/\/conversys.global\/wp-content\/uploads\/2025\/11\/Ativo-1-3-300x68.png 300w, https:\/\/conversys.global\/wp-content\/uploads\/2025\/11\/Ativo-1-3-1024x233.png 1024w, https:\/\/conversys.global\/wp-content\/uploads\/2025\/11\/Ativo-1-3-768x175.png 768w, https:\/\/conversys.global\/wp-content\/uploads\/2025\/11\/Ativo-1-3-1536x349.png 1536w, https:\/\/conversys.global\/wp-content\/uploads\/2025\/11\/Ativo-1-3-2048x466.png 2048w, https:\/\/conversys.global\/wp-content\/uploads\/2025\/11\/Ativo-1-3-18x4.png 18w\" sizes=\"(max-width: 2560px) 100vw, 2560px\" \/><\/li><li class=\"isotope-item\"><img decoding=\"async\" width=\"2560\" height=\"418\" src=\"https:\/\/conversys.global\/wp-content\/uploads\/2025\/11\/Ativo-1-4.png\" class=\"attachment-full\" alt=\"\" title=\"Ativo 1\" srcset=\"https:\/\/conversys.global\/wp-content\/uploads\/2025\/11\/Ativo-1-4.png 2560w, https:\/\/conversys.global\/wp-content\/uploads\/2025\/11\/Ativo-1-4-300x49.png 300w, https:\/\/conversys.global\/wp-content\/uploads\/2025\/11\/Ativo-1-4-1024x167.png 1024w, https:\/\/conversys.global\/wp-content\/uploads\/2025\/11\/Ativo-1-4-768x125.png 768w, https:\/\/conversys.global\/wp-content\/uploads\/2025\/11\/Ativo-1-4-1536x251.png 1536w, https:\/\/conversys.global\/wp-content\/uploads\/2025\/11\/Ativo-1-4-2048x334.png 2048w, https:\/\/conversys.global\/wp-content\/uploads\/2025\/11\/Ativo-1-4-18x3.png 18w\" sizes=\"(max-width: 2560px) 100vw, 2560px\" \/><\/li><li class=\"isotope-item\"><img decoding=\"async\" width=\"2135\" height=\"1105\" src=\"https:\/\/conversys.global\/wp-content\/uploads\/2025\/11\/Ativo-1-5.png\" class=\"attachment-full\" alt=\"\" title=\"Ativo 1\" srcset=\"https:\/\/conversys.global\/wp-content\/uploads\/2025\/11\/Ativo-1-5.png 2135w, https:\/\/conversys.global\/wp-content\/uploads\/2025\/11\/Ativo-1-5-300x155.png 300w, https:\/\/conversys.global\/wp-content\/uploads\/2025\/11\/Ativo-1-5-1024x530.png 1024w, https:\/\/conversys.global\/wp-content\/uploads\/2025\/11\/Ativo-1-5-768x397.png 768w, https:\/\/conversys.global\/wp-content\/uploads\/2025\/11\/Ativo-1-5-1536x795.png 1536w, https:\/\/conversys.global\/wp-content\/uploads\/2025\/11\/Ativo-1-5-2048x1060.png 2048w, https:\/\/conversys.global\/wp-content\/uploads\/2025\/11\/Ativo-1-5-18x9.png 18w\" sizes=\"(max-width: 2135px) 100vw, 2135px\" \/><\/li><li class=\"isotope-item\"><img decoding=\"async\" width=\"2560\" height=\"396\" src=\"https:\/\/conversys.global\/wp-content\/uploads\/2025\/11\/Ativo-1-6.png\" class=\"attachment-full\" alt=\"\" title=\"Ativo 1\" srcset=\"https:\/\/conversys.global\/wp-content\/uploads\/2025\/11\/Ativo-1-6.png 2560w, https:\/\/conversys.global\/wp-content\/uploads\/2025\/11\/Ativo-1-6-300x46.png 300w, https:\/\/conversys.global\/wp-content\/uploads\/2025\/11\/Ativo-1-6-1024x158.png 1024w, https:\/\/conversys.global\/wp-content\/uploads\/2025\/11\/Ativo-1-6-768x119.png 768w, https:\/\/conversys.global\/wp-content\/uploads\/2025\/11\/Ativo-1-6-1536x237.png 1536w, https:\/\/conversys.global\/wp-content\/uploads\/2025\/11\/Ativo-1-6-2048x317.png 2048w, https:\/\/conversys.global\/wp-content\/uploads\/2025\/11\/Ativo-1-6-18x3.png 18w\" sizes=\"(max-width: 2560px) 100vw, 2560px\" \/><\/li><li class=\"isotope-item\"><img decoding=\"async\" width=\"2560\" height=\"554\" src=\"https:\/\/conversys.global\/wp-content\/uploads\/2025\/11\/Ativo-1-7.png\" class=\"attachment-full\" alt=\"\" title=\"Ativo 1\" srcset=\"https:\/\/conversys.global\/wp-content\/uploads\/2025\/11\/Ativo-1-7.png 2560w, https:\/\/conversys.global\/wp-content\/uploads\/2025\/11\/Ativo-1-7-300x65.png 300w, https:\/\/conversys.global\/wp-content\/uploads\/2025\/11\/Ativo-1-7-1024x222.png 1024w, https:\/\/conversys.global\/wp-content\/uploads\/2025\/11\/Ativo-1-7-768x166.png 768w, https:\/\/conversys.global\/wp-content\/uploads\/2025\/11\/Ativo-1-7-1536x332.png 1536w, https:\/\/conversys.global\/wp-content\/uploads\/2025\/11\/Ativo-1-7-2048x443.png 2048w, https:\/\/conversys.global\/wp-content\/uploads\/2025\/11\/Ativo-1-7-18x4.png 18w\" sizes=\"(max-width: 2560px) 100vw, 2560px\" \/><\/li><li class=\"isotope-item\"><img decoding=\"async\" width=\"2218\" height=\"409\" src=\"https:\/\/conversys.global\/wp-content\/uploads\/2025\/11\/secpod.png\" class=\"attachment-full\" alt=\"\" title=\"secpod\" srcset=\"https:\/\/conversys.global\/wp-content\/uploads\/2025\/11\/secpod.png 2218w, https:\/\/conversys.global\/wp-content\/uploads\/2025\/11\/secpod-300x55.png 300w, https:\/\/conversys.global\/wp-content\/uploads\/2025\/11\/secpod-1024x189.png 1024w, https:\/\/conversys.global\/wp-content\/uploads\/2025\/11\/secpod-768x142.png 768w, https:\/\/conversys.global\/wp-content\/uploads\/2025\/11\/secpod-1536x283.png 1536w, https:\/\/conversys.global\/wp-content\/uploads\/2025\/11\/secpod-2048x378.png 2048w, https:\/\/conversys.global\/wp-content\/uploads\/2025\/11\/secpod-18x3.png 18w\" sizes=\"(max-width: 2218px) 100vw, 2218px\" \/><\/li><\/ul><\/div><\/div><\/div><\/div><\/div><\/div><\/div><\/section><section id=\"cta\" class=\"vc_section\"><div class=\"vc_row wpb_row vc_row-fluid\"><div class=\"wpb_column vc_column_container vc_col-sm-8\"><div class=\"vc_column-inner\"><div class=\"wpb_wrapper\">\n\t<div class=\"wpb_text_column wpb_content_element\" >\n\t\t<div class=\"wpb_wrapper\">\n\t\t\t<h4>Fale com um consultor<\/h4>\n<h2>Vamos falar sobre os desafios dos seus neg\u00f3cios?<\/h2>\n<h4>N\u00f3s encontramos a solu\u00e7\u00e3o certa para a sua empresa.<\/h4>\n\n\t\t<\/div>\n\t<\/div>\n<\/div><\/div><\/div><div class=\"wpb_column vc_column_container vc_col-sm-4\"><div class=\"vc_column-inner\"><div class=\"wpb_wrapper\"><div class=\"bt justify-content-end\">\n        <a class=\"color-white outline-false  size-normal\" href=\"https:\/\/conversys.global\/pt_pt\/contato\/\" target=\"_self\" title=\"Entre em contato\">Entre em contato<\/a>\n    <\/div><\/div><\/div><\/div><\/div><\/section>\n<\/div>","protected":false},"excerpt":{"rendered":"Qualidade Principais fabricantes globais de tecnologia Com o prop\u00f3sito de disponibilizar tecnologia da informa\u00e7\u00e3o e comunica\u00e7\u00e3o de qualidade para todas as empresas, [...]","protected":false},"author":5,"featured_media":0,"parent":151,"menu_order":0,"comment_status":"closed","ping_status":"closed","template":"","meta":{"_acf_changed":false,"inline_featured_image":false,"footnotes":""},"class_list":["post-152","page","type-page","status-publish","hentry"],"acf":[],"yoast_head":"<!-- This site is optimized with the Yoast SEO plugin v25.6 - https:\/\/yoast.com\/wordpress\/plugins\/seo\/ -->\n<title>Parceiros - Conversys<\/title>\n<meta name=\"robots\" content=\"index, follow, max-snippet:-1, max-image-preview:large, max-video-preview:-1\" \/>\n<link rel=\"canonical\" href=\"https:\/\/conversys.global\/pt_pt\/parceiros\/\" \/>\n<meta property=\"og:locale\" content=\"pt_PT\" \/>\n<meta property=\"og:type\" content=\"article\" \/>\n<meta property=\"og:title\" content=\"Parceiros - Conversys\" \/>\n<meta property=\"og:url\" content=\"https:\/\/conversys.global\/pt_pt\/parceiros\/\" \/>\n<meta property=\"og:site_name\" content=\"Conversys\" \/>\n<meta property=\"article:modified_time\" content=\"2025-11-14T18:35:09+00:00\" \/>\n<meta name=\"twitter:card\" content=\"summary_large_image\" \/>\n<meta name=\"twitter:label1\" content=\"Tempo estimado de leitura\" \/>\n\t<meta name=\"twitter:data1\" content=\"1 minuto\" \/>\n<script type=\"application\/ld+json\" class=\"yoast-schema-graph\">{\"@context\":\"https:\/\/schema.org\",\"@graph\":[{\"@type\":\"WebPage\",\"@id\":\"https:\/\/conversys.global\/pt_pt\/parceiros\/\",\"url\":\"https:\/\/conversys.global\/pt_pt\/parceiros\/\",\"name\":\"Parceiros - Conversys\",\"isPartOf\":{\"@id\":\"https:\/\/conversys.global\/pt_pt\/#website\"},\"datePublished\":\"2024-03-29T19:41:24+00:00\",\"dateModified\":\"2025-11-14T18:35:09+00:00\",\"breadcrumb\":{\"@id\":\"https:\/\/conversys.global\/pt_pt\/parceiros\/#breadcrumb\"},\"inLanguage\":\"pt-PT\",\"potentialAction\":[{\"@type\":\"ReadAction\",\"target\":[\"https:\/\/conversys.global\/pt_pt\/parceiros\/\"]}]},{\"@type\":\"BreadcrumbList\",\"@id\":\"https:\/\/conversys.global\/pt_pt\/parceiros\/#breadcrumb\",\"itemListElement\":[{\"@type\":\"ListItem\",\"position\":1,\"name\":\"Home\",\"item\":\"https:\/\/conversys.global\/\"},{\"@type\":\"ListItem\",\"position\":2,\"name\":\"A Conversys\",\"item\":\"https:\/\/conversys.global\/quem-somos\/\"},{\"@type\":\"ListItem\",\"position\":3,\"name\":\"Parceiros\"}]},{\"@type\":\"WebSite\",\"@id\":\"https:\/\/conversys.global\/pt_pt\/#website\",\"url\":\"https:\/\/conversys.global\/pt_pt\/\",\"name\":\"Conversys\",\"description\":\"IT Solutions\",\"publisher\":{\"@id\":\"https:\/\/conversys.global\/pt_pt\/#organization\"},\"potentialAction\":[{\"@type\":\"SearchAction\",\"target\":{\"@type\":\"EntryPoint\",\"urlTemplate\":\"https:\/\/conversys.global\/pt_pt\/?s={search_term_string}\"},\"query-input\":{\"@type\":\"PropertyValueSpecification\",\"valueRequired\":true,\"valueName\":\"search_term_string\"}}],\"inLanguage\":\"pt-PT\"},{\"@type\":\"Organization\",\"@id\":\"https:\/\/conversys.global\/pt_pt\/#organization\",\"name\":\"Conversys\",\"url\":\"https:\/\/conversys.global\/pt_pt\/\",\"logo\":{\"@type\":\"ImageObject\",\"inLanguage\":\"pt-PT\",\"@id\":\"https:\/\/conversys.global\/pt_pt\/#\/schema\/logo\/image\/\",\"url\":\"https:\/\/conversys.global\/wp-content\/uploads\/2024\/03\/conversys.svg\",\"contentUrl\":\"https:\/\/conversys.global\/wp-content\/uploads\/2024\/03\/conversys.svg\",\"width\":219,\"height\":40,\"caption\":\"Conversys\"},\"image\":{\"@id\":\"https:\/\/conversys.global\/pt_pt\/#\/schema\/logo\/image\/\"}}]}<\/script>\n<!-- \/ Yoast SEO plugin. -->","yoast_head_json":{"title":"Parceiros - Conversys","robots":{"index":"index","follow":"follow","max-snippet":"max-snippet:-1","max-image-preview":"max-image-preview:large","max-video-preview":"max-video-preview:-1"},"canonical":"https:\/\/conversys.global\/pt_pt\/parceiros\/","og_locale":"pt_PT","og_type":"article","og_title":"Parceiros - Conversys","og_url":"https:\/\/conversys.global\/pt_pt\/parceiros\/","og_site_name":"Conversys","article_modified_time":"2025-11-14T18:35:09+00:00","twitter_card":"summary_large_image","twitter_misc":{"Tempo estimado de leitura":"1 minuto"},"schema":{"@context":"https:\/\/schema.org","@graph":[{"@type":"WebPage","@id":"https:\/\/conversys.global\/pt_pt\/parceiros\/","url":"https:\/\/conversys.global\/pt_pt\/parceiros\/","name":"Parceiros - Conversys","isPartOf":{"@id":"https:\/\/conversys.global\/pt_pt\/#website"},"datePublished":"2024-03-29T19:41:24+00:00","dateModified":"2025-11-14T18:35:09+00:00","breadcrumb":{"@id":"https:\/\/conversys.global\/pt_pt\/parceiros\/#breadcrumb"},"inLanguage":"pt-PT","potentialAction":[{"@type":"ReadAction","target":["https:\/\/conversys.global\/pt_pt\/parceiros\/"]}]},{"@type":"BreadcrumbList","@id":"https:\/\/conversys.global\/pt_pt\/parceiros\/#breadcrumb","itemListElement":[{"@type":"ListItem","position":1,"name":"Home","item":"https:\/\/conversys.global\/"},{"@type":"ListItem","position":2,"name":"A Conversys","item":"https:\/\/conversys.global\/quem-somos\/"},{"@type":"ListItem","position":3,"name":"Parceiros"}]},{"@type":"WebSite","@id":"https:\/\/conversys.global\/pt_pt\/#website","url":"https:\/\/conversys.global\/pt_pt\/","name":"Conversys","description":"IT Solutions","publisher":{"@id":"https:\/\/conversys.global\/pt_pt\/#organization"},"potentialAction":[{"@type":"SearchAction","target":{"@type":"EntryPoint","urlTemplate":"https:\/\/conversys.global\/pt_pt\/?s={search_term_string}"},"query-input":{"@type":"PropertyValueSpecification","valueRequired":true,"valueName":"search_term_string"}}],"inLanguage":"pt-PT"},{"@type":"Organization","@id":"https:\/\/conversys.global\/pt_pt\/#organization","name":"Conversys","url":"https:\/\/conversys.global\/pt_pt\/","logo":{"@type":"ImageObject","inLanguage":"pt-PT","@id":"https:\/\/conversys.global\/pt_pt\/#\/schema\/logo\/image\/","url":"https:\/\/conversys.global\/wp-content\/uploads\/2024\/03\/conversys.svg","contentUrl":"https:\/\/conversys.global\/wp-content\/uploads\/2024\/03\/conversys.svg","width":219,"height":40,"caption":"Conversys"},"image":{"@id":"https:\/\/conversys.global\/pt_pt\/#\/schema\/logo\/image\/"}}]}},"_links":{"self":[{"href":"https:\/\/conversys.global\/pt_pt\/wp-json\/wp\/v2\/pages\/152"}],"collection":[{"href":"https:\/\/conversys.global\/pt_pt\/wp-json\/wp\/v2\/pages"}],"about":[{"href":"https:\/\/conversys.global\/pt_pt\/wp-json\/wp\/v2\/types\/page"}],"author":[{"embeddable":true,"href":"https:\/\/conversys.global\/pt_pt\/wp-json\/wp\/v2\/users\/5"}],"replies":[{"embeddable":true,"href":"https:\/\/conversys.global\/pt_pt\/wp-json\/wp\/v2\/comments?post=152"}],"version-history":[{"count":40,"href":"https:\/\/conversys.global\/pt_pt\/wp-json\/wp\/v2\/pages\/152\/revisions"}],"predecessor-version":[{"id":34712,"href":"https:\/\/conversys.global\/pt_pt\/wp-json\/wp\/v2\/pages\/152\/revisions\/34712"}],"up":[{"embeddable":true,"href":"https:\/\/conversys.global\/pt_pt\/wp-json\/wp\/v2\/pages\/151"}],"wp:attachment":[{"href":"https:\/\/conversys.global\/pt_pt\/wp-json\/wp\/v2\/media?parent=152"}],"curies":[{"name":"wp","href":"https:\/\/api.w.org\/{rel}","templated":true}]}}