{"id":34475,"date":"2025-05-01T11:54:30","date_gmt":"2025-05-01T14:54:30","guid":{"rendered":"https:\/\/conversys.global\/?page_id=34475"},"modified":"2025-05-07T16:40:42","modified_gmt":"2025-05-07T19:40:42","slug":"dicas-de-seguranca","status":"publish","type":"page","link":"https:\/\/conversys.global\/pt_pt\/dicas-de-seguranca\/","title":{"rendered":"Dicas de seguran\u00e7a"},"content":{"rendered":"<div class=\"wpb-content-wrapper\"><section id=\"banner-dicas\" class=\"vc_section vc_custom_1746110967519 vc_section-has-fill\"><div class=\"vc_row wpb_row vc_row-fluid\"><div class=\"wpb_column vc_column_container vc_col-sm-6\"><div class=\"vc_column-inner\"><div class=\"wpb_wrapper\">\n\t<div class=\"wpb_text_column wpb_content_element\" >\n\t\t<div class=\"wpb_wrapper\">\n\t\t\t<h4 class=\"blue\" style=\"text-align: center;\">M\u00e9todos de Seguran\u00e7a de Informa\u00e7\u00e3o<\/h4>\n<h1 style=\"text-align: center;\">Dicas de Seguran\u00e7a<\/h1>\n<p style=\"text-align: center;\">Aqui est\u00e3o algumas dicas e melhores pr\u00e1ticas de Seguran\u00e7a da Informa\u00e7\u00e3o que voc\u00ea pode adotar no seu dia a dia para proteger seus dados e garantir a seguran\u00e7a online:<\/p>\n\n\t\t<\/div>\n\t<\/div>\n<\/div><\/div><\/div><\/div><\/section><section class=\"vc_section\"><div class=\"vc_row wpb_row vc_row-fluid\"><div class=\"wpb_column vc_column_container vc_col-sm-12\"><div class=\"vc_column-inner\"><div class=\"wpb_wrapper\">\n\t<div class=\"wpb_text_column wpb_content_element\" >\n\t\t<div class=\"wpb_wrapper\">\n\t\t\t<h4 style=\"text-align: center;\">Acessos<\/h4>\n<h2 style=\"text-align: center;\">Prote\u00e7\u00e3o de Contas e Acessos<\/h2>\n\n\t\t<\/div>\n\t<\/div>\n<\/div><\/div><\/div><\/div><div class=\"vc_row wpb_row vc_row-fluid icons\"><div class=\"wpb_column vc_column_container vc_col-sm-4\"><div class=\"vc_column-inner\"><div class=\"wpb_wrapper\"><div class=\"vc_row wpb_row vc_inner vc_row-fluid\"><div class=\"wpb_column vc_column_container vc_col-sm-12\"><div class=\"vc_column-inner\"><div class=\"wpb_wrapper\">\n\t<div  class=\"wpb_single_image wpb_content_element vc_align_left wpb_content_element\">\n\t\t\n\t\t<figure class=\"wpb_wrapper vc_figure\">\n\t\t\t<div class=\"vc_single_image-wrapper   vc_box_border_grey\"><img decoding=\"async\" width=\"60\" height=\"60\" src=\"https:\/\/conversys.global\/wp-content\/uploads\/2025\/05\/d1.svg\" class=\"vc_single_image-img attachment-full\" alt=\"\" title=\"d1\" \/><\/div>\n\t\t<\/figure>\n\t<\/div>\n\n\t<div class=\"wpb_text_column wpb_content_element\" >\n\t\t<div class=\"wpb_wrapper\">\n\t\t\t<h3>Use Senhas Fortes e \u00danicas<\/h3>\n<p>Crie senhas longas, complexas e \u00fanicas para cada conta (combinando letras mai\u00fasculas, min\u00fasculas, n\u00fameros e caracteres especiais). Senhas simples ou reutilizadas s\u00e3o facilmente descobertas em ataques de for\u00e7a bruta.<\/p>\n\n\t\t<\/div>\n\t<\/div>\n<\/div><\/div><\/div><\/div><div class=\"vc_message_box vc_message_box-standard vc_message_box-rounded vc_color-danger vc_do_message\" ><div class=\"vc_message_box-icon\"><i class=\"far fa-lightbulb\"><\/i><\/div><p><strong>Dica:<\/strong> Use um gerenciador de senhas para gerar e armazenar senhas seguras.<\/p>\n<\/div><\/div><\/div><\/div><div class=\"wpb_column vc_column_container vc_col-sm-4\"><div class=\"vc_column-inner\"><div class=\"wpb_wrapper\"><div class=\"vc_row wpb_row vc_inner vc_row-fluid\"><div class=\"wpb_column vc_column_container vc_col-sm-12\"><div class=\"vc_column-inner\"><div class=\"wpb_wrapper\">\n\t<div  class=\"wpb_single_image wpb_content_element vc_align_left wpb_content_element\">\n\t\t\n\t\t<figure class=\"wpb_wrapper vc_figure\">\n\t\t\t<div class=\"vc_single_image-wrapper   vc_box_border_grey\"><img decoding=\"async\" width=\"60\" height=\"60\" src=\"https:\/\/conversys.global\/wp-content\/uploads\/2025\/05\/d2.svg\" class=\"vc_single_image-img attachment-full\" alt=\"\" title=\"d2\" \/><\/div>\n\t\t<\/figure>\n\t<\/div>\n\n\t<div class=\"wpb_text_column wpb_content_element\" >\n\t\t<div class=\"wpb_wrapper\">\n\t\t\t<h3>Ative a Autentica\u00e7\u00e3o Multifatorial (MFA)<\/h3>\n<p>Sempre que poss\u00edvel, ative a autentica\u00e7\u00e3o multifatorial para suas contas. Isso pode ser feito com um c\u00f3digo enviado por SMS ou um aplicativo de autentica\u00e7\u00e3o (como Google Authenticator ou Microsoft Authenticator)<\/p>\n\n\t\t<\/div>\n\t<\/div>\n<\/div><\/div><\/div><\/div><div class=\"vc_message_box vc_message_box-standard vc_message_box-rounded vc_color-danger vc_do_message\" ><div class=\"vc_message_box-icon\"><i class=\"far fa-lightbulb\"><\/i><\/div><p><strong>Dica:<\/strong> Habilite MFA em e-mails, redes sociais, bancos e outros servi\u00e7os sens\u00edveis.<\/p>\n<\/div><\/div><\/div><\/div><div class=\"wpb_column vc_column_container vc_col-sm-4\"><div class=\"vc_column-inner\"><div class=\"wpb_wrapper\"><div class=\"vc_row wpb_row vc_inner vc_row-fluid\"><div class=\"wpb_column vc_column_container vc_col-sm-12\"><div class=\"vc_column-inner\"><div class=\"wpb_wrapper\">\n\t<div  class=\"wpb_single_image wpb_content_element vc_align_left wpb_content_element\">\n\t\t\n\t\t<figure class=\"wpb_wrapper vc_figure\">\n\t\t\t<div class=\"vc_single_image-wrapper   vc_box_border_grey\"><img decoding=\"async\" width=\"60\" height=\"60\" src=\"https:\/\/conversys.global\/wp-content\/uploads\/2025\/05\/d3.svg\" class=\"vc_single_image-img attachment-full\" alt=\"\" title=\"d3\" \/><\/div>\n\t\t<\/figure>\n\t<\/div>\n\n\t<div class=\"wpb_text_column wpb_content_element\" >\n\t\t<div class=\"wpb_wrapper\">\n\t\t\t<h3>Evite Redes Wi-Fi P\u00fablicas<\/h3>\n<p>Evite acessar informa\u00e7\u00f5es sens\u00edveis, como contas banc\u00e1rias ou e-mails, enquanto estiver conectado a redes Wi-Fi p\u00fablicas ou n\u00e3o seguras. Redes Wi-Fi p\u00fablicas s\u00e3o vulner\u00e1veis a ataques, e hackers podem interceptar dados transmitidos.<\/p>\n\n\t\t<\/div>\n\t<\/div>\n<\/div><\/div><\/div><\/div><div class=\"vc_message_box vc_message_box-standard vc_message_box-rounded vc_color-danger vc_do_message\" ><div class=\"vc_message_box-icon\"><i class=\"far fa-lightbulb\"><\/i><\/div><p><strong>Dica:<\/strong> Se precisar acessar informa\u00e7\u00f5es sens\u00edveis em uma rede p\u00fablica, use uma <strong>VPN (Rede Privada Virtual)<\/strong> para criptografar sua conex\u00e3o.<\/p>\n<\/div><\/div><\/div><\/div><\/div><\/section><section class=\"vc_section\"><div class=\"vc_row wpb_row vc_row-fluid\"><div class=\"wpb_column vc_column_container vc_col-sm-12\"><div class=\"vc_column-inner\"><div class=\"wpb_wrapper\">\n\t<div class=\"wpb_text_column wpb_content_element\" >\n\t\t<div class=\"wpb_wrapper\">\n\t\t\t<h4 style=\"text-align: center;\">Comportamento<\/h4>\n<h2 style=\"text-align: center;\">Navega\u00e7\u00e3o e Comportamento Online Seguro<\/h2>\n\n\t\t<\/div>\n\t<\/div>\n<\/div><\/div><\/div><\/div><div class=\"vc_row wpb_row vc_row-fluid icons foto\"><div class=\"wpb_column vc_column_container vc_col-sm-4\"><div class=\"vc_column-inner\"><div class=\"wpb_wrapper\"><div class=\"vc_row wpb_row vc_inner vc_row-fluid\"><div class=\"wpb_column vc_column_container vc_col-sm-12\"><div class=\"vc_column-inner\"><div class=\"wpb_wrapper\">\n\t<div  class=\"wpb_single_image wpb_content_element vc_align_left wpb_content_element\">\n\t\t\n\t\t<figure class=\"wpb_wrapper vc_figure\">\n\t\t\t<div class=\"vc_single_image-wrapper   vc_box_border_grey\"><img decoding=\"async\" width=\"500\" height=\"300\" src=\"https:\/\/conversys.global\/wp-content\/uploads\/2025\/05\/Cuidado-com-Phishing.jpg\" class=\"vc_single_image-img attachment-full\" alt=\"\" title=\"Cuidado com Phishing\" srcset=\"https:\/\/conversys.global\/wp-content\/uploads\/2025\/05\/Cuidado-com-Phishing.jpg 500w, https:\/\/conversys.global\/wp-content\/uploads\/2025\/05\/Cuidado-com-Phishing-300x180.jpg 300w, https:\/\/conversys.global\/wp-content\/uploads\/2025\/05\/Cuidado-com-Phishing-18x12.jpg 18w\" sizes=\"(max-width: 500px) 100vw, 500px\" \/><\/div>\n\t\t<\/figure>\n\t<\/div>\n\n\t<div class=\"wpb_text_column wpb_content_element\" >\n\t\t<div class=\"wpb_wrapper\">\n\t\t\t<h3>Cuidado com Phishing<\/h3>\n<p>Fique atento a e-mails, mensagens de texto ou links suspeitos. N\u00e3o clique em links ou abra anexos de fontes desconhecidas.<\/p>\n\n\t\t<\/div>\n\t<\/div>\n<\/div><\/div><\/div><\/div><div class=\"vc_message_box vc_message_box-standard vc_message_box-rounded vc_color-danger vc_do_message\" ><div class=\"vc_message_box-icon\"><i class=\"far fa-lightbulb\"><\/i><\/div><p><strong>Dica:<\/strong> Verifique sempre o endere\u00e7o de e-mail do remetente e evite clicar em links diretamente. Acesse os sites manualmente, digitando o endere\u00e7o no navegador.<\/p>\n<\/div><\/div><\/div><\/div><div class=\"wpb_column vc_column_container vc_col-sm-4\"><div class=\"vc_column-inner\"><div class=\"wpb_wrapper\"><div class=\"vc_row wpb_row vc_inner vc_row-fluid\"><div class=\"wpb_column vc_column_container vc_col-sm-12\"><div class=\"vc_column-inner\"><div class=\"wpb_wrapper\">\n\t<div  class=\"wpb_single_image wpb_content_element vc_align_left wpb_content_element\">\n\t\t\n\t\t<figure class=\"wpb_wrapper vc_figure\">\n\t\t\t<div class=\"vc_single_image-wrapper   vc_box_border_grey\"><img decoding=\"async\" width=\"500\" height=\"300\" src=\"https:\/\/conversys.global\/wp-content\/uploads\/2025\/05\/Mantenha-Seus-Dispositivos-Atualizados.jpg\" class=\"vc_single_image-img attachment-full\" alt=\"\" title=\"Mantenha Seus Dispositivos Atualizados\" srcset=\"https:\/\/conversys.global\/wp-content\/uploads\/2025\/05\/Mantenha-Seus-Dispositivos-Atualizados.jpg 500w, https:\/\/conversys.global\/wp-content\/uploads\/2025\/05\/Mantenha-Seus-Dispositivos-Atualizados-300x180.jpg 300w, https:\/\/conversys.global\/wp-content\/uploads\/2025\/05\/Mantenha-Seus-Dispositivos-Atualizados-18x12.jpg 18w\" sizes=\"(max-width: 500px) 100vw, 500px\" \/><\/div>\n\t\t<\/figure>\n\t<\/div>\n\n\t<div class=\"wpb_text_column wpb_content_element\" >\n\t\t<div class=\"wpb_wrapper\">\n\t\t\t<h3>Mantenha Seus Dispositivos Atualizados<\/h3>\n<p>Certifique-se de que seu sistema operacional, aplicativos e programas de seguran\u00e7a (como antiv\u00edrus) est\u00e3o sempre atualizados. Atualiza\u00e7\u00f5es frequentemente corrigem falhas de seguran\u00e7a que poderiam ser exploradas por hackers.<\/p>\n\n\t\t<\/div>\n\t<\/div>\n<\/div><\/div><\/div><\/div><div class=\"vc_message_box vc_message_box-standard vc_message_box-rounded vc_color-danger vc_do_message\" ><div class=\"vc_message_box-icon\"><i class=\"far fa-lightbulb\"><\/i><\/div><p><strong>Dica:<\/strong> Ative atualiza\u00e7\u00f5es autom\u00e1ticas sempre que poss\u00edvel.<\/p>\n<\/div><\/div><\/div><\/div><div class=\"wpb_column vc_column_container vc_col-sm-4\"><div class=\"vc_column-inner\"><div class=\"wpb_wrapper\"><div class=\"vc_row wpb_row vc_inner vc_row-fluid\"><div class=\"wpb_column vc_column_container vc_col-sm-12\"><div class=\"vc_column-inner\"><div class=\"wpb_wrapper\">\n\t<div  class=\"wpb_single_image wpb_content_element vc_align_left wpb_content_element\">\n\t\t\n\t\t<figure class=\"wpb_wrapper vc_figure\">\n\t\t\t<div class=\"vc_single_image-wrapper   vc_box_border_grey\"><img decoding=\"async\" width=\"500\" height=\"300\" src=\"https:\/\/conversys.global\/wp-content\/uploads\/2025\/05\/Cuidado-ao-Compartilhar-Informacoes-Online.jpg\" class=\"vc_single_image-img attachment-full\" alt=\"\" title=\"Cuidado ao Compartilhar Informac\u0327o\u0303es Online\" srcset=\"https:\/\/conversys.global\/wp-content\/uploads\/2025\/05\/Cuidado-ao-Compartilhar-Informacoes-Online.jpg 500w, https:\/\/conversys.global\/wp-content\/uploads\/2025\/05\/Cuidado-ao-Compartilhar-Informacoes-Online-300x180.jpg 300w, https:\/\/conversys.global\/wp-content\/uploads\/2025\/05\/Cuidado-ao-Compartilhar-Informacoes-Online-18x12.jpg 18w\" sizes=\"(max-width: 500px) 100vw, 500px\" \/><\/div>\n\t\t<\/figure>\n\t<\/div>\n\n\t<div class=\"wpb_text_column wpb_content_element\" >\n\t\t<div class=\"wpb_wrapper\">\n\t\t\t<h3>Cuidado ao Compartilhar Informa\u00e7\u00f5es Online<\/h3>\n<p>Evite compartilhar informa\u00e7\u00f5es pessoais, como n\u00fameros de documentos, endere\u00e7os ou senhas, em sites n\u00e3o confi\u00e1veis ou com pessoas que voc\u00ea n\u00e3o conhece bem. Quanto mais voc\u00ea compartilha online, mais vulner\u00e1vel fica a ataques de engenharia social ou roubo de identidade.<\/p>\n\n\t\t<\/div>\n\t<\/div>\n<\/div><\/div><\/div><\/div><div class=\"vc_message_box vc_message_box-standard vc_message_box-rounded vc_color-danger vc_do_message\" ><div class=\"vc_message_box-icon\"><i class=\"far fa-lightbulb\"><\/i><\/div><p><strong>Dica:<\/strong> Revise as permiss\u00f5es e configura\u00e7\u00f5es de privacidade das suas redes sociais.<\/p>\n<\/div><\/div><\/div><\/div><\/div><\/section><section id=\"manutencao\" class=\"vc_section vc_custom_1746115258467 vc_section-has-fill\"><div class=\"vc_row wpb_row vc_row-fluid\"><div class=\"wpb_column vc_column_container vc_col-sm-12\"><div class=\"vc_column-inner\"><div class=\"wpb_wrapper\">\n\t<div class=\"wpb_text_column wpb_content_element\" >\n\t\t<div class=\"wpb_wrapper\">\n\t\t\t<h4 style=\"text-align: center;\">Manuten\u00e7\u00e3o<\/h4>\n<h2 style=\"text-align: center;\">Manuten\u00e7\u00e3o e Preven\u00e7\u00e3o T\u00e9cnica<\/h2>\n\n\t\t<\/div>\n\t<\/div>\n<\/div><\/div><\/div><\/div><div class=\"vc_row wpb_row vc_row-fluid icons nobg\"><div class=\"wpb_column vc_column_container vc_col-sm-4\"><div class=\"vc_column-inner\"><div class=\"wpb_wrapper\">\n\t<div  class=\"wpb_single_image wpb_content_element vc_align_left wpb_content_element\">\n\t\t\n\t\t<figure class=\"wpb_wrapper vc_figure\">\n\t\t\t<div class=\"vc_single_image-wrapper   vc_box_border_grey\"><img decoding=\"async\" width=\"60\" height=\"60\" src=\"https:\/\/conversys.global\/wp-content\/uploads\/2025\/05\/d7.svg\" class=\"vc_single_image-img attachment-full\" alt=\"\" title=\"d7\" \/><\/div>\n\t\t<\/figure>\n\t<\/div>\n\n\t<div class=\"wpb_text_column wpb_content_element\" >\n\t\t<div class=\"wpb_wrapper\">\n\t\t\t<h3>Fa\u00e7a Backup Regularmente<\/h3>\n<p>Fa\u00e7a backup dos seus dados regularmente, de prefer\u00eancia em mais de um local (como um HD externo e na nuvem). Caso seus dados sejam perdidos ou sequestrados em um ataque de ransomware, voc\u00ea ter\u00e1 uma c\u00f3pia segura.<\/p>\n\n\t\t<\/div>\n\t<\/div>\n<div class=\"vc_message_box vc_message_box-standard vc_message_box-rounded vc_color-danger vc_do_message\" ><div class=\"vc_message_box-icon\"><i class=\"far fa-lightbulb\"><\/i><\/div><p><strong>Dica:<\/strong> Use uma solu\u00e7\u00e3o de backup automatizada para garantir que seus dados sejam sempre copiados.<\/p>\n<\/div><\/div><\/div><\/div><div class=\"wpb_column vc_column_container vc_col-sm-4\"><div class=\"vc_column-inner\"><div class=\"wpb_wrapper\">\n\t<div  class=\"wpb_single_image wpb_content_element vc_align_left wpb_content_element\">\n\t\t\n\t\t<figure class=\"wpb_wrapper vc_figure\">\n\t\t\t<div class=\"vc_single_image-wrapper   vc_box_border_grey\"><img decoding=\"async\" width=\"60\" height=\"60\" src=\"https:\/\/conversys.global\/wp-content\/uploads\/2025\/05\/d8.svg\" class=\"vc_single_image-img attachment-full\" alt=\"\" title=\"d8\" \/><\/div>\n\t\t<\/figure>\n\t<\/div>\n\n\t<div class=\"wpb_text_column wpb_content_element\" >\n\t\t<div class=\"wpb_wrapper\">\n\t\t\t<h3>Esteja Ciente de Softwares Maliciosos<\/h3>\n<p>Evite baixar e instalar programas de fontes n\u00e3o confi\u00e1veis ou desconhecidas. Softwares maliciosos podem danificar seu dispositivo ou roubar seus dados.<\/p>\n\n\t\t<\/div>\n\t<\/div>\n<div class=\"vc_message_box vc_message_box-standard vc_message_box-rounded vc_color-danger vc_do_message\" ><div class=\"vc_message_box-icon\"><i class=\"far fa-lightbulb\"><\/i><\/div><p><strong>Dica:<\/strong> Verifique sempre a reputa\u00e7\u00e3o do software antes de instal\u00e1-lo e use ferramentas de antiv\u00edrus para verificar arquivos.<\/p>\n<\/div><\/div><\/div><\/div><div class=\"wpb_column vc_column_container vc_col-sm-4\"><div class=\"vc_column-inner\"><div class=\"wpb_wrapper\">\n\t<div  class=\"wpb_single_image wpb_content_element vc_align_left wpb_content_element\">\n\t\t\n\t\t<figure class=\"wpb_wrapper vc_figure\">\n\t\t\t<div class=\"vc_single_image-wrapper   vc_box_border_grey\"><img decoding=\"async\" width=\"60\" height=\"60\" src=\"https:\/\/conversys.global\/wp-content\/uploads\/2025\/05\/d9.svg\" class=\"vc_single_image-img attachment-full\" alt=\"\" title=\"d9\" \/><\/div>\n\t\t<\/figure>\n\t<\/div>\n\n\t<div class=\"wpb_text_column wpb_content_element\" >\n\t\t<div class=\"wpb_wrapper\">\n\t\t\t<h3>Gerencie o Acesso aos Seus Dispositivos<\/h3>\n<p>N\u00e3o deixe seus dispositivos desprotegidos, especialmente em locais p\u00fablicos. Se algu\u00e9m conseguir acesso f\u00edsico ao seu dispositivo, pode obter suas informa\u00e7\u00f5es pessoais e dados sens\u00edveis.<\/p>\n\n\t\t<\/div>\n\t<\/div>\n<div class=\"vc_message_box vc_message_box-standard vc_message_box-rounded vc_color-danger vc_do_message\" ><div class=\"vc_message_box-icon\"><i class=\"far fa-lightbulb\"><\/i><\/div><p><strong>Dica:<\/strong> Sempre bloqueie a tela do seu celular ou computador quando n\u00e3o estiver em uso.<\/p>\n<\/div><\/div><\/div><\/div><\/div><\/section><section id=\"cta\" class=\"vc_section\"><div class=\"vc_row wpb_row vc_row-fluid\"><div class=\"wpb_column vc_column_container vc_col-sm-12\"><div class=\"vc_column-inner\"><div class=\"wpb_wrapper\">\n\t<div class=\"wpb_text_column wpb_content_element\" >\n\t\t<div class=\"wpb_wrapper\">\n\t\t\t<h2>Cuidados Di\u00e1rios, Seguran\u00e7a Cont\u00ednua<\/h2>\n<p>Adotando essas pr\u00e1ticas no seu dia a dia, voc\u00ea poder\u00e1 proteger suas informa\u00e7\u00f5es pessoais e reduzir os riscos de ser v\u00edtima de cibercrimes. Seguran\u00e7a digital \u00e9 uma responsabilidade cont\u00ednua, e quanto mais precau\u00e7\u00f5es voc\u00ea tomar, mais seguro estar\u00e1!<\/p>\n\n\t\t<\/div>\n\t<\/div>\n<\/div><\/div><\/div><\/div><\/section>\n<\/div>","protected":false},"excerpt":{"rendered":"M\u00e9todos de Seguran\u00e7a de Informa\u00e7\u00e3o Dicas de Seguran\u00e7a Aqui est\u00e3o algumas dicas e melhores pr\u00e1ticas de Seguran\u00e7a da Informa\u00e7\u00e3o que voc\u00ea pode [...]","protected":false},"author":5,"featured_media":0,"parent":0,"menu_order":0,"comment_status":"closed","ping_status":"closed","template":"","meta":{"_acf_changed":false,"inline_featured_image":false,"footnotes":""},"class_list":["post-34475","page","type-page","status-publish","hentry"],"acf":[],"yoast_head":"<!-- This site is optimized with the Yoast SEO plugin v25.6 - https:\/\/yoast.com\/wordpress\/plugins\/seo\/ -->\n<title>Dicas de seguran\u00e7a - Conversys<\/title>\n<meta name=\"robots\" content=\"index, follow, max-snippet:-1, max-image-preview:large, max-video-preview:-1\" \/>\n<link rel=\"canonical\" href=\"https:\/\/conversys.global\/pt_pt\/dicas-de-seguranca\/\" \/>\n<meta property=\"og:locale\" content=\"pt_PT\" \/>\n<meta property=\"og:type\" content=\"article\" \/>\n<meta property=\"og:title\" content=\"Dicas de seguran\u00e7a - Conversys\" \/>\n<meta property=\"og:url\" content=\"https:\/\/conversys.global\/pt_pt\/dicas-de-seguranca\/\" \/>\n<meta property=\"og:site_name\" content=\"Conversys\" \/>\n<meta property=\"article:modified_time\" content=\"2025-05-07T19:40:42+00:00\" \/>\n<meta name=\"twitter:card\" content=\"summary_large_image\" \/>\n<meta name=\"twitter:label1\" content=\"Tempo estimado de leitura\" \/>\n\t<meta name=\"twitter:data1\" content=\"5 minutos\" \/>\n<script type=\"application\/ld+json\" class=\"yoast-schema-graph\">{\"@context\":\"https:\/\/schema.org\",\"@graph\":[{\"@type\":\"WebPage\",\"@id\":\"https:\/\/conversys.global\/pt_pt\/dicas-de-seguranca\/\",\"url\":\"https:\/\/conversys.global\/pt_pt\/dicas-de-seguranca\/\",\"name\":\"Dicas de seguran\u00e7a - Conversys\",\"isPartOf\":{\"@id\":\"https:\/\/conversys.global\/pt_pt\/#website\"},\"datePublished\":\"2025-05-01T14:54:30+00:00\",\"dateModified\":\"2025-05-07T19:40:42+00:00\",\"breadcrumb\":{\"@id\":\"https:\/\/conversys.global\/pt_pt\/dicas-de-seguranca\/#breadcrumb\"},\"inLanguage\":\"pt-PT\",\"potentialAction\":[{\"@type\":\"ReadAction\",\"target\":[\"https:\/\/conversys.global\/pt_pt\/dicas-de-seguranca\/\"]}]},{\"@type\":\"BreadcrumbList\",\"@id\":\"https:\/\/conversys.global\/pt_pt\/dicas-de-seguranca\/#breadcrumb\",\"itemListElement\":[{\"@type\":\"ListItem\",\"position\":1,\"name\":\"Home\",\"item\":\"https:\/\/conversys.global\/\"},{\"@type\":\"ListItem\",\"position\":2,\"name\":\"Dicas de seguran\u00e7a\"}]},{\"@type\":\"WebSite\",\"@id\":\"https:\/\/conversys.global\/pt_pt\/#website\",\"url\":\"https:\/\/conversys.global\/pt_pt\/\",\"name\":\"Conversys\",\"description\":\"IT Solutions\",\"publisher\":{\"@id\":\"https:\/\/conversys.global\/pt_pt\/#organization\"},\"potentialAction\":[{\"@type\":\"SearchAction\",\"target\":{\"@type\":\"EntryPoint\",\"urlTemplate\":\"https:\/\/conversys.global\/pt_pt\/?s={search_term_string}\"},\"query-input\":{\"@type\":\"PropertyValueSpecification\",\"valueRequired\":true,\"valueName\":\"search_term_string\"}}],\"inLanguage\":\"pt-PT\"},{\"@type\":\"Organization\",\"@id\":\"https:\/\/conversys.global\/pt_pt\/#organization\",\"name\":\"Conversys\",\"url\":\"https:\/\/conversys.global\/pt_pt\/\",\"logo\":{\"@type\":\"ImageObject\",\"inLanguage\":\"pt-PT\",\"@id\":\"https:\/\/conversys.global\/pt_pt\/#\/schema\/logo\/image\/\",\"url\":\"https:\/\/conversys.global\/wp-content\/uploads\/2024\/03\/conversys.svg\",\"contentUrl\":\"https:\/\/conversys.global\/wp-content\/uploads\/2024\/03\/conversys.svg\",\"width\":219,\"height\":40,\"caption\":\"Conversys\"},\"image\":{\"@id\":\"https:\/\/conversys.global\/pt_pt\/#\/schema\/logo\/image\/\"}}]}<\/script>\n<!-- \/ Yoast SEO plugin. -->","yoast_head_json":{"title":"Dicas de seguran\u00e7a - Conversys","robots":{"index":"index","follow":"follow","max-snippet":"max-snippet:-1","max-image-preview":"max-image-preview:large","max-video-preview":"max-video-preview:-1"},"canonical":"https:\/\/conversys.global\/pt_pt\/dicas-de-seguranca\/","og_locale":"pt_PT","og_type":"article","og_title":"Dicas de seguran\u00e7a - Conversys","og_url":"https:\/\/conversys.global\/pt_pt\/dicas-de-seguranca\/","og_site_name":"Conversys","article_modified_time":"2025-05-07T19:40:42+00:00","twitter_card":"summary_large_image","twitter_misc":{"Tempo estimado de leitura":"5 minutos"},"schema":{"@context":"https:\/\/schema.org","@graph":[{"@type":"WebPage","@id":"https:\/\/conversys.global\/pt_pt\/dicas-de-seguranca\/","url":"https:\/\/conversys.global\/pt_pt\/dicas-de-seguranca\/","name":"Dicas de seguran\u00e7a - Conversys","isPartOf":{"@id":"https:\/\/conversys.global\/pt_pt\/#website"},"datePublished":"2025-05-01T14:54:30+00:00","dateModified":"2025-05-07T19:40:42+00:00","breadcrumb":{"@id":"https:\/\/conversys.global\/pt_pt\/dicas-de-seguranca\/#breadcrumb"},"inLanguage":"pt-PT","potentialAction":[{"@type":"ReadAction","target":["https:\/\/conversys.global\/pt_pt\/dicas-de-seguranca\/"]}]},{"@type":"BreadcrumbList","@id":"https:\/\/conversys.global\/pt_pt\/dicas-de-seguranca\/#breadcrumb","itemListElement":[{"@type":"ListItem","position":1,"name":"Home","item":"https:\/\/conversys.global\/"},{"@type":"ListItem","position":2,"name":"Dicas de seguran\u00e7a"}]},{"@type":"WebSite","@id":"https:\/\/conversys.global\/pt_pt\/#website","url":"https:\/\/conversys.global\/pt_pt\/","name":"Conversys","description":"IT Solutions","publisher":{"@id":"https:\/\/conversys.global\/pt_pt\/#organization"},"potentialAction":[{"@type":"SearchAction","target":{"@type":"EntryPoint","urlTemplate":"https:\/\/conversys.global\/pt_pt\/?s={search_term_string}"},"query-input":{"@type":"PropertyValueSpecification","valueRequired":true,"valueName":"search_term_string"}}],"inLanguage":"pt-PT"},{"@type":"Organization","@id":"https:\/\/conversys.global\/pt_pt\/#organization","name":"Conversys","url":"https:\/\/conversys.global\/pt_pt\/","logo":{"@type":"ImageObject","inLanguage":"pt-PT","@id":"https:\/\/conversys.global\/pt_pt\/#\/schema\/logo\/image\/","url":"https:\/\/conversys.global\/wp-content\/uploads\/2024\/03\/conversys.svg","contentUrl":"https:\/\/conversys.global\/wp-content\/uploads\/2024\/03\/conversys.svg","width":219,"height":40,"caption":"Conversys"},"image":{"@id":"https:\/\/conversys.global\/pt_pt\/#\/schema\/logo\/image\/"}}]}},"_links":{"self":[{"href":"https:\/\/conversys.global\/pt_pt\/wp-json\/wp\/v2\/pages\/34475"}],"collection":[{"href":"https:\/\/conversys.global\/pt_pt\/wp-json\/wp\/v2\/pages"}],"about":[{"href":"https:\/\/conversys.global\/pt_pt\/wp-json\/wp\/v2\/types\/page"}],"author":[{"embeddable":true,"href":"https:\/\/conversys.global\/pt_pt\/wp-json\/wp\/v2\/users\/5"}],"replies":[{"embeddable":true,"href":"https:\/\/conversys.global\/pt_pt\/wp-json\/wp\/v2\/comments?post=34475"}],"version-history":[{"count":18,"href":"https:\/\/conversys.global\/pt_pt\/wp-json\/wp\/v2\/pages\/34475\/revisions"}],"predecessor-version":[{"id":34536,"href":"https:\/\/conversys.global\/pt_pt\/wp-json\/wp\/v2\/pages\/34475\/revisions\/34536"}],"wp:attachment":[{"href":"https:\/\/conversys.global\/pt_pt\/wp-json\/wp\/v2\/media?parent=34475"}],"curies":[{"name":"wp","href":"https:\/\/api.w.org\/{rel}","templated":true}]}}