{"id":484,"date":"2024-07-26T17:59:57","date_gmt":"2024-07-26T20:59:57","guid":{"rendered":"https:\/\/conversys.global\/?page_id=484"},"modified":"2024-09-12T12:58:44","modified_gmt":"2024-09-12T15:58:44","slug":"servicos","status":"publish","type":"page","link":"https:\/\/conversys.global\/pt_pt\/servicos\/","title":{"rendered":"Servi\u00e7os"},"content":{"rendered":"<div class=\"wpb-content-wrapper\"><section id=\"servicotop\" class=\"vc_section\"><div class=\"vc_row wpb_row vc_row-fluid vc_row-o-content-middle vc_row-flex\"><div class=\"wpb_column vc_column_container vc_col-sm-6\"><div class=\"vc_column-inner\"><div class=\"wpb_wrapper\">\n\t<div  class=\"wpb_single_image wpb_content_element vc_align_center wpb_content_element\">\n\t\t\n\t\t<figure class=\"wpb_wrapper vc_figure\">\n\t\t\t<div class=\"vc_single_image-wrapper   vc_box_border_grey\"><img decoding=\"async\" width=\"945\" height=\"450\" src=\"https:\/\/conversys.global\/wp-content\/uploads\/2024\/07\/servicos.jpg\" class=\"vc_single_image-img attachment-full\" alt=\"\" title=\"servicos\" srcset=\"https:\/\/conversys.global\/wp-content\/uploads\/2024\/07\/servicos.jpg 945w, https:\/\/conversys.global\/wp-content\/uploads\/2024\/07\/servicos-300x143.jpg 300w, https:\/\/conversys.global\/wp-content\/uploads\/2024\/07\/servicos-768x366.jpg 768w\" sizes=\"(max-width: 945px) 100vw, 945px\" \/><\/div>\n\t\t<\/figure>\n\t<\/div>\n<\/div><\/div><\/div><div class=\"wpb_column vc_column_container vc_col-sm-6\"><div class=\"vc_column-inner\"><div class=\"wpb_wrapper\">\n\t<div class=\"wpb_text_column wpb_content_element\" >\n\t\t<div class=\"wpb_wrapper\">\n\t\t\t<h4 class=\"blue\">Jornada de Transforma\u00e7\u00e3o Digital<\/h4>\n<h2>Servi\u00e7os sob medida para a opera\u00e7\u00e3o dos nossos clientes<\/h2>\n<p>Al\u00e9m de solu\u00e7\u00f5es em modelo XaaS (Everything as a Service), tamb\u00e9m oferecemos servi\u00e7os profissionais especializados para apoiar nossos clientes na digitaliza\u00e7\u00e3o dos seus neg\u00f3cios. Nossa abordagem abrange desde a implementa\u00e7\u00e3o de tecnologias avan\u00e7adas at\u00e9 a otimiza\u00e7\u00e3o cont\u00ednua de processos, garantindo que sua estrutura esteja sempre atualizada e operando com efici\u00eancia. <\/p>\n\n\t\t<\/div>\n\t<\/div>\n<\/div><\/div><\/div><\/div><\/section><section id=\"nocdestaque\" class=\"vc_section vc_custom_1722027975725 vc_section-has-fill\"><div class=\"vc_row wpb_row vc_row-fluid\"><div class=\"wpb_column vc_column_container vc_col-sm-9\"><div class=\"vc_column-inner\"><div class=\"wpb_wrapper\">\n\t<div class=\"wpb_text_column wpb_content_element\" >\n\t\t<div class=\"wpb_wrapper\">\n\t\t\t<h2 style=\"text-align: center;\">Conversys Service Center \u2013 NOC<\/h2>\n<p style=\"text-align: center;\">O Conversys Service Center \u00e9 o cora\u00e7\u00e3o do nosso monitoramento e gest\u00e3o de servi\u00e7os para nossos clientes. Integrando as estruturas de NOC (Network Operation Center) e SOC (Security Operation Center), garantimos cobertura em todo o territ\u00f3rio nacional, com opera\u00e7\u00e3o ininterrupta 24\u00d77.<\/p>\n\n\t\t<\/div>\n\t<\/div>\n<\/div><\/div><\/div><\/div><div id=\"icons\" class=\"vc_row wpb_row vc_row-fluid\"><div class=\"wpb_column vc_column_container vc_col-sm-6\"><div class=\"vc_column-inner\"><div class=\"wpb_wrapper\">\n\t<div  class=\"wpb_single_image wpb_content_element vc_align_left wpb_content_element\">\n\t\t\n\t\t<figure class=\"wpb_wrapper vc_figure\">\n\t\t\t<div class=\"vc_single_image-wrapper   vc_box_border_grey\"><img decoding=\"async\" width=\"60\" height=\"60\" src=\"https:\/\/conversys.global\/wp-content\/uploads\/2024\/03\/ico18.svg\" class=\"vc_single_image-img attachment-full\" alt=\"\" title=\"ico18\" \/><\/div>\n\t\t<\/figure>\n\t<\/div>\n\n\t<div class=\"wpb_text_column wpb_content_element\" >\n\t\t<div class=\"wpb_wrapper\">\n\t\t\t<h3>NOC (Network Operation Center):<\/h3>\n<ul class=\"check\">\n<li><strong>Monitoramento de Rede:<\/strong> supervis\u00e3o cont\u00ednua da infraestrutura de rede para garantir desempenho e disponibilidade.<\/li>\n<li><strong>Detec\u00e7\u00e3o e Resolu\u00e7\u00e3o de Problemas:<\/strong> identifica\u00e7\u00e3o proativa e resolu\u00e7\u00e3o r\u00e1pida de falhas na rede.<\/li>\n<li><strong>Otimiza\u00e7\u00e3o de Desempenho:<\/strong> ajustes e melhorias constantes para manter a efici\u00eancia operacional.<\/li>\n<\/ul>\n\n\t\t<\/div>\n\t<\/div>\n<\/div><\/div><\/div><div class=\"wpb_column vc_column_container vc_col-sm-6\"><div class=\"vc_column-inner\"><div class=\"wpb_wrapper\">\n\t<div  class=\"wpb_single_image wpb_content_element vc_align_left wpb_content_element\">\n\t\t\n\t\t<figure class=\"wpb_wrapper vc_figure\">\n\t\t\t<div class=\"vc_single_image-wrapper   vc_box_border_grey\"><img decoding=\"async\" width=\"60\" height=\"60\" src=\"https:\/\/conversys.global\/wp-content\/uploads\/2024\/03\/ico16.svg\" class=\"vc_single_image-img attachment-full\" alt=\"\" title=\"ico16\" \/><\/div>\n\t\t<\/figure>\n\t<\/div>\n\n\t<div class=\"wpb_text_column wpb_content_element\" >\n\t\t<div class=\"wpb_wrapper\">\n\t\t\t<h3>SOC (Security Operation Center):<\/h3>\n<ul class=\"check\">\n<li><strong>Monitoramento de Rede e Seguran\u00e7a Cibern\u00e9tica<\/strong>: Prote\u00e7\u00e3o avan\u00e7ada contra amea\u00e7as digitais com monitoramento e resposta a incidentes.<\/li>\n<li><strong>An\u00e1lise de Vulnerabilidades:<\/strong> avalia\u00e7\u00e3o cont\u00ednua de riscos e implementa\u00e7\u00e3o de medidas preventivas.<\/li>\n<li><strong>Conformidade e Relat\u00f3rios:<\/strong> garantia de conformidade com regulamenta\u00e7\u00f5es e gera\u00e7\u00e3o de relat\u00f3rios detalhados de seguran\u00e7a.<\/li>\n<\/ul>\n\n\t\t<\/div>\n\t<\/div>\n<\/div><\/div><\/div><\/div><div class=\"vc_row wpb_row vc_row-fluid\"><div class=\"wpb_column vc_column_container vc_col-sm-6\"><div class=\"vc_column-inner\"><div class=\"wpb_wrapper\">\n\t<div  class=\"wpb_single_image wpb_content_element vc_align_center wpb_content_element\">\n\t\t\n\t\t<figure class=\"wpb_wrapper vc_figure\">\n\t\t\t<div class=\"vc_single_image-wrapper   vc_box_border_grey\"><img decoding=\"async\" width=\"945\" height=\"600\" src=\"https:\/\/conversys.global\/wp-content\/uploads\/2024\/07\/beneficios.jpg\" class=\"vc_single_image-img attachment-full\" alt=\"\" title=\"beneficios\" srcset=\"https:\/\/conversys.global\/wp-content\/uploads\/2024\/07\/beneficios.jpg 945w, https:\/\/conversys.global\/wp-content\/uploads\/2024\/07\/beneficios-300x190.jpg 300w, https:\/\/conversys.global\/wp-content\/uploads\/2024\/07\/beneficios-768x488.jpg 768w\" sizes=\"(max-width: 945px) 100vw, 945px\" \/><\/div>\n\t\t<\/figure>\n\t<\/div>\n<\/div><\/div><\/div><div class=\"wpb_column vc_column_container vc_col-sm-6\"><div class=\"vc_column-inner\"><div class=\"wpb_wrapper\">\n\t<div class=\"wpb_text_column wpb_content_element\" >\n\t\t<div class=\"wpb_wrapper\">\n\t\t\t<h2>Benef\u00edcios do Conversys Service Center:<\/h2>\n<ul class=\"check\">\n<li><strong>Cobertura Nacional:<\/strong> servi\u00e7os dispon\u00edveis em todo o Brasil, assegurando suporte onde quer que sua empresa esteja.<\/li>\n<li><strong>Opera\u00e7\u00e3o 24\u00d77:<\/strong> monitoramento e gest\u00e3o cont\u00ednuos para garantir a disponibilidade e seguran\u00e7a dos servi\u00e7os.<\/li>\n<li><strong>Equipe Especializada:<\/strong> profissionais qualificados e dedicados a proporcionar a melhor experi\u00eancia de suporte e gest\u00e3o.<\/li>\n<\/ul>\n\n\t\t<\/div>\n\t<\/div>\n<div class=\"bt justify-content-start\">\n        <a class=\"color-pink outline-false  size-normal\" href=\"https:\/\/conversys.global\/pt_pt\/servico\/csc-noc\/\" target=\"_self\" title=\"Saiba Mais\">Saiba Mais<\/a>\n    <\/div><\/div><\/div><\/div><\/div><\/section><section id=\"list-ajax\" class=\"vc_section\"><div class=\"vc_row wpb_row vc_row-fluid\"><div class=\"wpb_column vc_column_container vc_col-sm-12\"><div class=\"vc_column-inner\"><div class=\"wpb_wrapper\">\n\t<div class=\"wpb_text_column wpb_content_element\" >\n\t\t<div class=\"wpb_wrapper\">\n\t\t\t<h2 style=\"text-align: center;\">Conhe\u00e7a todos os nossos servi\u00e7os<\/h2>\n\n\t\t<\/div>\n\t<\/div>\n<div id=\"ajax-load-more\" class=\"ajax-load-more-wrap default\"  data-alm-id=\"\" data-canonical-url=\"https:\/\/conversys.global\/pt_pt\/servicos\/\" data-slug=\"servicos\" data-post-id=\"484\"  data-localized=\"ajax_load_more_vars\" data-alm-object=\"ajax_load_more\"><div aria-live=\"polite\" aria-atomic=\"true\" class=\"alm-listing alm-ajax\" data-container-type=\"div\" data-loading-style=\"default\" data-archive=\"true\" data-repeater=\"default\" data-post-type=\"servico\" data-order=\"DESC\" data-orderby=\"date\" data-offset=\"0\" data-posts-per-page=\"12\" data-scroll=\"false\" data-button-label=\"Carregar mais\" data-button-done-label=\"Todos os posts foram carregados.\" data-prev-button-label=\"Load Previous\"><\/div><div class=\"alm-btn-wrap\" data-rel=\"ajax-load-more\"><button class=\"alm-load-more-btn\" type=\"button\">Carregar mais<\/button><\/div><div class=\"alm-no-results\" style=\"display: none;\"><\/p>\n<h4>Desculpe,<\/h4>\n<h2>Ainda n\u00e3o temos nenhum conte\u00fado cadastrado aqui!<\/h2>\n<p><\/div><\/div><\/div><\/div><\/div><\/div><\/section>\n<\/div>","protected":false},"excerpt":{"rendered":"Jornada de Transforma\u00e7\u00e3o Digital Servi\u00e7os sob medida para a opera\u00e7\u00e3o dos nossos clientes Al\u00e9m de solu\u00e7\u00f5es em modelo XaaS (Everything as a [...]","protected":false},"author":5,"featured_media":0,"parent":0,"menu_order":0,"comment_status":"closed","ping_status":"closed","template":"","meta":{"_acf_changed":false,"inline_featured_image":false,"footnotes":""},"class_list":["post-484","page","type-page","status-publish","hentry"],"acf":[],"yoast_head":"<!-- This site is optimized with the Yoast SEO plugin v25.6 - https:\/\/yoast.com\/wordpress\/plugins\/seo\/ -->\n<title>Servi\u00e7os - Conversys<\/title>\n<meta name=\"robots\" content=\"index, follow, max-snippet:-1, max-image-preview:large, max-video-preview:-1\" \/>\n<link rel=\"canonical\" href=\"https:\/\/conversys.global\/pt_pt\/servicos\/\" \/>\n<meta property=\"og:locale\" content=\"pt_PT\" \/>\n<meta property=\"og:type\" content=\"article\" \/>\n<meta property=\"og:title\" content=\"Servi\u00e7os - Conversys\" \/>\n<meta property=\"og:url\" content=\"https:\/\/conversys.global\/pt_pt\/servicos\/\" \/>\n<meta property=\"og:site_name\" content=\"Conversys\" \/>\n<meta property=\"article:modified_time\" content=\"2024-09-12T15:58:44+00:00\" \/>\n<meta name=\"twitter:card\" content=\"summary_large_image\" \/>\n<meta name=\"twitter:label1\" content=\"Tempo estimado de leitura\" \/>\n\t<meta name=\"twitter:data1\" content=\"3 minutos\" \/>\n<script type=\"application\/ld+json\" class=\"yoast-schema-graph\">{\"@context\":\"https:\/\/schema.org\",\"@graph\":[{\"@type\":\"WebPage\",\"@id\":\"https:\/\/conversys.global\/pt_pt\/servicos\/\",\"url\":\"https:\/\/conversys.global\/pt_pt\/servicos\/\",\"name\":\"Servi\u00e7os - Conversys\",\"isPartOf\":{\"@id\":\"https:\/\/conversys.global\/pt_pt\/#website\"},\"datePublished\":\"2024-07-26T20:59:57+00:00\",\"dateModified\":\"2024-09-12T15:58:44+00:00\",\"breadcrumb\":{\"@id\":\"https:\/\/conversys.global\/pt_pt\/servicos\/#breadcrumb\"},\"inLanguage\":\"pt-PT\",\"potentialAction\":[{\"@type\":\"ReadAction\",\"target\":[\"https:\/\/conversys.global\/pt_pt\/servicos\/\"]}]},{\"@type\":\"BreadcrumbList\",\"@id\":\"https:\/\/conversys.global\/pt_pt\/servicos\/#breadcrumb\",\"itemListElement\":[{\"@type\":\"ListItem\",\"position\":1,\"name\":\"Home\",\"item\":\"https:\/\/conversys.global\/\"},{\"@type\":\"ListItem\",\"position\":2,\"name\":\"Servi\u00e7os\"}]},{\"@type\":\"WebSite\",\"@id\":\"https:\/\/conversys.global\/pt_pt\/#website\",\"url\":\"https:\/\/conversys.global\/pt_pt\/\",\"name\":\"Conversys\",\"description\":\"IT Solutions\",\"publisher\":{\"@id\":\"https:\/\/conversys.global\/pt_pt\/#organization\"},\"potentialAction\":[{\"@type\":\"SearchAction\",\"target\":{\"@type\":\"EntryPoint\",\"urlTemplate\":\"https:\/\/conversys.global\/pt_pt\/?s={search_term_string}\"},\"query-input\":{\"@type\":\"PropertyValueSpecification\",\"valueRequired\":true,\"valueName\":\"search_term_string\"}}],\"inLanguage\":\"pt-PT\"},{\"@type\":\"Organization\",\"@id\":\"https:\/\/conversys.global\/pt_pt\/#organization\",\"name\":\"Conversys\",\"url\":\"https:\/\/conversys.global\/pt_pt\/\",\"logo\":{\"@type\":\"ImageObject\",\"inLanguage\":\"pt-PT\",\"@id\":\"https:\/\/conversys.global\/pt_pt\/#\/schema\/logo\/image\/\",\"url\":\"https:\/\/conversys.global\/wp-content\/uploads\/2024\/03\/conversys.svg\",\"contentUrl\":\"https:\/\/conversys.global\/wp-content\/uploads\/2024\/03\/conversys.svg\",\"width\":219,\"height\":40,\"caption\":\"Conversys\"},\"image\":{\"@id\":\"https:\/\/conversys.global\/pt_pt\/#\/schema\/logo\/image\/\"}}]}<\/script>\n<!-- \/ Yoast SEO plugin. -->","yoast_head_json":{"title":"Servi\u00e7os - Conversys","robots":{"index":"index","follow":"follow","max-snippet":"max-snippet:-1","max-image-preview":"max-image-preview:large","max-video-preview":"max-video-preview:-1"},"canonical":"https:\/\/conversys.global\/pt_pt\/servicos\/","og_locale":"pt_PT","og_type":"article","og_title":"Servi\u00e7os - Conversys","og_url":"https:\/\/conversys.global\/pt_pt\/servicos\/","og_site_name":"Conversys","article_modified_time":"2024-09-12T15:58:44+00:00","twitter_card":"summary_large_image","twitter_misc":{"Tempo estimado de leitura":"3 minutos"},"schema":{"@context":"https:\/\/schema.org","@graph":[{"@type":"WebPage","@id":"https:\/\/conversys.global\/pt_pt\/servicos\/","url":"https:\/\/conversys.global\/pt_pt\/servicos\/","name":"Servi\u00e7os - Conversys","isPartOf":{"@id":"https:\/\/conversys.global\/pt_pt\/#website"},"datePublished":"2024-07-26T20:59:57+00:00","dateModified":"2024-09-12T15:58:44+00:00","breadcrumb":{"@id":"https:\/\/conversys.global\/pt_pt\/servicos\/#breadcrumb"},"inLanguage":"pt-PT","potentialAction":[{"@type":"ReadAction","target":["https:\/\/conversys.global\/pt_pt\/servicos\/"]}]},{"@type":"BreadcrumbList","@id":"https:\/\/conversys.global\/pt_pt\/servicos\/#breadcrumb","itemListElement":[{"@type":"ListItem","position":1,"name":"Home","item":"https:\/\/conversys.global\/"},{"@type":"ListItem","position":2,"name":"Servi\u00e7os"}]},{"@type":"WebSite","@id":"https:\/\/conversys.global\/pt_pt\/#website","url":"https:\/\/conversys.global\/pt_pt\/","name":"Conversys","description":"IT Solutions","publisher":{"@id":"https:\/\/conversys.global\/pt_pt\/#organization"},"potentialAction":[{"@type":"SearchAction","target":{"@type":"EntryPoint","urlTemplate":"https:\/\/conversys.global\/pt_pt\/?s={search_term_string}"},"query-input":{"@type":"PropertyValueSpecification","valueRequired":true,"valueName":"search_term_string"}}],"inLanguage":"pt-PT"},{"@type":"Organization","@id":"https:\/\/conversys.global\/pt_pt\/#organization","name":"Conversys","url":"https:\/\/conversys.global\/pt_pt\/","logo":{"@type":"ImageObject","inLanguage":"pt-PT","@id":"https:\/\/conversys.global\/pt_pt\/#\/schema\/logo\/image\/","url":"https:\/\/conversys.global\/wp-content\/uploads\/2024\/03\/conversys.svg","contentUrl":"https:\/\/conversys.global\/wp-content\/uploads\/2024\/03\/conversys.svg","width":219,"height":40,"caption":"Conversys"},"image":{"@id":"https:\/\/conversys.global\/pt_pt\/#\/schema\/logo\/image\/"}}]}},"_links":{"self":[{"href":"https:\/\/conversys.global\/pt_pt\/wp-json\/wp\/v2\/pages\/484"}],"collection":[{"href":"https:\/\/conversys.global\/pt_pt\/wp-json\/wp\/v2\/pages"}],"about":[{"href":"https:\/\/conversys.global\/pt_pt\/wp-json\/wp\/v2\/types\/page"}],"author":[{"embeddable":true,"href":"https:\/\/conversys.global\/pt_pt\/wp-json\/wp\/v2\/users\/5"}],"replies":[{"embeddable":true,"href":"https:\/\/conversys.global\/pt_pt\/wp-json\/wp\/v2\/comments?post=484"}],"version-history":[{"count":18,"href":"https:\/\/conversys.global\/pt_pt\/wp-json\/wp\/v2\/pages\/484\/revisions"}],"predecessor-version":[{"id":913,"href":"https:\/\/conversys.global\/pt_pt\/wp-json\/wp\/v2\/pages\/484\/revisions\/913"}],"wp:attachment":[{"href":"https:\/\/conversys.global\/pt_pt\/wp-json\/wp\/v2\/media?parent=484"}],"curies":[{"name":"wp","href":"https:\/\/api.w.org\/{rel}","templated":true}]}}