{"id":616,"date":"2024-08-05T18:54:40","date_gmt":"2024-08-05T21:54:40","guid":{"rendered":"https:\/\/conversys.global\/?page_id=616"},"modified":"2024-09-19T19:49:07","modified_gmt":"2024-09-19T22:49:07","slug":"the-blue-huddle","status":"publish","type":"page","link":"https:\/\/conversys.global\/pt_pt\/the-blue-huddle\/","title":{"rendered":"The Blue Huddle"},"content":{"rendered":"<div class=\"wpb-content-wrapper\"><section id=\"bluehuddletop\" class=\"vc_section vc_custom_1722895099288 vc_section-has-fill\"><div class=\"vc_row wpb_row vc_row-fluid\"><div class=\"wpb_column vc_column_container vc_col-sm-8\"><div class=\"vc_column-inner\"><div class=\"wpb_wrapper\">\n\t<div  class=\"wpb_single_image wpb_content_element vc_align_center wpb_content_element\">\n\t\t\n\t\t<figure class=\"wpb_wrapper vc_figure\">\n\t\t\t<div class=\"vc_single_image-wrapper   vc_box_border_grey\"><img decoding=\"async\" width=\"352\" height=\"80\" src=\"https:\/\/conversys.global\/wp-content\/uploads\/2024\/07\/thebluehuddle1.svg\" class=\"vc_single_image-img attachment-full\" alt=\"\" title=\"thebluehuddle1\" \/><\/div>\n\t\t<\/figure>\n\t<\/div>\n\n\t<div class=\"wpb_text_column wpb_content_element\" >\n\t\t<div class=\"wpb_wrapper\">\n\t\t\t<h2 style=\"text-align: center;\">Uma linha projetada pela Conversys<\/h2>\n<h2 style=\"text-align: center;\">de arquiteturas pr\u00e9-definidas de tecnologia<\/h2>\n<p style=\"text-align: center;\">Com <strong>solu\u00e7\u00f5es e servi\u00e7os integrados,<\/strong> cada oferta da\u00a0The Blue Huddle possui <strong>planos integr\u00e1veis<\/strong> \u00e0 diferentes estruturas e necessidades dos clientes. A linha permite que empresas maximizem seu potencial tecnol\u00f3gico com <strong>flexibilidade, efici\u00eancia e seguran\u00e7a.<\/strong><\/p>\n<p style=\"text-align: center;\">Enquanto <strong>Huddle<\/strong>, a tecnologia desejada se torna um <strong>produto<\/strong> que impulsiona seu neg\u00f3cio a crescer, garantindo integra\u00e7\u00e3o perfeita e a capacidade de adicionar novos servi\u00e7os <strong>sob demanda<\/strong>, sem interrup\u00e7\u00f5es significativas nas opera\u00e7\u00f5es. Com uma gama de servi\u00e7os avan\u00e7ados, cobrimos todas as \u00e1reas cr\u00edticas de TI, desde seguran\u00e7a e conformidade at\u00e9 gest\u00e3o de redes e suporte t\u00e9cnico.<\/p>\n<p style=\"text-align: center;\"><strong>Conhe\u00e7a os produtos, escolha seu plano, contrate e implemente com agilidade e r\u00e1pida entrega.<\/strong><\/p>\n\n\t\t<\/div>\n\t<\/div>\n<\/div><\/div><\/div><\/div><\/section><section id=\"lista-bluehuddle\" class=\"vc_section vc_custom_1722899378397 vc_section-has-fill\"><div class=\"vc_row wpb_row vc_row-fluid\"><div class=\"wpb_column vc_column_container vc_col-sm-12\"><div class=\"vc_column-inner\"><div class=\"wpb_wrapper\"><div class=\"row bluehuddle_list\">\n        <div class=\"col-12 col-ttl\">\n            <h2><img decoding=\"async\" src=\"https:\/\/conversys.global\/wp-content\/uploads\/2024\/08\/networking.svg\" title=\"huddleNETWORKING\" width=\"50\" height=\"50\">  huddleNETWORKING<\/h2>\n        <\/div><div class=\"col-12 col-md-6 col-lg-6\"><a class=\"single-post-area\" href=\"https:\/\/conversys.global\/pt_pt\/blue-huddle\/huddlenoc\/\" title=\"huddleNOC\">\n            <div class=\"txt\">\n                <img decoding=\"async\" src=\"https:\/\/conversys.global\/wp-content\/uploads\/2024\/08\/huddle-noc.svg\" width=\"auto\" height=\"40\" title=\"huddleNOC\">\n                <p>Descubra como o huddleNOC da Conversys proporciona monitoramento cont\u00ednuo e gest\u00e3o proativa de redes, garantindo m\u00e1xima efici\u00eancia e seguran\u00e7a.<\/p>\n            <\/div>\n            <div class=\"bt\">\n                <span class=\"color-dark-blue\">\n                Saiba Mais\n                <\/span>\n            <\/div>\n        <\/a><\/div><div class=\"col-12 col-md-6 col-lg-6\"><a class=\"single-post-area\" href=\"https:\/\/conversys.global\/pt_pt\/blue-huddle\/huddlewan\/\" title=\"huddleWAN\">\n            <div class=\"txt\">\n                <img decoding=\"async\" src=\"https:\/\/conversys.global\/wp-content\/uploads\/2024\/08\/huddle-wan.svg\" width=\"auto\" height=\"40\" title=\"huddleWAN\">\n                <p>Descubra como o huddleWAN da Conversys est\u00e1 transformando a gest\u00e3o de redes de longa dist\u00e2ncia com solu\u00e7\u00f5es eficientes, escal\u00e1veis e seguras.<\/p>\n            <\/div>\n            <div class=\"bt\">\n                <span class=\"color-dark-blue\">\n                Saiba Mais\n                <\/span>\n            <\/div>\n        <\/a><\/div><\/div><div class=\"row bluehuddle_list\">\n        <div class=\"col-12 col-ttl\">\n            <h2><img decoding=\"async\" src=\"https:\/\/conversys.global\/wp-content\/uploads\/2024\/08\/security.svg\" title=\"huddleSECURITY\" width=\"50\" height=\"50\">  huddleSECURITY<\/h2>\n        <\/div><div class=\"col-12 col-md-6 col-lg-6\"><a class=\"single-post-area\" href=\"https:\/\/conversys.global\/pt_pt\/blue-huddle\/huddledr\/\" title=\"huddleEDR\">\n            <div class=\"txt\">\n                <img decoding=\"async\" src=\"https:\/\/conversys.global\/wp-content\/uploads\/2024\/12\/EDR.svg\" width=\"auto\" height=\"40\" title=\"huddleEDR\">\n                <p>Proteja sua empresa contra amea\u00e7as cibern\u00e9ticas com o huddleEDR da Conversys, oferecendo monitoramento cont\u00ednuo, detec\u00e7\u00e3o avan\u00e7ada e resposta r\u00e1pida.<\/p>\n            <\/div>\n            <div class=\"bt\">\n                <span class=\"color-dark-blue\">\n                Saiba Mais\n                <\/span>\n            <\/div>\n        <\/a><\/div><div class=\"col-12 col-md-6 col-lg-6\"><a class=\"single-post-area\" href=\"https:\/\/conversys.global\/pt_pt\/blue-huddle\/huddleemail\/\" title=\"huddleE-MAIL\">\n            <div class=\"txt\">\n                <img decoding=\"async\" src=\"https:\/\/conversys.global\/wp-content\/uploads\/2024\/08\/huddle-email.svg\" width=\"auto\" height=\"40\" title=\"huddleE-MAIL\">\n                <p>Proteja suas comunica\u00e7\u00f5es empresariais com o huddleEMAIL da Conversys, uma solu\u00e7\u00e3o robusta contra amea\u00e7as cibern\u00e9ticas como phishing, malware e spam.<\/p>\n            <\/div>\n            <div class=\"bt\">\n                <span class=\"color-dark-blue\">\n                Saiba Mais\n                <\/span>\n            <\/div>\n        <\/a><\/div><div class=\"col-12 col-md-6 col-lg-6\"><a class=\"single-post-area\" href=\"https:\/\/conversys.global\/pt_pt\/blue-huddle\/huddlenac\/\" title=\"huddleNAC\">\n            <div class=\"txt\">\n                <img decoding=\"async\" src=\"https:\/\/conversys.global\/wp-content\/uploads\/2024\/08\/huddle-nac.svg\" width=\"auto\" height=\"40\" title=\"huddleNAC\">\n                <p>Descubra como o huddleNAC da Conversys pode fortalecer a seguran\u00e7a de sua rede, garantindo acesso apenas a dispositivos autorizados e conformes com as pol\u00edticas da organiza\u00e7\u00e3o.<\/p>\n            <\/div>\n            <div class=\"bt\">\n                <span class=\"color-dark-blue\">\n                Saiba Mais\n                <\/span>\n            <\/div>\n        <\/a><\/div><div class=\"col-12 col-md-6 col-lg-6\"><a class=\"single-post-area\" href=\"https:\/\/conversys.global\/pt_pt\/blue-huddle\/huddlevulnerability\/\" title=\"huddleVULNERABILITY\">\n            <div class=\"txt\">\n                <img decoding=\"async\" src=\"https:\/\/conversys.global\/wp-content\/uploads\/2024\/08\/huddle-vulnerability.svg\" width=\"auto\" height=\"40\" title=\"huddleVULNERABILITY\">\n                <p>Proteja sua empresa com o huddleVULNERABILITY da Conversys, uma solu\u00e7\u00e3o abrangente para identificar e corrigir vulnerabilidades de seguran\u00e7a em sistemas de TI.<\/p>\n            <\/div>\n            <div class=\"bt\">\n                <span class=\"color-dark-blue\">\n                Saiba Mais\n                <\/span>\n            <\/div>\n        <\/a><\/div><div class=\"col-12 col-md-6 col-lg-6\"><a class=\"single-post-area\" href=\"https:\/\/conversys.global\/pt_pt\/blue-huddle\/huddlephishing\/\" title=\"huddlePHISHING\">\n            <div class=\"txt\">\n                <img decoding=\"async\" src=\"https:\/\/conversys.global\/wp-content\/uploads\/2024\/08\/huddle-phishing.svg\" width=\"auto\" height=\"40\" title=\"huddlePHISHING\">\n                <p>O phishing \u00e9 uma forma de ataque cibern\u00e9tico onde indiv\u00edduos ou grupos maliciosos tentam enganar pessoas para obter informa\u00e7\u00f5es confidenciais. <\/p>\n            <\/div>\n            <div class=\"bt\">\n                <span class=\"color-dark-blue\">\n                Saiba Mais\n                <\/span>\n            <\/div>\n        <\/a><\/div><\/div><\/div><\/div><\/div><\/div><\/section>\n<\/div>","protected":false},"excerpt":{"rendered":"Vis\u00e3o Geral Fortalecendo a Resili\u00eancia Digital com Intelig\u00eancia O phishing \u00e9 uma forma de ataque cibern\u00e9tico onde indiv\u00edduos ou grupos maliciosos tentam [...]","protected":false},"author":5,"featured_media":0,"parent":0,"menu_order":0,"comment_status":"closed","ping_status":"closed","template":"","meta":{"_acf_changed":false,"inline_featured_image":false,"footnotes":""},"class_list":["post-616","page","type-page","status-publish","hentry"],"acf":[],"yoast_head":"<!-- This site is optimized with the Yoast SEO plugin v25.6 - https:\/\/yoast.com\/wordpress\/plugins\/seo\/ -->\n<title>The Blue Huddle - Conversys<\/title>\n<meta name=\"robots\" content=\"index, follow, max-snippet:-1, max-image-preview:large, max-video-preview:-1\" \/>\n<link rel=\"canonical\" href=\"https:\/\/conversys.global\/pt_pt\/the-blue-huddle\/\" \/>\n<meta property=\"og:locale\" content=\"pt_PT\" \/>\n<meta property=\"og:type\" content=\"article\" \/>\n<meta property=\"og:title\" content=\"The Blue Huddle - Conversys\" \/>\n<meta property=\"og:url\" content=\"https:\/\/conversys.global\/pt_pt\/the-blue-huddle\/\" \/>\n<meta property=\"og:site_name\" content=\"Conversys\" \/>\n<meta property=\"article:modified_time\" content=\"2024-09-19T22:49:07+00:00\" \/>\n<meta name=\"twitter:card\" content=\"summary_large_image\" \/>\n<meta name=\"twitter:label1\" content=\"Tempo estimado de leitura\" \/>\n\t<meta name=\"twitter:data1\" content=\"1 minuto\" \/>\n<script type=\"application\/ld+json\" class=\"yoast-schema-graph\">{\"@context\":\"https:\/\/schema.org\",\"@graph\":[{\"@type\":\"WebPage\",\"@id\":\"https:\/\/conversys.global\/pt_pt\/the-blue-huddle\/\",\"url\":\"https:\/\/conversys.global\/pt_pt\/the-blue-huddle\/\",\"name\":\"The Blue Huddle - Conversys\",\"isPartOf\":{\"@id\":\"https:\/\/conversys.global\/pt_pt\/#website\"},\"datePublished\":\"2024-08-05T21:54:40+00:00\",\"dateModified\":\"2024-09-19T22:49:07+00:00\",\"breadcrumb\":{\"@id\":\"https:\/\/conversys.global\/pt_pt\/the-blue-huddle\/#breadcrumb\"},\"inLanguage\":\"pt-PT\",\"potentialAction\":[{\"@type\":\"ReadAction\",\"target\":[\"https:\/\/conversys.global\/pt_pt\/the-blue-huddle\/\"]}]},{\"@type\":\"BreadcrumbList\",\"@id\":\"https:\/\/conversys.global\/pt_pt\/the-blue-huddle\/#breadcrumb\",\"itemListElement\":[{\"@type\":\"ListItem\",\"position\":1,\"name\":\"Home\",\"item\":\"https:\/\/conversys.global\/\"},{\"@type\":\"ListItem\",\"position\":2,\"name\":\"The Blue Huddle\"}]},{\"@type\":\"WebSite\",\"@id\":\"https:\/\/conversys.global\/pt_pt\/#website\",\"url\":\"https:\/\/conversys.global\/pt_pt\/\",\"name\":\"Conversys\",\"description\":\"IT Solutions\",\"publisher\":{\"@id\":\"https:\/\/conversys.global\/pt_pt\/#organization\"},\"potentialAction\":[{\"@type\":\"SearchAction\",\"target\":{\"@type\":\"EntryPoint\",\"urlTemplate\":\"https:\/\/conversys.global\/pt_pt\/?s={search_term_string}\"},\"query-input\":{\"@type\":\"PropertyValueSpecification\",\"valueRequired\":true,\"valueName\":\"search_term_string\"}}],\"inLanguage\":\"pt-PT\"},{\"@type\":\"Organization\",\"@id\":\"https:\/\/conversys.global\/pt_pt\/#organization\",\"name\":\"Conversys\",\"url\":\"https:\/\/conversys.global\/pt_pt\/\",\"logo\":{\"@type\":\"ImageObject\",\"inLanguage\":\"pt-PT\",\"@id\":\"https:\/\/conversys.global\/pt_pt\/#\/schema\/logo\/image\/\",\"url\":\"https:\/\/conversys.global\/wp-content\/uploads\/2024\/03\/conversys.svg\",\"contentUrl\":\"https:\/\/conversys.global\/wp-content\/uploads\/2024\/03\/conversys.svg\",\"width\":219,\"height\":40,\"caption\":\"Conversys\"},\"image\":{\"@id\":\"https:\/\/conversys.global\/pt_pt\/#\/schema\/logo\/image\/\"}}]}<\/script>\n<!-- \/ Yoast SEO plugin. -->","yoast_head_json":{"title":"The Blue Huddle - Conversys","robots":{"index":"index","follow":"follow","max-snippet":"max-snippet:-1","max-image-preview":"max-image-preview:large","max-video-preview":"max-video-preview:-1"},"canonical":"https:\/\/conversys.global\/pt_pt\/the-blue-huddle\/","og_locale":"pt_PT","og_type":"article","og_title":"The Blue Huddle - Conversys","og_url":"https:\/\/conversys.global\/pt_pt\/the-blue-huddle\/","og_site_name":"Conversys","article_modified_time":"2024-09-19T22:49:07+00:00","twitter_card":"summary_large_image","twitter_misc":{"Tempo estimado de leitura":"1 minuto"},"schema":{"@context":"https:\/\/schema.org","@graph":[{"@type":"WebPage","@id":"https:\/\/conversys.global\/pt_pt\/the-blue-huddle\/","url":"https:\/\/conversys.global\/pt_pt\/the-blue-huddle\/","name":"The Blue Huddle - Conversys","isPartOf":{"@id":"https:\/\/conversys.global\/pt_pt\/#website"},"datePublished":"2024-08-05T21:54:40+00:00","dateModified":"2024-09-19T22:49:07+00:00","breadcrumb":{"@id":"https:\/\/conversys.global\/pt_pt\/the-blue-huddle\/#breadcrumb"},"inLanguage":"pt-PT","potentialAction":[{"@type":"ReadAction","target":["https:\/\/conversys.global\/pt_pt\/the-blue-huddle\/"]}]},{"@type":"BreadcrumbList","@id":"https:\/\/conversys.global\/pt_pt\/the-blue-huddle\/#breadcrumb","itemListElement":[{"@type":"ListItem","position":1,"name":"Home","item":"https:\/\/conversys.global\/"},{"@type":"ListItem","position":2,"name":"The Blue Huddle"}]},{"@type":"WebSite","@id":"https:\/\/conversys.global\/pt_pt\/#website","url":"https:\/\/conversys.global\/pt_pt\/","name":"Conversys","description":"IT Solutions","publisher":{"@id":"https:\/\/conversys.global\/pt_pt\/#organization"},"potentialAction":[{"@type":"SearchAction","target":{"@type":"EntryPoint","urlTemplate":"https:\/\/conversys.global\/pt_pt\/?s={search_term_string}"},"query-input":{"@type":"PropertyValueSpecification","valueRequired":true,"valueName":"search_term_string"}}],"inLanguage":"pt-PT"},{"@type":"Organization","@id":"https:\/\/conversys.global\/pt_pt\/#organization","name":"Conversys","url":"https:\/\/conversys.global\/pt_pt\/","logo":{"@type":"ImageObject","inLanguage":"pt-PT","@id":"https:\/\/conversys.global\/pt_pt\/#\/schema\/logo\/image\/","url":"https:\/\/conversys.global\/wp-content\/uploads\/2024\/03\/conversys.svg","contentUrl":"https:\/\/conversys.global\/wp-content\/uploads\/2024\/03\/conversys.svg","width":219,"height":40,"caption":"Conversys"},"image":{"@id":"https:\/\/conversys.global\/pt_pt\/#\/schema\/logo\/image\/"}}]}},"_links":{"self":[{"href":"https:\/\/conversys.global\/pt_pt\/wp-json\/wp\/v2\/pages\/616"}],"collection":[{"href":"https:\/\/conversys.global\/pt_pt\/wp-json\/wp\/v2\/pages"}],"about":[{"href":"https:\/\/conversys.global\/pt_pt\/wp-json\/wp\/v2\/types\/page"}],"author":[{"embeddable":true,"href":"https:\/\/conversys.global\/pt_pt\/wp-json\/wp\/v2\/users\/5"}],"replies":[{"embeddable":true,"href":"https:\/\/conversys.global\/pt_pt\/wp-json\/wp\/v2\/comments?post=616"}],"version-history":[{"count":7,"href":"https:\/\/conversys.global\/pt_pt\/wp-json\/wp\/v2\/pages\/616\/revisions"}],"predecessor-version":[{"id":34288,"href":"https:\/\/conversys.global\/pt_pt\/wp-json\/wp\/v2\/pages\/616\/revisions\/34288"}],"wp:attachment":[{"href":"https:\/\/conversys.global\/pt_pt\/wp-json\/wp\/v2\/media?parent=616"}],"curies":[{"name":"wp","href":"https:\/\/api.w.org\/{rel}","templated":true}]}}